{"id":11310,"date":"2021-09-06T11:38:40","date_gmt":"2021-09-06T14:38:40","guid":{"rendered":"https:\/\/febract.org.br\/portal\/?page_id=11310"},"modified":"2021-09-06T11:44:17","modified_gmt":"2021-09-06T14:44:17","slug":"perguntas-frequentes","status":"publish","type":"page","link":"https:\/\/febract.org.br\/portal\/perguntas-frequentes\/","title":{"rendered":"Perguntas Frequentes"},"content":{"rendered":"<div id=\"fb-root\"><\/div>\n\n<h2 class=\"wp-block-heading\">Perguntas Frequentes<\/h2>\n\n\n\n<p><strong>1 \u2013 O que \u00e9 a FEBRACT? Qual seu papel junto as Comunidades Terap\u00eauticas?<\/strong><\/p>\n\n\n\n<p><strong>Resposta<\/strong>: A Federa\u00e7\u00e3o Brasileira de Comunidades Terap\u00eauticas (FEBRACT) \u00e9 uma organiza\u00e7\u00e3o da sociedade civil, fundada em 16 de outubro de 1990, sendo seu papel fortalecer, organizar, capacitar e assessorar as&nbsp;Comunidades Terap\u00eauticas&nbsp;em todo o territ\u00f3rio Nacional.&nbsp;<\/p>\n\n\n\n<hr class=\"wp-block-separator\"\/>\n\n\n\n<p><strong>2 \u2013 Qual a atua\u00e7\u00e3o da FEBRACT no Programa Recome\u00e7o?<\/strong><\/p>\n\n\n\n<p><strong>Resposta<\/strong>: A Febract atua como celebrante do termo de atua\u00e7\u00e3o em rede. Com o estabelecimento da Lei 13.019\/14, tornou-se poss\u00edvel a atua\u00e7\u00e3o em rede para execu\u00e7\u00e3o de parcerias. Deste modo a FEBRACT como celebrante do termo de atua\u00e7\u00e3o em rede, fica respons\u00e1vel por supervisionar, monitorar, orientar e fiscalizar as OSC executantes, a fim de aprimorar e garantir a qualidade do servi\u00e7o prestado.<\/p>\n\n\n\n<hr class=\"wp-block-separator\"\/>\n\n\n\n<p><strong>3 &#8211; Como posso conseguir uma vaga em uma Comunidade Terap\u00eautica (CT)?<\/strong><\/p>\n\n\n\n<p><strong>Resposta<\/strong>: Toda pessoa que deseje ser acolhida dever\u00e1 ser acompanhada por um servi\u00e7o de Rede de Sa\u00fade (Hospital, Centro de Aten\u00e7\u00e3o Psicossocial, Unidade B\u00e1sica de Sa\u00fade, ou ambulat\u00f3rio especializado). Este acessa ao sistema de vagas a fim de realizar reserva de acordo com sua territorialidade.<\/p>\n\n\n\n<hr class=\"wp-block-separator\"\/>\n\n\n\n<p><strong>4- Como \u00e9 realizado o monitoramento nas Comunidades Terap\u00eauticas (CTs) pela FEBRACT?<\/strong><\/p>\n\n\n\n<p><strong>Resposta<\/strong>: As CTs que recebem recursos p\u00fablicos estaduais t\u00eam suas atividades monitoradas e avaliadas por uma equipe de supervisores para garantir o atendimento adequado e a oferta de servi\u00e7os de qualidade aos acolhidos, de acordo com as normas legais vigentes e com o plano de trabalho que foi aprovado.<\/p>\n\n\n\n<hr class=\"wp-block-separator\"\/>\n\n\n\n<p><strong>5 \u2013 As Comunidades terap\u00eauticas acolhem pessoas com problemas decorrentes de \u00e1lcool e outras drogas que n\u00e3o desejem ser acolhidas?<\/strong><\/p>\n\n\n\n<p><strong>Resposta:<\/strong>&nbsp;N\u00e3o. As comunidades terap\u00eauticas que fazem parte da rede recome\u00e7o, tem seu foco de atua\u00e7\u00e3o para acolher pessoas somente em car\u00e1ter volunt\u00e1rio, ou seja, aqueles indiv\u00edduos que buscam voluntariamente por seu tratamento. Essas Comunidades prezam por seguir o que est\u00e1 preconizado nas legisla\u00e7\u00f5es vigentes, sendo equipamento de acolhimento em regime residencial, transit\u00f3rio e voluntario.<\/p>\n\n\n\n<hr class=\"wp-block-separator\"\/>\n\n\n\n<p><strong>Presta\u00e7\u00e3o de Contas<\/strong><\/p>\n\n\n\n<p><strong>6- Qual o prazo de entrega das documenta\u00e7\u00f5es para a presta\u00e7\u00e3o de contas?<\/strong><\/p>\n\n\n\n<p><strong>Resposta:<\/strong> O Fechamento, contendo todos os documentos solicitados, deve ser enviado no primeiro dia \u00fatil do m\u00eas subsequente ao m\u00eas de refer\u00eancia.<\/p>\n\n\n\n<p>Mesmo n\u00e3o havendo rela\u00e7\u00e3o das di\u00e1rias com o pagamento a ser realizado, as Listas de Presen\u00e7a ser\u00e3o conferidas e confrontadas com a Planilha Matriz, de maneira que os atendimentos realizados sejam devidamente comprovados.<\/p>\n\n\n\n<p>A n\u00e3o apresenta\u00e7\u00e3o da presta\u00e7\u00e3o de contas nos prazos estabelecidos ocasionar\u00e1 den\u00fancia do mesmo, bem como, tomada de Contas Especial, inclus\u00e3o da OSC no Cadastro de D\u00edvida Ativa, impedindo-a de firmar novas parcerias com \u00f3rg\u00e3os p\u00fablicos e a devolu\u00e7\u00e3o de recursos ao Estado.<\/p>\n\n\n\n<hr class=\"wp-block-separator\"\/>\n\n\n\n<p><strong>7- Quais itens entram na presta\u00e7\u00e3o?<\/strong><\/p>\n\n\n\n<p><strong>Resposta: <\/strong>Os itens permitidos poder\u00e3o ser encontrados no Guia T\u00e9cnico, no Anexo I, e no site da BEC (Bolsa Eletr\u00f4nica de Compras), como material de consumo.<\/p>\n\n\n\n<p>Os itens espec\u00edficos de cada gasto dever\u00e3o ser compat\u00edveis com a Categoria e Subcategoria apresentadas na Lista de itens permitidos constante no Anexo 1. Ser\u00e3o glosados os gastos referentes a itens n\u00e3o constantes nesta lista. Os gastos referentes a itens n\u00e3o usuais, assim como os solicitados pelas Assistentes Financeiras, dever\u00e3o ser descritos e justificados detalhadamente, em of\u00edcio espec\u00edfico.<\/p>\n\n\n\n<hr class=\"wp-block-separator\"\/>\n\n\n\n<p><strong>8- Quais os crit\u00e9rios para utiliza\u00e7\u00e3o do recurso obtido atrav\u00e9s do Programa Recome\u00e7o?<\/strong><\/p>\n\n\n\n<p><strong>Resposta:<\/strong> &#8211; Utiliza\u00e7\u00e3o para despesas de custeio do Programa Recome\u00e7o, excluindo a aquisi\u00e7\u00e3o de bens permanentes<\/p>\n\n\n\n<p>&#8211; Abertura de conta banc\u00e1ria exclusiva para este recurso<br>&#8211; Respeitar as rubricas indicadas no plano de trabalho<br>&#8211; Pagamentos realizados por meios eletr\u00f4nicos<\/p>\n\n\n\n<hr class=\"wp-block-separator\"\/>\n\n\n\n<p><strong>9- Que tipo de despesas podem ser custeadas pelo Programa Recome\u00e7o?<\/strong><\/p>\n\n\n\n<p><strong>Resposta: <\/strong>Podem ser realizadas despesas de custeio referente a Recursos Humanos, Provis\u00f5es, Benef\u00edcios, Materiais de Consumo e Servi\u00e7os de Terceiros, contemplados no plano de trabalho da OSC e no Guia T\u00e9cnico do Programa Recome\u00e7o.<\/p>\n\n\n\n<hr class=\"wp-block-separator\"\/>\n\n\n\n<p><strong>10-Como devem ser realizados os pagamentos?<\/strong><\/p>\n\n\n\n<p><strong>Resposta:<\/strong> Os pagamentos podem ser realizados por transa\u00e7\u00e3o eletr\u00f4nica (TED, DOC, PIX, Boletos e Cart\u00e3o de D\u00e9bito) diretamente da conta do conv\u00eanio ou de conta da OSC.&nbsp;<\/p>\n\n\n\n<hr class=\"wp-block-separator\"\/>\n\n\n\n<p><strong>11-A presta\u00e7\u00e3o de contas deve ser realizada por regime de caixa ou de compet\u00eancia?<\/strong><\/p>\n\n\n\n<p><strong>Resposta:<\/strong> A presta\u00e7\u00e3o de contas deve ser realizada em regime de compet\u00eancia, ou seja, contemplando as despesas ocorridas dentro do m\u00eas de refer\u00eancia.&nbsp;<\/p>\n\n\n\n<hr class=\"wp-block-separator\"\/>\n\n\n\n<p><strong>12-O que ocorre se a OSC n\u00e3o utilizar o total de recursos dispon\u00edveis dentro do m\u00eas?<\/strong><\/p>\n\n\n\n<p><strong>Resposta:<\/strong> Se o recurso n\u00e3o for utilizado em sua totalidade, o valor do saldo remanescente ser\u00e1 descontado do repasse do m\u00eas seguinte.<\/p>\n","protected":false},"excerpt":{"rendered":"<p>Perguntas Frequentes 1 \u2013 O que \u00e9 a FEBRACT? Qual seu papel junto as Comunidades Terap\u00eauticas? Resposta: A Federa\u00e7\u00e3o Brasileira de Comunidades Terap\u00eauticas (FEBRACT) \u00e9 uma organiza\u00e7\u00e3o da sociedade civil, fundada em 16 de outubro de 1990, sendo seu papel fortalecer, organizar, capacitar e assessorar as&nbsp;Comunidades Terap\u00eauticas&nbsp;em todo o territ\u00f3rio Nacional.&nbsp; 2 \u2013 Qual a [&hellip;]<\/p>\n","protected":false},"author":8,"featured_media":0,"parent":0,"menu_order":0,"comment_status":"closed","ping_status":"closed","template":"","meta":{"_monsterinsights_skip_tracking":false,"_monsterinsights_sitenote_active":false,"_monsterinsights_sitenote_note":"","_monsterinsights_sitenote_category":0,"footnotes":""},"class_list":["post-11310","page","type-page","status-publish","hentry"],"yoast_head":"<!-- This site is optimized with the Yoast SEO plugin v14.6.1 - https:\/\/yoast.com\/wordpress\/plugins\/seo\/ -->\n<title>Perguntas Frequentes - FEBRACT<\/title>\n<meta name=\"robots\" content=\"index, follow\" \/>\n<meta name=\"googlebot\" content=\"index, follow, max-snippet:-1, max-image-preview:large, max-video-preview:-1\" \/>\n<meta name=\"bingbot\" content=\"index, follow, max-snippet:-1, max-image-preview:large, max-video-preview:-1\" \/>\n<link rel=\"canonical\" href=\"https:\/\/febract.org.br\/portal\/perguntas-frequentes\/\" \/>\n<meta property=\"og:locale\" content=\"pt_BR\" \/>\n<meta property=\"og:type\" content=\"article\" \/>\n<meta property=\"og:title\" content=\"Perguntas Frequentes - FEBRACT\" \/>\n<meta property=\"og:description\" content=\"Perguntas Frequentes 1 \u2013 O que \u00e9 a FEBRACT? Qual seu papel junto as Comunidades Terap\u00eauticas? Resposta: A Federa\u00e7\u00e3o Brasileira de Comunidades Terap\u00eauticas (FEBRACT) \u00e9 uma organiza\u00e7\u00e3o da sociedade civil, fundada em 16 de outubro de 1990, sendo seu papel fortalecer, organizar, capacitar e assessorar as&nbsp;Comunidades Terap\u00eauticas&nbsp;em todo o territ\u00f3rio Nacional.&nbsp; 2 \u2013 Qual a [&hellip;]\" \/>\n<meta property=\"og:url\" content=\"https:\/\/febract.org.br\/portal\/perguntas-frequentes\/\" \/>\n<meta property=\"og:site_name\" content=\"FEBRACT\" \/>\n<meta property=\"article:publisher\" content=\"https:\/\/www.facebook.com\/FEBRACT\/\" \/>\n<meta property=\"article:modified_time\" content=\"2021-09-06T14:44:17+00:00\" \/>\n<meta name=\"twitter:card\" content=\"summary\" \/>\n<script type=\"application\/ld+json\" class=\"yoast-schema-graph\">{\"@context\":\"https:\/\/schema.org\",\"@graph\":[{\"@type\":\"Organization\",\"@id\":\"https:\/\/febract.org.br\/portal\/#organization\",\"name\":\"Febract - Federa\\u00e7\\u00e3o Brasileira de Comunidades Terap\\u00eauticas\",\"url\":\"https:\/\/febract.org.br\/portal\/\",\"sameAs\":[\"https:\/\/www.facebook.com\/FEBRACT\/\"],\"logo\":{\"@type\":\"ImageObject\",\"@id\":\"https:\/\/febract.org.br\/portal\/#logo\",\"inLanguage\":\"pt-BR\",\"url\":\"https:\/\/febract.org.br\/portal\/wp-content\/uploads\/2016\/01\/footer-logo.jpg\",\"width\":150,\"height\":211,\"caption\":\"Febract - Federa\\u00e7\\u00e3o Brasileira de Comunidades Terap\\u00eauticas\"},\"image\":{\"@id\":\"https:\/\/febract.org.br\/portal\/#logo\"}},{\"@type\":\"WebSite\",\"@id\":\"https:\/\/febract.org.br\/portal\/#website\",\"url\":\"https:\/\/febract.org.br\/portal\/\",\"name\":\"FEBRACT\",\"description\":\"Federa\\u00e7\\u00e3o Brasileira  de Comunidades Terap\\u00eauticas. A FEBRACT fundada em 1990, \\u00e9 uma associa\\u00e7\\u00e3o sem fins lucrativos, que tem como Objetivo a realiza\\u00e7\\u00e3o de cursos para quem atua com preven\\u00e7\\u00e3o ao uso de drogas\",\"publisher\":{\"@id\":\"https:\/\/febract.org.br\/portal\/#organization\"},\"potentialAction\":[{\"@type\":\"SearchAction\",\"target\":\"https:\/\/febract.org.br\/portal\/?s={search_term_string}\",\"query-input\":\"required name=search_term_string\"}],\"inLanguage\":\"pt-BR\"},{\"@type\":\"WebPage\",\"@id\":\"https:\/\/febract.org.br\/portal\/perguntas-frequentes\/#webpage\",\"url\":\"https:\/\/febract.org.br\/portal\/perguntas-frequentes\/\",\"name\":\"Perguntas Frequentes - FEBRACT\",\"isPartOf\":{\"@id\":\"https:\/\/febract.org.br\/portal\/#website\"},\"datePublished\":\"2021-09-06T14:38:40+00:00\",\"dateModified\":\"2021-09-06T14:44:17+00:00\",\"inLanguage\":\"pt-BR\",\"potentialAction\":[{\"@type\":\"ReadAction\",\"target\":[\"https:\/\/febract.org.br\/portal\/perguntas-frequentes\/\"]}]}]}<\/script>\n<!-- \/ Yoast SEO plugin. -->","_links":{"self":[{"href":"https:\/\/febract.org.br\/portal\/wp-json\/wp\/v2\/pages\/11310","targetHints":{"allow":["GET"]}}],"collection":[{"href":"https:\/\/febract.org.br\/portal\/wp-json\/wp\/v2\/pages"}],"about":[{"href":"https:\/\/febract.org.br\/portal\/wp-json\/wp\/v2\/types\/page"}],"author":[{"embeddable":true,"href":"https:\/\/febract.org.br\/portal\/wp-json\/wp\/v2\/users\/8"}],"replies":[{"embeddable":true,"href":"https:\/\/febract.org.br\/portal\/wp-json\/wp\/v2\/comments?post=11310"}],"version-history":[{"count":4,"href":"https:\/\/febract.org.br\/portal\/wp-json\/wp\/v2\/pages\/11310\/revisions"}],"predecessor-version":[{"id":11315,"href":"https:\/\/febract.org.br\/portal\/wp-json\/wp\/v2\/pages\/11310\/revisions\/11315"}],"wp:attachment":[{"href":"https:\/\/febract.org.br\/portal\/wp-json\/wp\/v2\/media?parent=11310"}],"curies":[{"name":"wp","href":"https:\/\/api.w.org\/{rel}","templated":true}]}}