{"id":13,"date":"2016-01-15T13:21:51","date_gmt":"2016-01-15T13:21:51","guid":{"rendered":"http:\/\/febract.org.br\/portal\/?page_id=13"},"modified":"2025-09-04T09:15:56","modified_gmt":"2025-09-04T12:15:56","slug":"diretoria","status":"publish","type":"page","link":"https:\/\/febract.org.br\/portal\/diretoria\/","title":{"rendered":"Diretoria"},"content":{"rendered":"<div id=\"fb-root\"><\/div>\n<h3><strong>DIRETORIA EXECUTIVA<\/strong><\/h3>\n<p><strong>Diretoria:<\/strong><\/p>\n<p>Presidente: Roseli Aparecida Consolaro Nabozny<\/p>\n<p>Vice-presidente: Ronaldo Guilherme Vitelli Viana<\/p>\n<p>Segundo Vice-presidente: Luis Roberto Chaim Sdoia<\/p>\n<p>Primeiro Tesoureiro: Geraldo Aparecido Rossi<\/p>\n<p>Segundo Tesoureiro: Edson Eckel<\/p>\n<p>Secret\u00e1ria: Rosangela Scurssel<\/p>\n<hr \/>\n<h3>GEST\u00c3O T\u00c9CNICA E EXECUTIVA<\/h3>\n<p><strong>Diretor Executivo:<\/strong> Lucas Roncati<\/p>\n<hr \/>\n<h3>GER\u00caNCIA T\u00c9CNICAS<\/h3>\n<p><strong>Psic\u00f3logo<\/strong> &#8211; Fernando dos Santos Rodrigues<br \/><strong>Consultor em Transtornos Por Uso de Subst\u00e2ncias <\/strong>&#8211; Evaldo Dutra<br \/><strong>Assistente Social<\/strong> &#8211; Sherydan Luiza de Oliveira<\/p>\n<hr \/>\n<h3>CONSELHO FISCAL<\/h3>\n<p><strong>Presidente do Conselho Fiscal:<\/strong> Marcelo Louren\u00e7o\u00a0<\/p>\n<p><strong>Primeiro Conselheiro:<\/strong> Edson Eckel Giuseppina Maria Fulco<\/p>\n<p><strong>Segundo Conselheiro:<\/strong> Maria C\u00e9lia Rievers<\/p>\n<hr \/>\n<h3><strong>CONSELHO DELIBERATIVO<\/strong><\/h3>\n<ol>\n<li>Adriano Ananias Mois\u00e9s<\/li>\n<li>Carolina Valinhos Manata<\/li>\n<li>Edegar Soares de Matos<\/li>\n<li>Edna Cristina Oliveira Thom\u00e9 de Souza<\/li>\n<li>Edvaldo Cordeiro de Jesus<\/li>\n<li>Felipe Cesar Viana<\/li>\n<li>Inara Francinete Bastos da Silva dos Santos<\/li>\n<li>Jean Carlo de Sousa Mendon\u00e7a<\/li>\n<li>Jess\u00e9 Fernandes<\/li>\n<li>Jo\u00e3o Dimas Mariano de Almeida<\/li>\n<li>L\u00facia Decot Sd\u00f3ia<\/li>\n<li>Maiquel Gorin<\/li>\n<li>Marcio Calbente<\/li>\n<li>Maria Madalena Santos Lima<\/li>\n<li>Marly Aparecida Martins Mattos<\/li>\n<li>Matheus Leite Pra\u00e7a<\/li>\n<li>Milene Marcele Guimar\u00e3es Scalco<\/li>\n<li>Nelcy Lima Colares<\/li>\n<li>Norma Aparecida Silva<\/li>\n<li>Otoni Cesar Coelho de Souza<\/li>\n<li>Paulo Bocca Henriques Mendes de Oliveira<\/li>\n<li>Rosaniria Cutrin Campos<\/li>\n<li>Samir Zayed<\/li>\n<li>Sahra Angela Torri<\/li>\n<li>Sandro Jo\u00e3o Damaceno Cytr\u00e3o<\/li>\n<li>Rosangela Scurssel<\/li>\n<li>Valdiclei Aparecido Zacarias Silveira<\/li>\n<li>Vanessa Souto Mendon\u00e7a Piorsky<\/li>\n<li>Vitor Donizeti Martineli<\/li>\n<li>Luiz Cesar Ferreira de Oliveira<\/li>\n<\/ol>\n<p>Campinas, 27 de agosto de 2025.<\/p>\n<hr \/>\n\n\n<p><\/p>\n","protected":false},"excerpt":{"rendered":"<p>DIRETORIA EXECUTIVA Diretoria: Presidente: Roseli Aparecida Consolaro Nabozny Vice-presidente: Ronaldo Guilherme Vitelli Viana Segundo Vice-presidente: Luis Roberto Chaim Sdoia Primeiro Tesoureiro: Geraldo Aparecido Rossi Segundo Tesoureiro: Edson Eckel Secret\u00e1ria: Rosangela Scurssel GEST\u00c3O T\u00c9CNICA E EXECUTIVA Diretor Executivo: Lucas Roncati GER\u00caNCIA T\u00c9CNICAS Psic\u00f3logo &#8211; Fernando dos Santos RodriguesConsultor em Transtornos Por Uso de Subst\u00e2ncias &#8211; Evaldo [&hellip;]<\/p>\n","protected":false},"author":3,"featured_media":573,"parent":0,"menu_order":0,"comment_status":"closed","ping_status":"closed","template":"","meta":{"_monsterinsights_skip_tracking":false,"_monsterinsights_sitenote_active":false,"_monsterinsights_sitenote_note":"","_monsterinsights_sitenote_category":0,"footnotes":""},"class_list":["post-13","page","type-page","status-publish","has-post-thumbnail","hentry"],"yoast_head":"<!-- This site is optimized with the Yoast SEO plugin v14.6.1 - https:\/\/yoast.com\/wordpress\/plugins\/seo\/ -->\n<title>Diretoria - FEBRACT<\/title>\n<meta name=\"robots\" content=\"index, follow\" \/>\n<meta name=\"googlebot\" content=\"index, follow, max-snippet:-1, max-image-preview:large, max-video-preview:-1\" \/>\n<meta name=\"bingbot\" content=\"index, follow, max-snippet:-1, max-image-preview:large, max-video-preview:-1\" \/>\n<link rel=\"canonical\" href=\"https:\/\/febract.org.br\/portal\/diretoria\/\" \/>\n<meta property=\"og:locale\" content=\"pt_BR\" \/>\n<meta property=\"og:type\" content=\"article\" \/>\n<meta property=\"og:title\" content=\"Diretoria - FEBRACT\" \/>\n<meta property=\"og:description\" content=\"DIRETORIA EXECUTIVA Diretoria: Presidente: Roseli Aparecida Consolaro Nabozny Vice-presidente: Ronaldo Guilherme Vitelli Viana Segundo Vice-presidente: Luis Roberto Chaim Sdoia Primeiro Tesoureiro: Geraldo Aparecido Rossi Segundo Tesoureiro: Edson Eckel Secret\u00e1ria: Rosangela Scurssel GEST\u00c3O T\u00c9CNICA E EXECUTIVA Diretor Executivo: Lucas Roncati GER\u00caNCIA T\u00c9CNICAS Psic\u00f3logo &#8211; Fernando dos Santos RodriguesConsultor em Transtornos Por Uso de Subst\u00e2ncias &#8211; Evaldo [&hellip;]\" \/>\n<meta property=\"og:url\" content=\"https:\/\/febract.org.br\/portal\/diretoria\/\" \/>\n<meta property=\"og:site_name\" content=\"FEBRACT\" \/>\n<meta property=\"article:publisher\" content=\"https:\/\/www.facebook.com\/FEBRACT\/\" \/>\n<meta property=\"article:modified_time\" content=\"2025-09-04T12:15:56+00:00\" \/>\n<meta property=\"og:image\" content=\"https:\/\/febract.org.br\/portal\/wp-content\/uploads\/2016\/01\/diretoria-1.jpg\" \/>\n\t<meta property=\"og:image:width\" content=\"1920\" \/>\n\t<meta property=\"og:image:height\" content=\"250\" \/>\n<meta name=\"twitter:card\" content=\"summary\" \/>\n<script type=\"application\/ld+json\" class=\"yoast-schema-graph\">{\"@context\":\"https:\/\/schema.org\",\"@graph\":[{\"@type\":\"Organization\",\"@id\":\"https:\/\/febract.org.br\/portal\/#organization\",\"name\":\"Febract - Federa\\u00e7\\u00e3o Brasileira de Comunidades Terap\\u00eauticas\",\"url\":\"https:\/\/febract.org.br\/portal\/\",\"sameAs\":[\"https:\/\/www.facebook.com\/FEBRACT\/\"],\"logo\":{\"@type\":\"ImageObject\",\"@id\":\"https:\/\/febract.org.br\/portal\/#logo\",\"inLanguage\":\"pt-BR\",\"url\":\"https:\/\/febract.org.br\/portal\/wp-content\/uploads\/2016\/01\/footer-logo.jpg\",\"width\":150,\"height\":211,\"caption\":\"Febract - Federa\\u00e7\\u00e3o Brasileira de Comunidades Terap\\u00eauticas\"},\"image\":{\"@id\":\"https:\/\/febract.org.br\/portal\/#logo\"}},{\"@type\":\"WebSite\",\"@id\":\"https:\/\/febract.org.br\/portal\/#website\",\"url\":\"https:\/\/febract.org.br\/portal\/\",\"name\":\"FEBRACT\",\"description\":\"Federa\\u00e7\\u00e3o Brasileira  de Comunidades Terap\\u00eauticas. A FEBRACT fundada em 1990, \\u00e9 uma associa\\u00e7\\u00e3o sem fins lucrativos, que tem como Objetivo a realiza\\u00e7\\u00e3o de cursos para quem atua com preven\\u00e7\\u00e3o ao uso de drogas\",\"publisher\":{\"@id\":\"https:\/\/febract.org.br\/portal\/#organization\"},\"potentialAction\":[{\"@type\":\"SearchAction\",\"target\":\"https:\/\/febract.org.br\/portal\/?s={search_term_string}\",\"query-input\":\"required name=search_term_string\"}],\"inLanguage\":\"pt-BR\"},{\"@type\":\"ImageObject\",\"@id\":\"https:\/\/febract.org.br\/portal\/diretoria\/#primaryimage\",\"inLanguage\":\"pt-BR\",\"url\":\"https:\/\/febract.org.br\/portal\/wp-content\/uploads\/2016\/01\/diretoria-1.jpg\",\"width\":1920,\"height\":250},{\"@type\":\"WebPage\",\"@id\":\"https:\/\/febract.org.br\/portal\/diretoria\/#webpage\",\"url\":\"https:\/\/febract.org.br\/portal\/diretoria\/\",\"name\":\"Diretoria - FEBRACT\",\"isPartOf\":{\"@id\":\"https:\/\/febract.org.br\/portal\/#website\"},\"primaryImageOfPage\":{\"@id\":\"https:\/\/febract.org.br\/portal\/diretoria\/#primaryimage\"},\"datePublished\":\"2016-01-15T13:21:51+00:00\",\"dateModified\":\"2025-09-04T12:15:56+00:00\",\"inLanguage\":\"pt-BR\",\"potentialAction\":[{\"@type\":\"ReadAction\",\"target\":[\"https:\/\/febract.org.br\/portal\/diretoria\/\"]}]}]}<\/script>\n<!-- \/ Yoast SEO plugin. -->","_links":{"self":[{"href":"https:\/\/febract.org.br\/portal\/wp-json\/wp\/v2\/pages\/13","targetHints":{"allow":["GET"]}}],"collection":[{"href":"https:\/\/febract.org.br\/portal\/wp-json\/wp\/v2\/pages"}],"about":[{"href":"https:\/\/febract.org.br\/portal\/wp-json\/wp\/v2\/types\/page"}],"author":[{"embeddable":true,"href":"https:\/\/febract.org.br\/portal\/wp-json\/wp\/v2\/users\/3"}],"replies":[{"embeddable":true,"href":"https:\/\/febract.org.br\/portal\/wp-json\/wp\/v2\/comments?post=13"}],"version-history":[{"count":41,"href":"https:\/\/febract.org.br\/portal\/wp-json\/wp\/v2\/pages\/13\/revisions"}],"predecessor-version":[{"id":11790,"href":"https:\/\/febract.org.br\/portal\/wp-json\/wp\/v2\/pages\/13\/revisions\/11790"}],"wp:featuredmedia":[{"embeddable":true,"href":"https:\/\/febract.org.br\/portal\/wp-json\/wp\/v2\/media\/573"}],"wp:attachment":[{"href":"https:\/\/febract.org.br\/portal\/wp-json\/wp\/v2\/media?parent=13"}],"curies":[{"name":"wp","href":"https:\/\/api.w.org\/{rel}","templated":true}]}}