{"id":2377,"date":"2018-05-17T10:33:38","date_gmt":"2018-05-17T13:33:38","guid":{"rendered":"http:\/\/febract.org.br\/portal\/?page_id=2377"},"modified":"2018-06-19T09:33:37","modified_gmt":"2018-06-19T12:33:37","slug":"historia-da-febract","status":"publish","type":"page","link":"https:\/\/febract.org.br\/portal\/historia-da-febract\/","title":{"rendered":"Hist\u00f3ria da FEBRACT"},"content":{"rendered":"<div id=\"fb-root\"><\/div>\n<h1 style=\"text-align: center;\"><strong>HIST\u00d3RIA DA FEBRACT<\/strong><\/h1>\n<p style=\"text-align: center;\"><strong>\u00a0<\/strong>Introdu\u00e7\u00e3o<\/p>\n<p><img loading=\"lazy\" decoding=\"async\" class=\" wp-image-2378 alignleft\" src=\"http:\/\/febract.org.br\/portal\/wp-content\/uploads\/2018\/05\/1_padre.jpg\" alt=\"\" width=\"323\" height=\"312\" \/> A Federa\u00e7\u00e3o Brasileira de Comunidades Terap\u00eauticas (FEBRACT), fundada em 16 de outubro de 1990, pelo <strong>Padre Haroldo Joseph Rahm<\/strong>, pioneiro em Comunidades Terap\u00eauticas no Brasil, e pelo <strong>Prof. Saulo Montserrat<\/strong>, tem como objetivo <strong>fortalecer, organizar, capacitar e assessorar as<\/strong> <strong>Comunidades Terap\u00eauticas<\/strong> em todo o territ\u00f3rio Nacional. Al\u00e9m de atuar em parceria junto ao poder p\u00fablico na elabora\u00e7\u00e3o e execu\u00e7\u00e3o de pol\u00edticas p\u00fablicas no que se refere \u00e0 Depend\u00eancia Qu\u00edmica.<br \/>\nA FEBRACT, portanto, foi criada objetivando contribuir nas a\u00e7\u00f5es referentes \u00e0:<\/p>\n<ul>\n<li><strong>preven\u00e7\u00e3o;<\/strong><\/li>\n<li><strong>tratamento; <\/strong><\/li>\n<li><strong>recupera\u00e7\u00e3o; <\/strong><\/li>\n<li><strong>reinser\u00e7\u00e3o social<\/strong><\/li>\n<li><strong>constru\u00e7\u00e3o de pol\u00edticas p\u00fablicas<\/strong>.<\/li>\n<\/ul>\n<p>&nbsp;<\/p>\n<p>Partindo das normas da <strong>Federa\u00e7\u00e3o Mundial de Comunidades Terap\u00eauticas (WFTC)<\/strong>, a FEBRACT, tendo a dimens\u00e3o da problem\u00e1tica na Am\u00e9rica Latina, contribuiu na funda\u00e7\u00e3o da <strong>Federa\u00e7\u00e3o Latino-Americana de Comunidades Terap\u00eauticas (FLACT)<\/strong> em 1987, sendo tamb\u00e9m a atual representante no Brasil do Programa de Certifica\u00e7\u00e3o de Conselheiros Terap\u00eauticos e m depend\u00eancia qu\u00edmica, realizado em parceria FEBRACT\/FLACT\/CICAD\/OEA.<\/p>\n<p>&nbsp;<\/p>\n<p><img loading=\"lazy\" decoding=\"async\" class=\"alignnone size-full wp-image-2380 aligncenter\" src=\"http:\/\/febract.org.br\/portal\/wp-content\/uploads\/2018\/05\/certificacao.jpg\" alt=\"\" width=\"318\" height=\"205\" srcset=\"https:\/\/febract.org.br\/portal\/wp-content\/uploads\/2018\/05\/certificacao.jpg 318w, https:\/\/febract.org.br\/portal\/wp-content\/uploads\/2018\/05\/certificacao-300x193.jpg 300w\" sizes=\"auto, (max-width: 318px) 100vw, 318px\" \/><\/p>\n<p style=\"text-align: center;\"><strong>Carteira de Certifica\u00e7\u00e3o FEBRACT\/FLACT\/CICAD\/OEA<\/strong><\/p>\n<p>&nbsp;<\/p>\n<p><span style=\"font-weight: 300;\">A FEBRACT contribuiu com o desenvolvimento da legisla\u00e7\u00e3o vigente referente \u00e0s Comunidades Terap\u00eauticas no Brasil, como, por exemplo:<\/span>A FEBRACT criou em 1994 seu pr\u00f3prio <strong>C\u00f3digo de \u00c9tica<\/strong>, sob a orienta\u00e7\u00e3o da WFTC, o qual deve ser cumprido por suas filiadas e \u00e9 constantemente atualizado.<\/p>\n<ul>\n<li><strong>RDC n\u00ba 29\/2011<\/strong>, atual Legisla\u00e7\u00e3o Sanit\u00e1ria para o funcionamento das Comunidades Terap\u00eauticas;<\/li>\n<li><strong>Marco Regulat\u00f3rio das Comunidades Terap\u00eauticas<\/strong> (Resolu\u00e7\u00e3o CONAD 01\/2015, atualmente suspenso);<\/li>\n<li><strong>Portaria 834\/2016<\/strong>, que define a possibilidade das Comunidades Terap\u00eauticas obter o CEBAS-Sa\u00fade;<\/li>\n<li><strong>Portaria 1482\/2016<\/strong>, que incluiu as Comunidades Terap\u00eauticas na Tabela dos Tipos de Estabelecimentos de Sa\u00fade do Cadastro Nacional de Estabelecimentos de Sa\u00fade (CNES), com o Tipo 83, Polo de preven\u00e7\u00e3o de doen\u00e7as e agravos de promo\u00e7\u00e3o da sa\u00fade;<\/li>\n<li>apontou modifica\u00e7\u00f5es na <strong>Portaria 3088<\/strong>, que inclui as Comunidades Terap\u00eauticas no \u00e2mbito do SUS;<\/li>\n<li>constru\u00e7\u00e3o da <strong>PLC 037\/2014<\/strong>, que visa regulamentar em forma de Lei Federal o funcionamento das Comunidades Terap\u00eauticas do Brasil.<\/li>\n<\/ul>\n<h1><\/h1>\n<h1>1. Princ\u00edpios Estatut\u00e1rios<\/h1>\n<p>A FEBRACT tem como principais objetivos, segundo o seu Estatuto:<\/p>\n<h1>1.1 Capacita\u00e7\u00e3o dos profissionais de Comunidades Terap\u00eauticas<\/h1>\n<p>A FEBRACT tem se caracterizado, desde sua funda\u00e7\u00e3o, por ser o principal \u00f3rg\u00e3o promotor de capacita\u00e7\u00f5es de alto n\u00edvel para operadores de Comunidades Terap\u00eauticas no Brasil.<\/p>\n<p>Na atualidade, com a crescente e urgente demanda social relacionada \u00e0 depend\u00eancia qu\u00edmica, a renova\u00e7\u00e3o e atualiza\u00e7\u00e3o dos conte\u00fados te\u00f3ricos, dos materiais de apoio, e das estrat\u00e9gias de avalia\u00e7\u00e3o de resultados, se mostram como um caminho obrigat\u00f3rio para a eleva\u00e7\u00e3o da qualidade do atendimento e, portanto, da sua efic\u00e1cia.<\/p>\n<p>Para isto a FEBRACT realiza capacita\u00e7\u00f5es mensais em sua sede de Campinas, SP, assim como tamb\u00e9m desenvolve a\u00e7\u00f5es de capacita\u00e7\u00e3o em outros Estados.<\/p>\n<hr \/>\n<h1>1.2 Congregar as Comunidades Terap\u00eauticas do Brasil<\/h1>\n<p>O fortalecimento das Comunidades Terap\u00eauticas do Brasil \u00e9 tamb\u00e9m um grande objetivo da FEBRACT, motivo pelo qual tem dedicado grande parte de sua exist\u00eancia \u00e0 congrega\u00e7\u00e3o de Comunidades Terap\u00eauticas pelo Brasil todo.<\/p>\n<p>Para isto desenvolve um <strong>programa de filia\u00e7\u00e3o<\/strong>, atrav\u00e9s do qual contribui tanto com esta congrega\u00e7\u00e3o dos trabalhos disseminados de forma desorganizada pelo territ\u00f3rio nacional, quanto com a qualifica\u00e7\u00e3o e certifica\u00e7\u00e3o dos mesmos, estando atualmente presente em 15 Estados.<\/p>\n<p style=\"text-align: center;\"><img loading=\"lazy\" decoding=\"async\" class=\"alignnone size-full wp-image-2419\" src=\"http:\/\/febract.org.br\/portal\/wp-content\/uploads\/2018\/05\/mapaegrafico.jpg\" alt=\"\" width=\"1123\" height=\"663\" srcset=\"https:\/\/febract.org.br\/portal\/wp-content\/uploads\/2018\/05\/mapaegrafico.jpg 1123w, https:\/\/febract.org.br\/portal\/wp-content\/uploads\/2018\/05\/mapaegrafico-300x177.jpg 300w, https:\/\/febract.org.br\/portal\/wp-content\/uploads\/2018\/05\/mapaegrafico-768x453.jpg 768w, https:\/\/febract.org.br\/portal\/wp-content\/uploads\/2018\/05\/mapaegrafico-1024x605.jpg 1024w\" sizes=\"auto, (max-width: 1123px) 100vw, 1123px\" \/><\/p>\n<hr \/>\n<h1>1.3 Promo\u00e7\u00e3o de encontros, congressos e eventos cient\u00edficos<\/h1>\n<p>Dentro destas a\u00e7\u00f5es de congrega\u00e7\u00e3o, alinhadas tamb\u00e9m com as a\u00e7\u00f5es de capacita\u00e7\u00e3o, a FEBRACT realiza periodicamente <strong>eventos de fortalecimento regional, nacional e internacional<\/strong>, que contribuem com a coes\u00e3o e alinhamento do trabalho das Comunidades Terap\u00eauticas do Brasil.<\/p>\n<p>&nbsp;<\/p>\n<p><img loading=\"lazy\" decoding=\"async\" class=\" wp-image-2384 aligncenter\" src=\"http:\/\/febract.org.br\/portal\/wp-content\/uploads\/2018\/05\/programa.jpg\" alt=\"\" width=\"682\" height=\"1280\" \/><\/p>\n<p style=\"text-align: center;\"><strong>II Confer\u00eancia Nacional de Comunidades Terap\u00eauticas<br \/>\nCampinas, SP &#8211; 2016<\/strong><\/p>\n<p>&nbsp;<\/p>\n<p><img loading=\"lazy\" decoding=\"async\" class=\"size-full wp-image-2379 aligncenter\" src=\"http:\/\/febract.org.br\/portal\/wp-content\/uploads\/2018\/05\/bannerflact.jpg\" alt=\"\" width=\"567\" height=\"231\" srcset=\"https:\/\/febract.org.br\/portal\/wp-content\/uploads\/2018\/05\/bannerflact.jpg 567w, https:\/\/febract.org.br\/portal\/wp-content\/uploads\/2018\/05\/bannerflact-300x122.jpg 300w\" sizes=\"auto, (max-width: 567px) 100vw, 567px\" \/><\/p>\n<p style=\"text-align: center;\"><strong>XVI Confer\u00eancia Latino-Americana de Comunidades Terap\u00eauticas<br \/>\nCampinas, SP &#8211; 2017<\/strong><\/p>\n<hr \/>\n<h1>1.4 Participa\u00e7\u00e3o na constru\u00e7\u00e3o de Pol\u00edticas P\u00fablicas<\/h1>\n<p>Como j\u00e1 foi dito, a FEBRACT tamb\u00e9m possui como miss\u00e3o a participa\u00e7\u00e3o na constru\u00e7\u00e3o das pol\u00edticas p\u00fablicas sobre drogas, a n\u00edvel estadual e federal, considerando que a legitima\u00e7\u00e3o e qualifica\u00e7\u00e3o do servi\u00e7o perpassa inevitavelmente pela regulamenta\u00e7\u00e3o do mesmo.<\/p>\n<p>Um exemplo da constru\u00e7\u00e3o conjunta de pol\u00edticas p\u00fablicas \u00e9 a parceria que a FEBRACT desenvolve, desde 2013, com o Governo do Estado de S\u00e3o Paulo, no monitoramento, suporte t\u00e9cnico e repasse de recursos para um total de 70 servi\u00e7os, que contabilizam 1335 vagas financiadas pelo Programa Estadual de Pol\u00edticas Sobre Drogas, <strong>PROGRAMA RECOME\u00c7O: UMA VIDA SEM DROGAS<\/strong>.<\/p>\n<p>&nbsp;<\/p>\n<p><img loading=\"lazy\" decoding=\"async\" class=\"size-full wp-image-2385 aligncenter\" src=\"http:\/\/febract.org.br\/portal\/wp-content\/uploads\/2018\/05\/recomeco.jpg\" alt=\"\" width=\"438\" height=\"265\" srcset=\"https:\/\/febract.org.br\/portal\/wp-content\/uploads\/2018\/05\/recomeco.jpg 438w, https:\/\/febract.org.br\/portal\/wp-content\/uploads\/2018\/05\/recomeco-300x182.jpg 300w\" sizes=\"auto, (max-width: 438px) 100vw, 438px\" \/><\/p>\n<p><strong>FEBRACT assina Termo de Atua\u00e7\u00e3o em Rede com o Programa Recome\u00e7o, do Governo do Estado de SP<\/strong><\/p>\n<p>Este programa, consolidado atrav\u00e9s de um TERMO DE ATUA\u00c7\u00c3O EM REDE, que \u00e9 in\u00e9dito no pa\u00eds, tem evidenciado o quanto pode ser efetiva a parceria entre o Estado e o terceiro setor, quando este \u00e9 organizado, qualificado e regulamentado.<\/p>\n<hr \/>\n<h1>1.5 Desenvolvimento de pesquisa<\/h1>\n<p>Al\u00e9m das a\u00e7\u00f5es anteriores, e como forma de consolida\u00e7\u00e3o destas a\u00e7\u00f5es, a FEBRACT tem promovido, de forma sistem\u00e1tica, pesquisas cient\u00edficas relacionadas \u00e0s a\u00e7\u00f5es realizadas pelas Comunidades Terap\u00eauticas filiadas, principalmente \u00e0s Comunidades Terap\u00eauticas pertencentes ao Programa Recome\u00e7o no Estado de SP, considerando a viabilidade que contar com uma linha regular de financiamento pode oferecer para projetos de maior complexidade.<img loading=\"lazy\" decoding=\"async\" class=\"size-full wp-image-2383 aligncenter\" src=\"http:\/\/febract.org.br\/portal\/wp-content\/uploads\/2018\/05\/pesquisa.jpg\" alt=\"\" width=\"397\" height=\"218\" srcset=\"https:\/\/febract.org.br\/portal\/wp-content\/uploads\/2018\/05\/pesquisa.jpg 397w, https:\/\/febract.org.br\/portal\/wp-content\/uploads\/2018\/05\/pesquisa-300x165.jpg 300w\" sizes=\"auto, (max-width: 397px) 100vw, 397px\" \/><\/p>\n<table width=\"100%\">\n<tbody>\n<tr>\n<td style=\"text-align: center;\"><strong>Pesquisa de satisfa\u00e7\u00e3o realizada entre os usu\u00e1rios das Comunidades Terap\u00eauticas do Programa Recome\u00e7o, SP<\/strong><\/td>\n<\/tr>\n<\/tbody>\n<\/table>\n<p>Para garantir a qualidade da pesquisa, principalmente no que diz respeito \u00e0 avalia\u00e7\u00e3o de resultados da parceria com o poder p\u00fablico, a FEBRACT desenvolveu um software, o <strong>SISTEMA ONLINE FEBRACT DE GERENCIAMENTO DE VAGAS<\/strong>, que organiza e sistematiza o fluxo das 1335 vagas pertencentes ao Programa Recome\u00e7o.<\/p>\n<p>Este sistema tamb\u00e9m viabiliza o acesso a dados estad\u00edsticos sobre o Programa em tempo real, o que viabiliza e agiliza a avalia\u00e7\u00e3o permanente de resultados<\/p>\n","protected":false},"excerpt":{"rendered":"<p>HIST\u00d3RIA DA FEBRACT \u00a0Introdu\u00e7\u00e3o A Federa\u00e7\u00e3o Brasileira de Comunidades Terap\u00eauticas (FEBRACT), fundada em 16 de outubro de 1990, pelo Padre Haroldo Joseph Rahm, pioneiro em Comunidades Terap\u00eauticas no Brasil, e pelo Prof. Saulo Montserrat, tem como objetivo fortalecer, organizar, capacitar e assessorar as Comunidades Terap\u00eauticas em todo o territ\u00f3rio Nacional. Al\u00e9m de atuar em parceria [&hellip;]<\/p>\n","protected":false},"author":3,"featured_media":0,"parent":0,"menu_order":0,"comment_status":"closed","ping_status":"closed","template":"","meta":{"_monsterinsights_skip_tracking":false,"_monsterinsights_sitenote_active":false,"_monsterinsights_sitenote_note":"","_monsterinsights_sitenote_category":0,"footnotes":""},"class_list":["post-2377","page","type-page","status-publish","hentry"],"yoast_head":"<!-- This site is optimized with the Yoast SEO plugin v14.6.1 - https:\/\/yoast.com\/wordpress\/plugins\/seo\/ -->\n<title>Hist\u00f3ria da FEBRACT - FEBRACT<\/title>\n<meta name=\"robots\" content=\"index, follow\" \/>\n<meta name=\"googlebot\" content=\"index, follow, max-snippet:-1, max-image-preview:large, max-video-preview:-1\" \/>\n<meta name=\"bingbot\" content=\"index, follow, max-snippet:-1, max-image-preview:large, max-video-preview:-1\" \/>\n<link rel=\"canonical\" href=\"https:\/\/febract.org.br\/portal\/historia-da-febract\/\" \/>\n<meta property=\"og:locale\" content=\"pt_BR\" \/>\n<meta property=\"og:type\" content=\"article\" \/>\n<meta property=\"og:title\" content=\"Hist\u00f3ria da FEBRACT - FEBRACT\" \/>\n<meta property=\"og:description\" content=\"HIST\u00d3RIA DA FEBRACT \u00a0Introdu\u00e7\u00e3o A Federa\u00e7\u00e3o Brasileira de Comunidades Terap\u00eauticas (FEBRACT), fundada em 16 de outubro de 1990, pelo Padre Haroldo Joseph Rahm, pioneiro em Comunidades Terap\u00eauticas no Brasil, e pelo Prof. Saulo Montserrat, tem como objetivo fortalecer, organizar, capacitar e assessorar as Comunidades Terap\u00eauticas em todo o territ\u00f3rio Nacional. Al\u00e9m de atuar em parceria [&hellip;]\" \/>\n<meta property=\"og:url\" content=\"https:\/\/febract.org.br\/portal\/historia-da-febract\/\" \/>\n<meta property=\"og:site_name\" content=\"FEBRACT\" \/>\n<meta property=\"article:publisher\" content=\"https:\/\/www.facebook.com\/FEBRACT\/\" \/>\n<meta property=\"article:modified_time\" content=\"2018-06-19T12:33:37+00:00\" \/>\n<meta property=\"og:image\" content=\"http:\/\/febract.org.br\/portal\/wp-content\/uploads\/2018\/05\/1_padre.jpg\" \/>\n<meta name=\"twitter:card\" content=\"summary\" \/>\n<script type=\"application\/ld+json\" class=\"yoast-schema-graph\">{\"@context\":\"https:\/\/schema.org\",\"@graph\":[{\"@type\":\"Organization\",\"@id\":\"https:\/\/febract.org.br\/portal\/#organization\",\"name\":\"Febract - Federa\\u00e7\\u00e3o Brasileira de Comunidades Terap\\u00eauticas\",\"url\":\"https:\/\/febract.org.br\/portal\/\",\"sameAs\":[\"https:\/\/www.facebook.com\/FEBRACT\/\"],\"logo\":{\"@type\":\"ImageObject\",\"@id\":\"https:\/\/febract.org.br\/portal\/#logo\",\"inLanguage\":\"pt-BR\",\"url\":\"https:\/\/febract.org.br\/portal\/wp-content\/uploads\/2016\/01\/footer-logo.jpg\",\"width\":150,\"height\":211,\"caption\":\"Febract - Federa\\u00e7\\u00e3o Brasileira de Comunidades Terap\\u00eauticas\"},\"image\":{\"@id\":\"https:\/\/febract.org.br\/portal\/#logo\"}},{\"@type\":\"WebSite\",\"@id\":\"https:\/\/febract.org.br\/portal\/#website\",\"url\":\"https:\/\/febract.org.br\/portal\/\",\"name\":\"FEBRACT\",\"description\":\"Federa\\u00e7\\u00e3o Brasileira  de Comunidades Terap\\u00eauticas. A FEBRACT fundada em 1990, \\u00e9 uma associa\\u00e7\\u00e3o sem fins lucrativos, que tem como Objetivo a realiza\\u00e7\\u00e3o de cursos para quem atua com preven\\u00e7\\u00e3o ao uso de drogas\",\"publisher\":{\"@id\":\"https:\/\/febract.org.br\/portal\/#organization\"},\"potentialAction\":[{\"@type\":\"SearchAction\",\"target\":\"https:\/\/febract.org.br\/portal\/?s={search_term_string}\",\"query-input\":\"required name=search_term_string\"}],\"inLanguage\":\"pt-BR\"},{\"@type\":\"ImageObject\",\"@id\":\"https:\/\/febract.org.br\/portal\/historia-da-febract\/#primaryimage\",\"inLanguage\":\"pt-BR\",\"url\":\"http:\/\/febract.org.br\/portal\/wp-content\/uploads\/2018\/05\/1_padre.jpg\"},{\"@type\":\"WebPage\",\"@id\":\"https:\/\/febract.org.br\/portal\/historia-da-febract\/#webpage\",\"url\":\"https:\/\/febract.org.br\/portal\/historia-da-febract\/\",\"name\":\"Hist\\u00f3ria da FEBRACT - FEBRACT\",\"isPartOf\":{\"@id\":\"https:\/\/febract.org.br\/portal\/#website\"},\"primaryImageOfPage\":{\"@id\":\"https:\/\/febract.org.br\/portal\/historia-da-febract\/#primaryimage\"},\"datePublished\":\"2018-05-17T13:33:38+00:00\",\"dateModified\":\"2018-06-19T12:33:37+00:00\",\"inLanguage\":\"pt-BR\",\"potentialAction\":[{\"@type\":\"ReadAction\",\"target\":[\"https:\/\/febract.org.br\/portal\/historia-da-febract\/\"]}]}]}<\/script>\n<!-- \/ Yoast SEO plugin. -->","_links":{"self":[{"href":"https:\/\/febract.org.br\/portal\/wp-json\/wp\/v2\/pages\/2377","targetHints":{"allow":["GET"]}}],"collection":[{"href":"https:\/\/febract.org.br\/portal\/wp-json\/wp\/v2\/pages"}],"about":[{"href":"https:\/\/febract.org.br\/portal\/wp-json\/wp\/v2\/types\/page"}],"author":[{"embeddable":true,"href":"https:\/\/febract.org.br\/portal\/wp-json\/wp\/v2\/users\/3"}],"replies":[{"embeddable":true,"href":"https:\/\/febract.org.br\/portal\/wp-json\/wp\/v2\/comments?post=2377"}],"version-history":[{"count":32,"href":"https:\/\/febract.org.br\/portal\/wp-json\/wp\/v2\/pages\/2377\/revisions"}],"predecessor-version":[{"id":2414,"href":"https:\/\/febract.org.br\/portal\/wp-json\/wp\/v2\/pages\/2377\/revisions\/2414"}],"wp:attachment":[{"href":"https:\/\/febract.org.br\/portal\/wp-json\/wp\/v2\/media?parent=2377"}],"curies":[{"name":"wp","href":"https:\/\/api.w.org\/{rel}","templated":true}]}}