{"id":353,"date":"2017-01-24T09:10:08","date_gmt":"2017-01-24T12:10:08","guid":{"rendered":"http:\/\/febract.org.br\/portal\/?page_id=353"},"modified":"2020-05-27T15:51:06","modified_gmt":"2020-05-27T18:51:06","slug":"prestacao-de-contas","status":"publish","type":"page","link":"https:\/\/febract.org.br\/portal\/prestacao-de-contas\/","title":{"rendered":"Transpar\u00eancia"},"content":{"rendered":"<div id=\"fb-root\"><\/div>\n\n<h2 class=\"has-text-align-center wp-block-heading\">Transpar\u00eancia <\/h2>\n\n\n<hr \/>\n<p>Em conformidade com as leis federais 12.527\/2011 e 13.019\/2014, apresenta-se as a\u00e7\u00f5es realizadas com repasses p\u00fablicos e privados.<\/p>\n<p>Veja no submenu <span style=\"color: #0000ff;\"><strong><a style=\"color: #0000ff;\" href=\"https:\/\/febract.org.br\/portal\/transparencia-febract\/\" target=\"_blank\" rel=\"noopener noreferrer\">Transpar\u00eancia FEBRACT<\/a><\/strong><\/span> os documentos referentes \u00e0 OSC e no submenu <strong><span style=\"color: #0000ff;\"><a style=\"color: #0000ff;\" href=\"https:\/\/febract.org.br\/portal\/transparencia-parcerias-governamentais\/\" target=\"_blank\" rel=\"noopener noreferrer\">Transpar\u00eancia Parcerias Governamentais<\/a><\/span><\/strong> os documentos referentes \u00e0s a\u00e7\u00f5es junto ao <strong>Programa Recome\u00e7o: uma vida sem drogas, do Governo do Estado de S\u00e3o Paulo<\/strong>.<\/p>\n<hr \/>\n<p>\u00a0<\/p>","protected":false},"excerpt":{"rendered":"<p>Transpar\u00eancia Em conformidade com as leis federais 12.527\/2011 e 13.019\/2014, apresenta-se as a\u00e7\u00f5es realizadas com repasses p\u00fablicos e privados. Veja no submenu Transpar\u00eancia FEBRACT os documentos referentes \u00e0 OSC e no submenu Transpar\u00eancia Parcerias Governamentais os documentos referentes \u00e0s a\u00e7\u00f5es junto ao Programa Recome\u00e7o: uma vida sem drogas, do Governo do Estado de S\u00e3o Paulo. [&hellip;]<\/p>\n","protected":false},"author":3,"featured_media":0,"parent":0,"menu_order":0,"comment_status":"closed","ping_status":"closed","template":"","meta":{"_monsterinsights_skip_tracking":false,"_monsterinsights_sitenote_active":false,"_monsterinsights_sitenote_note":"","_monsterinsights_sitenote_category":0,"footnotes":""},"class_list":["post-353","page","type-page","status-publish","hentry"],"yoast_head":"<!-- This site is optimized with the Yoast SEO plugin v14.6.1 - https:\/\/yoast.com\/wordpress\/plugins\/seo\/ -->\n<title>Transpar\u00eancia - FEBRACT<\/title>\n<meta name=\"robots\" content=\"index, follow\" \/>\n<meta name=\"googlebot\" content=\"index, follow, max-snippet:-1, max-image-preview:large, max-video-preview:-1\" \/>\n<meta name=\"bingbot\" content=\"index, follow, max-snippet:-1, max-image-preview:large, max-video-preview:-1\" \/>\n<link rel=\"canonical\" href=\"https:\/\/febract.org.br\/portal\/prestacao-de-contas\/\" \/>\n<meta property=\"og:locale\" content=\"pt_BR\" \/>\n<meta property=\"og:type\" content=\"article\" \/>\n<meta property=\"og:title\" content=\"Transpar\u00eancia - FEBRACT\" \/>\n<meta property=\"og:description\" content=\"Transpar\u00eancia Em conformidade com as leis federais 12.527\/2011 e 13.019\/2014, apresenta-se as a\u00e7\u00f5es realizadas com repasses p\u00fablicos e privados. Veja no submenu Transpar\u00eancia FEBRACT os documentos referentes \u00e0 OSC e no submenu Transpar\u00eancia Parcerias Governamentais os documentos referentes \u00e0s a\u00e7\u00f5es junto ao Programa Recome\u00e7o: uma vida sem drogas, do Governo do Estado de S\u00e3o Paulo. [&hellip;]\" \/>\n<meta property=\"og:url\" content=\"https:\/\/febract.org.br\/portal\/prestacao-de-contas\/\" \/>\n<meta property=\"og:site_name\" content=\"FEBRACT\" \/>\n<meta property=\"article:publisher\" content=\"https:\/\/www.facebook.com\/FEBRACT\/\" \/>\n<meta property=\"article:modified_time\" content=\"2020-05-27T18:51:06+00:00\" \/>\n<meta name=\"twitter:card\" content=\"summary\" \/>\n<script type=\"application\/ld+json\" class=\"yoast-schema-graph\">{\"@context\":\"https:\/\/schema.org\",\"@graph\":[{\"@type\":\"Organization\",\"@id\":\"https:\/\/febract.org.br\/portal\/#organization\",\"name\":\"Febract - Federa\\u00e7\\u00e3o Brasileira de Comunidades Terap\\u00eauticas\",\"url\":\"https:\/\/febract.org.br\/portal\/\",\"sameAs\":[\"https:\/\/www.facebook.com\/FEBRACT\/\"],\"logo\":{\"@type\":\"ImageObject\",\"@id\":\"https:\/\/febract.org.br\/portal\/#logo\",\"inLanguage\":\"pt-BR\",\"url\":\"https:\/\/febract.org.br\/portal\/wp-content\/uploads\/2016\/01\/footer-logo.jpg\",\"width\":150,\"height\":211,\"caption\":\"Febract - Federa\\u00e7\\u00e3o Brasileira de Comunidades Terap\\u00eauticas\"},\"image\":{\"@id\":\"https:\/\/febract.org.br\/portal\/#logo\"}},{\"@type\":\"WebSite\",\"@id\":\"https:\/\/febract.org.br\/portal\/#website\",\"url\":\"https:\/\/febract.org.br\/portal\/\",\"name\":\"FEBRACT\",\"description\":\"Federa\\u00e7\\u00e3o Brasileira  de Comunidades Terap\\u00eauticas. A FEBRACT fundada em 1990, \\u00e9 uma associa\\u00e7\\u00e3o sem fins lucrativos, que tem como Objetivo a realiza\\u00e7\\u00e3o de cursos para quem atua com preven\\u00e7\\u00e3o ao uso de drogas\",\"publisher\":{\"@id\":\"https:\/\/febract.org.br\/portal\/#organization\"},\"potentialAction\":[{\"@type\":\"SearchAction\",\"target\":\"https:\/\/febract.org.br\/portal\/?s={search_term_string}\",\"query-input\":\"required name=search_term_string\"}],\"inLanguage\":\"pt-BR\"},{\"@type\":\"WebPage\",\"@id\":\"https:\/\/febract.org.br\/portal\/prestacao-de-contas\/#webpage\",\"url\":\"https:\/\/febract.org.br\/portal\/prestacao-de-contas\/\",\"name\":\"Transpar\\u00eancia - FEBRACT\",\"isPartOf\":{\"@id\":\"https:\/\/febract.org.br\/portal\/#website\"},\"datePublished\":\"2017-01-24T12:10:08+00:00\",\"dateModified\":\"2020-05-27T18:51:06+00:00\",\"inLanguage\":\"pt-BR\",\"potentialAction\":[{\"@type\":\"ReadAction\",\"target\":[\"https:\/\/febract.org.br\/portal\/prestacao-de-contas\/\"]}]}]}<\/script>\n<!-- \/ Yoast SEO plugin. -->","_links":{"self":[{"href":"https:\/\/febract.org.br\/portal\/wp-json\/wp\/v2\/pages\/353","targetHints":{"allow":["GET"]}}],"collection":[{"href":"https:\/\/febract.org.br\/portal\/wp-json\/wp\/v2\/pages"}],"about":[{"href":"https:\/\/febract.org.br\/portal\/wp-json\/wp\/v2\/types\/page"}],"author":[{"embeddable":true,"href":"https:\/\/febract.org.br\/portal\/wp-json\/wp\/v2\/users\/3"}],"replies":[{"embeddable":true,"href":"https:\/\/febract.org.br\/portal\/wp-json\/wp\/v2\/comments?post=353"}],"version-history":[{"count":42,"href":"https:\/\/febract.org.br\/portal\/wp-json\/wp\/v2\/pages\/353\/revisions"}],"predecessor-version":[{"id":10002,"href":"https:\/\/febract.org.br\/portal\/wp-json\/wp\/v2\/pages\/353\/revisions\/10002"}],"wp:attachment":[{"href":"https:\/\/febract.org.br\/portal\/wp-json\/wp\/v2\/media?parent=353"}],"curies":[{"name":"wp","href":"https:\/\/api.w.org\/{rel}","templated":true}]}}