{"id":375,"date":"2017-05-02T16:39:12","date_gmt":"2017-05-02T19:39:12","guid":{"rendered":"http:\/\/febract.org.br\/portal\/?page_id=375"},"modified":"2022-03-21T11:40:48","modified_gmt":"2022-03-21T14:40:48","slug":"programa-de-certificacao","status":"publish","type":"page","link":"https:\/\/febract.org.br\/portal\/programa-de-certificacao\/","title":{"rendered":"Programa de Certifica\u00e7\u00e3o"},"content":{"rendered":"<div id=\"fb-root\"><\/div>\n<p><a href=\"http:\/\/certificacaoflactfebract.org\/\" rel=\"attachment wp-att-393\"><img loading=\"lazy\" decoding=\"async\" width=\"1920\" height=\"690\" class=\"alignnone size-full wp-image-393\" src=\"http:\/\/febract.org.br\/portal\/wp-content\/uploads\/2017\/05\/Banner-Febract.jpg\" alt=\"Banner-Febract\" srcset=\"https:\/\/febract.org.br\/portal\/wp-content\/uploads\/2017\/05\/Banner-Febract.jpg 1920w, https:\/\/febract.org.br\/portal\/wp-content\/uploads\/2017\/05\/Banner-Febract-300x108.jpg 300w, https:\/\/febract.org.br\/portal\/wp-content\/uploads\/2017\/05\/Banner-Febract-768x276.jpg 768w, https:\/\/febract.org.br\/portal\/wp-content\/uploads\/2017\/05\/Banner-Febract-1024x368.jpg 1024w\" sizes=\"auto, (max-width: 1920px) 100vw, 1920px\" \/><\/a><\/p>\n<p>Para mais informa\u00e7\u00f5es e inscri\u00e7\u00f5es acesse: <a href=\"http:\/\/certificacaoflactfebract.org\/\" target=\"_blank\" rel=\"noopener noreferrer\">http:\/\/certificacaoflactfebract.org\/<\/a><\/p>\n<div style=\"text-align: justify;\">\n<p><strong>PREZADOS<\/strong>,<\/p>\n<p>A FEBRACT, na qualidade de filiada da FLACT no Brasil, tem a satisfa\u00e7\u00e3o de trazer at\u00e9 suas filiadas e parceiras o programa de certifica\u00e7\u00e3o FLACT\/OEA\/CICAD.<\/p>\n<p>Como os Srs. poder\u00e3o observar, trata-se de uma iniciativa da FLACT em toda a Am\u00e9rica Latina que visa sistematizar e uniformizar a organiza\u00e7\u00e3o dos recursos humanos das Comunidades Terap\u00eauticas (CTs), conferindo-lhes assim maiores e melhores possibilidades de organiza\u00e7\u00e3o e estrutura\u00e7\u00e3o de seus servi\u00e7os, al\u00e9m de reconhecer e validar formalmente a experi\u00eancia e a capacidade t\u00e9cnica de cada um de seus colaboradores.<\/p>\n<h3 style=\"text-align: center;\"><span style=\"color: #ff0000;\">O SISTEMA DE CERTIFICA\u00c7\u00c3O EST\u00c1 PASSANDO POR MANUETAN\u00c7\u00c3O. <\/span><br \/><span style=\"color: #ff0000;\">O ENVIO DE DOCUMENTOS PARA ANALISE SER\u00c1 ACEITO POR EMAIL! \ud83d\udc47<\/span><br \/><span style=\"color: #ff0000;\">conselheiro.febract@gmail.com<\/span><\/h3>\n<h2><strong>INTRODU\u00c7\u00c3O<\/strong><\/h2>\n<p>O problema da depend\u00eancia qu\u00edmica \u00e9 comum a todos os pa\u00edses latino-americanos. Os governos t\u00eam encontrado dificuldades para lidar com este problema dada a sua end\u00eamica falta de recursos. Como consequ\u00eancia, houve uma prolifera\u00e7\u00e3o de CTs na Am\u00e9rica Latina, o que tem despertado o interesse da sociedade e dos governos acerca de sua atua\u00e7\u00e3o e resultados.<\/p>\n<p>Compreendemos que, cada vez mais \u00e9 necess\u00e1rio que as CTs atendam a normas de qualidade como condi\u00e7\u00e3o para manterem-se atuantes no atual cen\u00e1rio s\u00f3cio\/pol\u00edtico\/cient\u00edfico.<\/p>\n<p>Assim, \u00e9 necess\u00e1rio criar um movimento interno das Institui\u00e7\u00f5es em nosso pa\u00eds, sob lideran\u00e7a da FLACT\/FEBRACT para fortalecer o modelo de CT e desenvolver os nossos pr\u00f3prios padr\u00f5es de qualidade.<\/p>\n<p><a class=\"btn-primary btn\" style=\"text-decoration: none;\" href=\"http:\/\/certificacaoflactfebract.org\/\" target=\"_blank\" rel=\"noopener noreferrer\">Quero me inscrever agora<\/a><\/p>\n<h2><strong>PROGRAMA DE CERTIFICA\u00c7\u00c3O<\/strong><\/h2>\n<p>Nesta perspectiva, e diante do exposto, faz-se necess\u00e1ria a padroniza\u00e7\u00e3o das compet\u00eancias e habilidades dos nossos operadores e profissionais para garantir e assegurar que os programas de tratamento\/acolhimento, independentemente do pa\u00eds, estejam de acordo com os princ\u00edpios e valores do modelo de CT, que sejam oportunos e de qualidade.<\/p>\n<p>Devemos assim, reconhecer e validar os diferentes n\u00edveis de experi\u00eancia, forma\u00e7\u00e3o, responsabilidades, pap\u00e9is e fun\u00e7\u00f5es desempenhadas por cada um de nossos colaboradores na institui\u00e7\u00e3o.<\/p>\n<p>A FLACT come\u00e7ou este processo de valida\u00e7\u00e3o por meio de um Programa de Certifica\u00e7\u00e3o que nos permite melhorar progressivamente os servi\u00e7os das CTs.<\/p>\n<p>O programa de certifica\u00e7\u00e3o t\u00e9cnica que vos ser\u00e1 apresentado tem beneficiado t\u00e9cnicos, terapeutas e operadores que trabalham em CTs por meio da concess\u00e3o de uma valida\u00e7\u00e3o para o trabalho realizado no processo de acolhimento e reinser\u00e7\u00e3o social de pessoas com problemas de abuso de drogas e depend\u00eancia.<\/p>\n<h2><strong>COMO O PROGRAMA DE CERTIFICA\u00c7\u00c3O FUNCIONA?<\/strong><\/h2>\n<p>O Programa de Certifica\u00e7\u00e3o est\u00e1 subdividido em tr\u00eas n\u00edveis de compet\u00eancia t\u00e9cnica, sendo estes:<\/p>\n<ul style=\"list-style: square;\">\n<li>N\u00edvel I: B\u00e1sico<\/li>\n<li>N\u00edvel II: M\u00e9dio<\/li>\n<li>N\u00edvel III: Avan\u00e7ado<\/li>\n<\/ul>\n<p>Cada n\u00edvel tem sido definido a partir das categorias e perfis profissionais e t\u00e9cnicos observados hoje nas CTs. Cada um deles define implicitamente os pap\u00e9is e fun\u00e7\u00f5es a serem desempenhados, assim como o n\u00edvel de autonomia e posi\u00e7\u00e3o hier\u00e1rquica na estrutura institucional.<\/p>\n<p>Esta subdivis\u00e3o visa reconhecer as habilidades e as diferen\u00e7as de experi\u00eancia no trabalho em CT, e cada um tem seus pr\u00f3prios crit\u00e9rios de certifica\u00e7\u00e3o, sendo estes:<\/p>\n<ul>\n<li>Grau de escolaridade;<\/li>\n<li>Tempo de trabalho em CT<\/li>\n<li>Carga hor\u00e1ria em cursos espec\u00edficos sobre CT, depend\u00eancia qu\u00edmica, e temas afins, oferecidos por institui\u00e7\u00f5es reconhecidas.<\/li>\n<\/ul>\n<p>Sendo assim, os crit\u00e9rios por N\u00edvel de Certifica\u00e7\u00e3o s\u00e3o os seguintes:<\/p>\n<p><strong>N\u00edvel I<\/strong><\/p>\n<ul style=\"list-style: square;\">\n<li>Ensino Fundamental completo<\/li>\n<li>Tempo de trabalho em CT = 1 ano<\/li>\n<li>Carga hor\u00e1ria de Matriz Curricular = 120h<\/li>\n<\/ul>\n<p><strong>N\u00edvel II<\/strong><\/p>\n<ul style=\"list-style: square;\">\n<li>Ensino M\u00e9dio Completo<\/li>\n<li>Tempo de trabalho em CT = 3 anos<\/li>\n<li>Carga hor\u00e1ria de Matriz Curricular = 240h<\/li>\n<\/ul>\n<p><strong>N\u00edvel III<\/strong><\/p>\n<ul style=\"list-style: square;\">\n<li>Ensino T\u00e9cnico ou Superior completo<\/li>\n<li>Tempo de trabalho em CT = 5 anos<\/li>\n<li>Carga hor\u00e1ria de Matriz Curricular = 300h<\/li>\n<\/ul>\n<p>Pessoas credenciadas recebem a titula\u00e7\u00e3o de \u201c<strong>CONSELHEIRO EM DEPEND\u00caNCIA QU\u00cdMICA<\/strong>\u201d.<\/p>\n<p><a class=\"btn-primary btn\" style=\"text-decoration: none;\" href=\"http:\/\/certificacaoflactfebract.org\/\" target=\"_blank\" rel=\"noopener noreferrer\">Quero me inscrever agora<\/a><\/p>\n<h2><strong>O SISTEMA ON-LINE DE CERTIFICA\u00c7\u00c3O<\/strong><\/h2>\n<p>Visando facilitar o acesso a este Programa de Certifica\u00e7\u00e3o, a FEBRACT desenvolveu um Sistema online de simples e r\u00e1pida utiliza\u00e7\u00e3o.<\/p>\n<p>Os interessados poder\u00e3o acessar o link certificacaoflactfebract.org e seguir as orienta\u00e7\u00f5es contidas no mesmo para enviar sua documenta\u00e7\u00e3o e participar do processo de Certifica\u00e7\u00e3o.<\/p>\n<p>Este sistema foi desenvolvido para poder ser utilizado tamb\u00e9m por smartphones, portanto os documentos solicitados durante o processo poder\u00e3o ser fotografados e anexados diretamente do aparelho, o que tamb\u00e9m facilita o processo como um todo.<\/p>\n<p>O processo est\u00e1 composto por tr\u00eas etapas:<\/p>\n<ol>\n<li>Realiza\u00e7\u00e3o do cadastro e envio (upload) dos documentos solicitados.<\/li>\n<li>Avalia\u00e7\u00e3o da documenta\u00e7\u00e3o pela Junta Certificadora Nacional.<\/li>\n<li>Ap\u00f3s aprova\u00e7\u00e3o, realiza\u00e7\u00e3o de uma prova de avalia\u00e7\u00e3o de conhecimentos espec\u00edficos (tamb\u00e9m on-line) e pagamento da taxa referente \u00e0 emiss\u00e3o do Certificado pela FLACT.<\/li>\n<\/ol>\n<p>O valor do processo completo de Certifica\u00e7\u00e3o \u00e9 de R$550,00 para N\u00edvel I e R$1.050,00 para N\u00edveis II e III., que ser\u00e1 pago ap\u00f3s a conclus\u00e3o da prova de avalia\u00e7\u00e3o, e poder\u00e1 ser pago por meio de boleto banc\u00e1rio (\u00e0 vista), ou parcelado em at\u00e9 10 vezes no cart\u00e3o de cr\u00e9dito.<\/p>\n<p><a class=\"btn-primary btn\" style=\"text-decoration: none;\" href=\"http:\/\/certificacaoflactfebract.org\/\" target=\"_blank\" rel=\"noopener noreferrer\">Quero me inscrever agora<\/a><\/p>\n<p>Contamos com a sua presen\u00e7a!<\/p>\n<\/div>\n\n\n<p><\/p>\n","protected":false},"excerpt":{"rendered":"<p>Para mais informa\u00e7\u00f5es e inscri\u00e7\u00f5es acesse: http:\/\/certificacaoflactfebract.org\/ PREZADOS, A FEBRACT, na qualidade de filiada da FLACT no Brasil, tem a satisfa\u00e7\u00e3o de trazer at\u00e9 suas filiadas e parceiras o programa de certifica\u00e7\u00e3o FLACT\/OEA\/CICAD. Como os Srs. poder\u00e3o observar, trata-se de uma iniciativa da FLACT em toda a Am\u00e9rica Latina que visa sistematizar e uniformizar a [&hellip;]<\/p>\n","protected":false},"author":3,"featured_media":403,"parent":0,"menu_order":0,"comment_status":"closed","ping_status":"closed","template":"","meta":{"_monsterinsights_skip_tracking":false,"_monsterinsights_sitenote_active":false,"_monsterinsights_sitenote_note":"","_monsterinsights_sitenote_category":0,"footnotes":""},"class_list":["post-375","page","type-page","status-publish","has-post-thumbnail","hentry"],"yoast_head":"<!-- This site is optimized with the Yoast SEO plugin v14.6.1 - https:\/\/yoast.com\/wordpress\/plugins\/seo\/ -->\n<title>Programa de Certifica\u00e7\u00e3o - FEBRACT<\/title>\n<meta name=\"robots\" content=\"index, follow\" \/>\n<meta name=\"googlebot\" content=\"index, follow, max-snippet:-1, max-image-preview:large, max-video-preview:-1\" \/>\n<meta name=\"bingbot\" content=\"index, follow, max-snippet:-1, max-image-preview:large, max-video-preview:-1\" \/>\n<link rel=\"canonical\" href=\"https:\/\/febract.org.br\/portal\/programa-de-certificacao\/\" \/>\n<meta property=\"og:locale\" content=\"pt_BR\" \/>\n<meta property=\"og:type\" content=\"article\" \/>\n<meta property=\"og:title\" content=\"Programa de Certifica\u00e7\u00e3o - FEBRACT\" \/>\n<meta property=\"og:description\" content=\"Para mais informa\u00e7\u00f5es e inscri\u00e7\u00f5es acesse: http:\/\/certificacaoflactfebract.org\/ PREZADOS, A FEBRACT, na qualidade de filiada da FLACT no Brasil, tem a satisfa\u00e7\u00e3o de trazer at\u00e9 suas filiadas e parceiras o programa de certifica\u00e7\u00e3o FLACT\/OEA\/CICAD. Como os Srs. poder\u00e3o observar, trata-se de uma iniciativa da FLACT em toda a Am\u00e9rica Latina que visa sistematizar e uniformizar a [&hellip;]\" \/>\n<meta property=\"og:url\" content=\"https:\/\/febract.org.br\/portal\/programa-de-certificacao\/\" \/>\n<meta property=\"og:site_name\" content=\"FEBRACT\" \/>\n<meta property=\"article:publisher\" content=\"https:\/\/www.facebook.com\/FEBRACT\/\" \/>\n<meta property=\"article:modified_time\" content=\"2022-03-21T14:40:48+00:00\" \/>\n<meta property=\"og:image\" content=\"https:\/\/febract.org.br\/portal\/wp-content\/uploads\/2017\/05\/Banner-Febract-1.jpg\" \/>\n\t<meta property=\"og:image:width\" content=\"1920\" \/>\n\t<meta property=\"og:image:height\" content=\"690\" \/>\n<meta name=\"twitter:card\" content=\"summary\" \/>\n<script type=\"application\/ld+json\" class=\"yoast-schema-graph\">{\"@context\":\"https:\/\/schema.org\",\"@graph\":[{\"@type\":\"Organization\",\"@id\":\"https:\/\/febract.org.br\/portal\/#organization\",\"name\":\"Febract - Federa\\u00e7\\u00e3o Brasileira de Comunidades Terap\\u00eauticas\",\"url\":\"https:\/\/febract.org.br\/portal\/\",\"sameAs\":[\"https:\/\/www.facebook.com\/FEBRACT\/\"],\"logo\":{\"@type\":\"ImageObject\",\"@id\":\"https:\/\/febract.org.br\/portal\/#logo\",\"inLanguage\":\"pt-BR\",\"url\":\"https:\/\/febract.org.br\/portal\/wp-content\/uploads\/2016\/01\/footer-logo.jpg\",\"width\":150,\"height\":211,\"caption\":\"Febract - Federa\\u00e7\\u00e3o Brasileira de Comunidades Terap\\u00eauticas\"},\"image\":{\"@id\":\"https:\/\/febract.org.br\/portal\/#logo\"}},{\"@type\":\"WebSite\",\"@id\":\"https:\/\/febract.org.br\/portal\/#website\",\"url\":\"https:\/\/febract.org.br\/portal\/\",\"name\":\"FEBRACT\",\"description\":\"Federa\\u00e7\\u00e3o Brasileira  de Comunidades Terap\\u00eauticas. A FEBRACT fundada em 1990, \\u00e9 uma associa\\u00e7\\u00e3o sem fins lucrativos, que tem como Objetivo a realiza\\u00e7\\u00e3o de cursos para quem atua com preven\\u00e7\\u00e3o ao uso de drogas\",\"publisher\":{\"@id\":\"https:\/\/febract.org.br\/portal\/#organization\"},\"potentialAction\":[{\"@type\":\"SearchAction\",\"target\":\"https:\/\/febract.org.br\/portal\/?s={search_term_string}\",\"query-input\":\"required name=search_term_string\"}],\"inLanguage\":\"pt-BR\"},{\"@type\":\"ImageObject\",\"@id\":\"https:\/\/febract.org.br\/portal\/programa-de-certificacao\/#primaryimage\",\"inLanguage\":\"pt-BR\",\"url\":\"https:\/\/febract.org.br\/portal\/wp-content\/uploads\/2017\/05\/Banner-Febract-1.jpg\",\"width\":1920,\"height\":690},{\"@type\":\"WebPage\",\"@id\":\"https:\/\/febract.org.br\/portal\/programa-de-certificacao\/#webpage\",\"url\":\"https:\/\/febract.org.br\/portal\/programa-de-certificacao\/\",\"name\":\"Programa de Certifica\\u00e7\\u00e3o - FEBRACT\",\"isPartOf\":{\"@id\":\"https:\/\/febract.org.br\/portal\/#website\"},\"primaryImageOfPage\":{\"@id\":\"https:\/\/febract.org.br\/portal\/programa-de-certificacao\/#primaryimage\"},\"datePublished\":\"2017-05-02T19:39:12+00:00\",\"dateModified\":\"2022-03-21T14:40:48+00:00\",\"inLanguage\":\"pt-BR\",\"potentialAction\":[{\"@type\":\"ReadAction\",\"target\":[\"https:\/\/febract.org.br\/portal\/programa-de-certificacao\/\"]}]}]}<\/script>\n<!-- \/ Yoast SEO plugin. -->","_links":{"self":[{"href":"https:\/\/febract.org.br\/portal\/wp-json\/wp\/v2\/pages\/375","targetHints":{"allow":["GET"]}}],"collection":[{"href":"https:\/\/febract.org.br\/portal\/wp-json\/wp\/v2\/pages"}],"about":[{"href":"https:\/\/febract.org.br\/portal\/wp-json\/wp\/v2\/types\/page"}],"author":[{"embeddable":true,"href":"https:\/\/febract.org.br\/portal\/wp-json\/wp\/v2\/users\/3"}],"replies":[{"embeddable":true,"href":"https:\/\/febract.org.br\/portal\/wp-json\/wp\/v2\/comments?post=375"}],"version-history":[{"count":24,"href":"https:\/\/febract.org.br\/portal\/wp-json\/wp\/v2\/pages\/375\/revisions"}],"predecessor-version":[{"id":11419,"href":"https:\/\/febract.org.br\/portal\/wp-json\/wp\/v2\/pages\/375\/revisions\/11419"}],"wp:featuredmedia":[{"embeddable":true,"href":"https:\/\/febract.org.br\/portal\/wp-json\/wp\/v2\/media\/403"}],"wp:attachment":[{"href":"https:\/\/febract.org.br\/portal\/wp-json\/wp\/v2\/media?parent=375"}],"curies":[{"name":"wp","href":"https:\/\/api.w.org\/{rel}","templated":true}]}}