{"id":4783,"date":"2019-01-17T10:08:00","date_gmt":"2019-01-17T13:08:00","guid":{"rendered":"http:\/\/febract.org.br\/portal\/?page_id=4783"},"modified":"2020-06-11T07:02:03","modified_gmt":"2020-06-11T10:02:03","slug":"links-uteis-2","status":"publish","type":"page","link":"https:\/\/febract.org.br\/portal\/links-uteis-2\/","title":{"rendered":"Links \u00fateis (restrito)"},"content":{"rendered":"<div id=\"fb-root\"><\/div>\n<p>&nbsp;<\/p>\n<p style=\"font-size: 40px !important;\">Links \u00dateis<\/p>\n<hr>\n<p><a style=\"font-weight: bold;\" href=\"https:\/\/www.drugabuse.gov\/publications\/principles-drug-addiction-treatment-research-based-guide-third-edition\/principles-effective-treatment\" target=\"_blank\" rel=\"noopener noreferrer\">DRUGABUSE <\/a><b>&#8211; 13 Princ\u00edpios do NIDA para o tratamento eficaz para a depend\u00eancia qu\u00edmica<\/b><\/p>\n<p><strong><a href=\"http:\/\/inpad.org.br\/lenad\/\" target=\"_blank\" rel=\"noopener noreferrer\">LENAD<\/a>&nbsp;&#8211; Levantamento Nacional &nbsp;de \u00c1lcool e Drogas (INPAD\/UNIFESP)<\/strong><\/p>\n<p><strong><a href=\"http:\/\/inpad.org.br\/_lenad-familia\/\" target=\"_blank\" rel=\"noopener noreferrer\">LENAD FAM\u00cdLIA<\/a>&nbsp;&#8211;&nbsp;Levantamento Nacional de fam\u00edlias de dependentes qu\u00edmicos (INPAD\/UNIFESP)<\/strong><\/p>\n<p><strong><a href=\"http:\/\/learn.genetics.utah.edu\/content\/addiction\/mouse\/\" target=\"_blank\" rel=\"noopener noreferrer\">Mouse Party<\/a>&nbsp;\u2013 Veja os efeitos das diferentes drogas nesta magn\u00edfica anima\u00e7\u00e3o!!<\/strong><\/p>\n<p><a href=\"http:\/\/www.stuartmcmillen.com\/comics_pt\/ratolandia\/\" target=\"_blank\" rel=\"noopener noreferrer\"><strong>Ratol\u00e2ndia<\/strong><\/a>&nbsp;<strong>\u2013&nbsp;Em quadrinhos, o experimento cient\u00edfico que derrubou o mito segundo a qual subst\u00e2ncias psicoativas s\u00e3o por natureza nocivas e viciantes<\/strong><\/p>\n<p><a href=\"http:\/\/www.obid.senad.gov.br\/portais\/OBID\/biblioteca\/documentos\/Relatorios\/328379.pdf\" target=\"_blank\" rel=\"noopener noreferrer\"><strong>Relat\u00f3rio Brasileiro sobre drogas<\/strong><\/a>&nbsp;<strong>\u2013 (SENAD)<\/strong><\/p>\n<p><strong><a href=\"http:\/\/www.uniad.org.br\/desenvolvimento\/images\/stories\/arquivos\/crackassemb.ppt\" target=\"_blank\" rel=\"noopener noreferrer\">A situa\u00e7\u00e3o do crack e outras drogas nos munic\u00edpios paulistas<\/a>&nbsp;\u2013 Assembleia Legislativa<\/strong><\/p>\n<p><a href=\"http:\/\/www.unodc.org\/unodc\/secured\/wdr\/wdr2013\/World_Drug_Report_2013.pdf\" target=\"_blank\" rel=\"noopener noreferrer\"><strong>World Drug Report 2013<\/strong><\/a>&nbsp;<strong>\u2013 Relat\u00f3rio mundial sobre drogas (UNODC \u2013 United Nations Office on Drugs and Crime)<\/strong><\/p>\n<p><strong><a href=\"http:\/\/www.unodc.org\/documents\/lpo-brazil\/\/Topics_drugs\/WDR\/2013\/PT-Referencias_BRA_Portugues.pdf\" target=\"_blank\" rel=\"noopener noreferrer\">World Drug Report 2013<\/a><\/strong>&nbsp;<strong>\u2013 Relat\u00f3rio mundial sobre drogas (UNODC \u2013 United Nations Office on Drugs and Crime) \u2013&nbsp;<em>Refer\u00eancias ao Brasil<\/em><\/strong><\/p>\n","protected":false},"excerpt":{"rendered":"<p>&nbsp; Links \u00dateis DRUGABUSE &#8211; 13 Princ\u00edpios do NIDA para o tratamento eficaz para a depend\u00eancia qu\u00edmica LENAD&nbsp;&#8211; Levantamento Nacional &nbsp;de \u00c1lcool e Drogas (INPAD\/UNIFESP) LENAD FAM\u00cdLIA&nbsp;&#8211;&nbsp;Levantamento Nacional de fam\u00edlias de dependentes qu\u00edmicos (INPAD\/UNIFESP) Mouse Party&nbsp;\u2013 Veja os efeitos das diferentes drogas nesta magn\u00edfica anima\u00e7\u00e3o!! Ratol\u00e2ndia&nbsp;\u2013&nbsp;Em quadrinhos, o experimento cient\u00edfico que derrubou o mito segundo [&hellip;]<\/p>\n","protected":false},"author":3,"featured_media":4784,"parent":0,"menu_order":0,"comment_status":"closed","ping_status":"closed","template":"","meta":{"_monsterinsights_skip_tracking":false,"_monsterinsights_sitenote_active":false,"_monsterinsights_sitenote_note":"","_monsterinsights_sitenote_category":0,"footnotes":""},"class_list":["post-4783","page","type-page","status-publish","has-post-thumbnail","hentry"],"yoast_head":"<!-- This site is optimized with the Yoast SEO plugin v14.6.1 - https:\/\/yoast.com\/wordpress\/plugins\/seo\/ -->\n<title>Links \u00fateis (restrito) - FEBRACT<\/title>\n<meta name=\"robots\" content=\"index, follow\" \/>\n<meta name=\"googlebot\" content=\"index, follow, max-snippet:-1, max-image-preview:large, max-video-preview:-1\" \/>\n<meta name=\"bingbot\" content=\"index, follow, max-snippet:-1, max-image-preview:large, max-video-preview:-1\" \/>\n<link rel=\"canonical\" href=\"https:\/\/febract.org.br\/portal\/links-uteis-2\/\" \/>\n<meta property=\"og:locale\" content=\"pt_BR\" \/>\n<meta property=\"og:type\" content=\"article\" \/>\n<meta property=\"og:title\" content=\"Links \u00fateis (restrito) - FEBRACT\" \/>\n<meta property=\"og:description\" content=\"&nbsp; Links \u00dateis DRUGABUSE &#8211; 13 Princ\u00edpios do NIDA para o tratamento eficaz para a depend\u00eancia qu\u00edmica LENAD&nbsp;&#8211; Levantamento Nacional &nbsp;de \u00c1lcool e Drogas (INPAD\/UNIFESP) LENAD FAM\u00cdLIA&nbsp;&#8211;&nbsp;Levantamento Nacional de fam\u00edlias de dependentes qu\u00edmicos (INPAD\/UNIFESP) Mouse Party&nbsp;\u2013 Veja os efeitos das diferentes drogas nesta magn\u00edfica anima\u00e7\u00e3o!! Ratol\u00e2ndia&nbsp;\u2013&nbsp;Em quadrinhos, o experimento cient\u00edfico que derrubou o mito segundo [&hellip;]\" \/>\n<meta property=\"og:url\" content=\"https:\/\/febract.org.br\/portal\/links-uteis-2\/\" \/>\n<meta property=\"og:site_name\" content=\"FEBRACT\" \/>\n<meta property=\"article:publisher\" content=\"https:\/\/www.facebook.com\/FEBRACT\/\" \/>\n<meta property=\"article:modified_time\" content=\"2020-06-11T10:02:03+00:00\" \/>\n<meta property=\"og:image\" content=\"https:\/\/febract.org.br\/portal\/wp-content\/uploads\/2019\/01\/Banner_links_uteis.png\" \/>\n\t<meta property=\"og:image:width\" content=\"1920\" \/>\n\t<meta property=\"og:image:height\" content=\"250\" \/>\n<meta name=\"twitter:card\" content=\"summary\" \/>\n<script type=\"application\/ld+json\" class=\"yoast-schema-graph\">{\"@context\":\"https:\/\/schema.org\",\"@graph\":[{\"@type\":\"Organization\",\"@id\":\"https:\/\/febract.org.br\/portal\/#organization\",\"name\":\"Febract - Federa\\u00e7\\u00e3o Brasileira de Comunidades Terap\\u00eauticas\",\"url\":\"https:\/\/febract.org.br\/portal\/\",\"sameAs\":[\"https:\/\/www.facebook.com\/FEBRACT\/\"],\"logo\":{\"@type\":\"ImageObject\",\"@id\":\"https:\/\/febract.org.br\/portal\/#logo\",\"inLanguage\":\"pt-BR\",\"url\":\"https:\/\/febract.org.br\/portal\/wp-content\/uploads\/2016\/01\/footer-logo.jpg\",\"width\":150,\"height\":211,\"caption\":\"Febract - Federa\\u00e7\\u00e3o Brasileira de Comunidades Terap\\u00eauticas\"},\"image\":{\"@id\":\"https:\/\/febract.org.br\/portal\/#logo\"}},{\"@type\":\"WebSite\",\"@id\":\"https:\/\/febract.org.br\/portal\/#website\",\"url\":\"https:\/\/febract.org.br\/portal\/\",\"name\":\"FEBRACT\",\"description\":\"Federa\\u00e7\\u00e3o Brasileira  de Comunidades Terap\\u00eauticas. A FEBRACT fundada em 1990, \\u00e9 uma associa\\u00e7\\u00e3o sem fins lucrativos, que tem como Objetivo a realiza\\u00e7\\u00e3o de cursos para quem atua com preven\\u00e7\\u00e3o ao uso de drogas\",\"publisher\":{\"@id\":\"https:\/\/febract.org.br\/portal\/#organization\"},\"potentialAction\":[{\"@type\":\"SearchAction\",\"target\":\"https:\/\/febract.org.br\/portal\/?s={search_term_string}\",\"query-input\":\"required name=search_term_string\"}],\"inLanguage\":\"pt-BR\"},{\"@type\":\"ImageObject\",\"@id\":\"https:\/\/febract.org.br\/portal\/links-uteis-2\/#primaryimage\",\"inLanguage\":\"pt-BR\",\"url\":\"https:\/\/febract.org.br\/portal\/wp-content\/uploads\/2019\/01\/Banner_links_uteis.png\",\"width\":1920,\"height\":250,\"caption\":\"links \\u00fateis\"},{\"@type\":\"WebPage\",\"@id\":\"https:\/\/febract.org.br\/portal\/links-uteis-2\/#webpage\",\"url\":\"https:\/\/febract.org.br\/portal\/links-uteis-2\/\",\"name\":\"Links \\u00fateis (restrito) - FEBRACT\",\"isPartOf\":{\"@id\":\"https:\/\/febract.org.br\/portal\/#website\"},\"primaryImageOfPage\":{\"@id\":\"https:\/\/febract.org.br\/portal\/links-uteis-2\/#primaryimage\"},\"datePublished\":\"2019-01-17T13:08:00+00:00\",\"dateModified\":\"2020-06-11T10:02:03+00:00\",\"inLanguage\":\"pt-BR\",\"potentialAction\":[{\"@type\":\"ReadAction\",\"target\":[\"https:\/\/febract.org.br\/portal\/links-uteis-2\/\"]}]}]}<\/script>\n<!-- \/ Yoast SEO plugin. -->","_links":{"self":[{"href":"https:\/\/febract.org.br\/portal\/wp-json\/wp\/v2\/pages\/4783","targetHints":{"allow":["GET"]}}],"collection":[{"href":"https:\/\/febract.org.br\/portal\/wp-json\/wp\/v2\/pages"}],"about":[{"href":"https:\/\/febract.org.br\/portal\/wp-json\/wp\/v2\/types\/page"}],"author":[{"embeddable":true,"href":"https:\/\/febract.org.br\/portal\/wp-json\/wp\/v2\/users\/3"}],"replies":[{"embeddable":true,"href":"https:\/\/febract.org.br\/portal\/wp-json\/wp\/v2\/comments?post=4783"}],"version-history":[{"count":2,"href":"https:\/\/febract.org.br\/portal\/wp-json\/wp\/v2\/pages\/4783\/revisions"}],"predecessor-version":[{"id":9744,"href":"https:\/\/febract.org.br\/portal\/wp-json\/wp\/v2\/pages\/4783\/revisions\/9744"}],"wp:featuredmedia":[{"embeddable":true,"href":"https:\/\/febract.org.br\/portal\/wp-json\/wp\/v2\/media\/4784"}],"wp:attachment":[{"href":"https:\/\/febract.org.br\/portal\/wp-json\/wp\/v2\/media?parent=4783"}],"curies":[{"name":"wp","href":"https:\/\/api.w.org\/{rel}","templated":true}]}}