{"id":5,"date":"2016-01-15T13:00:58","date_gmt":"2016-01-15T13:00:58","guid":{"rendered":"http:\/\/febract.org.br\/portal\/?page_id=5"},"modified":"2020-04-17T22:55:37","modified_gmt":"2020-04-18T01:55:37","slug":"home","status":"publish","type":"page","link":"https:\/\/febract.org.br\/portal\/","title":{"rendered":"Home"},"content":{"rendered":"<div id=\"fb-root\"><\/div>\n\n<p><strong>Voc\u00ea j\u00e1 conhece a nossa plataforma de cursos on line?<\/strong><\/p>\n\n\n\n<p><strong>Clique abaixo e surpreenda-se!<\/strong><\/p>\n\n\n\n<p><a href=\"http:\/\/ead.febract.org.br\">ead<\/a><a href=\"http:\/\/ead.febract.org.br\" target=\"_blank\" rel=\"noreferrer noopener\" aria-label=\".febract.org.br (abre numa nova aba)\">.febract.org.br<\/a><\/p>\n\n\n\n<figure class=\"wp-block-image\"><img loading=\"lazy\" decoding=\"async\" width=\"567\" height=\"351\" src=\"http:\/\/febract.org.br\/portal\/wp-content\/uploads\/2020\/04\/LOGO-EAD-FEBRACT-2-1.png\" alt=\"\" class=\"wp-image-9397\" srcset=\"https:\/\/febract.org.br\/portal\/wp-content\/uploads\/2020\/04\/LOGO-EAD-FEBRACT-2-1.png 567w, https:\/\/febract.org.br\/portal\/wp-content\/uploads\/2020\/04\/LOGO-EAD-FEBRACT-2-1-300x186.png 300w\" sizes=\"auto, (max-width: 567px) 100vw, 567px\" \/><\/figure>\n","protected":false},"excerpt":{"rendered":"<p>Voc\u00ea j\u00e1 conhece a nossa plataforma de cursos on line? Clique abaixo e surpreenda-se! ead.febract.org.br<\/p>\n","protected":false},"author":3,"featured_media":0,"parent":0,"menu_order":0,"comment_status":"closed","ping_status":"closed","template":"","meta":{"_monsterinsights_skip_tracking":false,"_monsterinsights_sitenote_active":false,"_monsterinsights_sitenote_note":"","_monsterinsights_sitenote_category":0,"footnotes":""},"class_list":["post-5","page","type-page","status-publish","hentry"],"yoast_head":"<!-- This site is optimized with the Yoast SEO plugin v14.6.1 - https:\/\/yoast.com\/wordpress\/plugins\/seo\/ -->\n<title>FEBRACT - Federa\u00e7\u00e3o Brasileira de Comunidades Terap\u00eauticas<\/title>\n<meta name=\"description\" content=\"FEBRACT, Federa\u00e7\u00e3o Brasileira de Comunidades Terap\u00eauticas - Promovendo a capacita\u00e7\u00e3o de profissionais atrav\u00e9s de forma\u00e7\u00e3o, aperfei\u00e7oamento e especializa\u00e7\u00e3o.\" \/>\n<meta name=\"robots\" content=\"index, follow\" \/>\n<meta name=\"googlebot\" content=\"index, follow, max-snippet:-1, max-image-preview:large, max-video-preview:-1\" \/>\n<meta name=\"bingbot\" content=\"index, follow, max-snippet:-1, max-image-preview:large, max-video-preview:-1\" \/>\n<link rel=\"canonical\" href=\"https:\/\/febract.org.br\/portal\/\" \/>\n<meta property=\"og:locale\" content=\"pt_BR\" \/>\n<meta property=\"og:type\" content=\"article\" \/>\n<meta property=\"og:title\" content=\"FEBRACT - Federa\u00e7\u00e3o Brasileira de Comunidades Terap\u00eauticas\" \/>\n<meta property=\"og:description\" content=\"FEBRACT, Federa\u00e7\u00e3o Brasileira de Comunidades Terap\u00eauticas - Promovendo a capacita\u00e7\u00e3o de profissionais atrav\u00e9s de forma\u00e7\u00e3o, aperfei\u00e7oamento e especializa\u00e7\u00e3o.\" \/>\n<meta property=\"og:url\" content=\"https:\/\/febract.org.br\/portal\/\" \/>\n<meta property=\"og:site_name\" content=\"FEBRACT\" \/>\n<meta property=\"article:publisher\" content=\"https:\/\/www.facebook.com\/FEBRACT\/\" \/>\n<meta property=\"article:modified_time\" content=\"2020-04-18T01:55:37+00:00\" \/>\n<meta property=\"og:image\" content=\"http:\/\/febract.org.br\/portal\/wp-content\/uploads\/2020\/04\/LOGO-EAD-FEBRACT-2-1.png\" \/>\n<meta name=\"twitter:card\" content=\"summary\" \/>\n<script type=\"application\/ld+json\" class=\"yoast-schema-graph\">{\"@context\":\"https:\/\/schema.org\",\"@graph\":[{\"@type\":\"Organization\",\"@id\":\"https:\/\/febract.org.br\/portal\/#organization\",\"name\":\"Febract - Federa\\u00e7\\u00e3o Brasileira de Comunidades Terap\\u00eauticas\",\"url\":\"https:\/\/febract.org.br\/portal\/\",\"sameAs\":[\"https:\/\/www.facebook.com\/FEBRACT\/\"],\"logo\":{\"@type\":\"ImageObject\",\"@id\":\"https:\/\/febract.org.br\/portal\/#logo\",\"inLanguage\":\"pt-BR\",\"url\":\"https:\/\/febract.org.br\/portal\/wp-content\/uploads\/2016\/01\/footer-logo.jpg\",\"width\":150,\"height\":211,\"caption\":\"Febract - Federa\\u00e7\\u00e3o Brasileira de Comunidades Terap\\u00eauticas\"},\"image\":{\"@id\":\"https:\/\/febract.org.br\/portal\/#logo\"}},{\"@type\":\"WebSite\",\"@id\":\"https:\/\/febract.org.br\/portal\/#website\",\"url\":\"https:\/\/febract.org.br\/portal\/\",\"name\":\"FEBRACT\",\"description\":\"Federa\\u00e7\\u00e3o Brasileira  de Comunidades Terap\\u00eauticas. A FEBRACT fundada em 1990, \\u00e9 uma associa\\u00e7\\u00e3o sem fins lucrativos, que tem como Objetivo a realiza\\u00e7\\u00e3o de cursos para quem atua com preven\\u00e7\\u00e3o ao uso de drogas\",\"publisher\":{\"@id\":\"https:\/\/febract.org.br\/portal\/#organization\"},\"potentialAction\":[{\"@type\":\"SearchAction\",\"target\":\"https:\/\/febract.org.br\/portal\/?s={search_term_string}\",\"query-input\":\"required name=search_term_string\"}],\"inLanguage\":\"pt-BR\"},{\"@type\":\"ImageObject\",\"@id\":\"https:\/\/febract.org.br\/portal\/#primaryimage\",\"inLanguage\":\"pt-BR\",\"url\":\"http:\/\/febract.org.br\/portal\/wp-content\/uploads\/2020\/04\/LOGO-EAD-FEBRACT-2-1.png\"},{\"@type\":\"WebPage\",\"@id\":\"https:\/\/febract.org.br\/portal\/#webpage\",\"url\":\"https:\/\/febract.org.br\/portal\/\",\"name\":\"FEBRACT - Federa\\u00e7\\u00e3o Brasileira de Comunidades Terap\\u00eauticas\",\"isPartOf\":{\"@id\":\"https:\/\/febract.org.br\/portal\/#website\"},\"primaryImageOfPage\":{\"@id\":\"https:\/\/febract.org.br\/portal\/#primaryimage\"},\"datePublished\":\"2016-01-15T13:00:58+00:00\",\"dateModified\":\"2020-04-18T01:55:37+00:00\",\"description\":\"FEBRACT, Federa\\u00e7\\u00e3o Brasileira de Comunidades Terap\\u00eauticas - Promovendo a capacita\\u00e7\\u00e3o de profissionais atrav\\u00e9s de forma\\u00e7\\u00e3o, aperfei\\u00e7oamento e especializa\\u00e7\\u00e3o.\",\"inLanguage\":\"pt-BR\",\"potentialAction\":[{\"@type\":\"ReadAction\",\"target\":[\"https:\/\/febract.org.br\/portal\/\"]}]}]}<\/script>\n<!-- \/ Yoast SEO plugin. -->","_links":{"self":[{"href":"https:\/\/febract.org.br\/portal\/wp-json\/wp\/v2\/pages\/5","targetHints":{"allow":["GET"]}}],"collection":[{"href":"https:\/\/febract.org.br\/portal\/wp-json\/wp\/v2\/pages"}],"about":[{"href":"https:\/\/febract.org.br\/portal\/wp-json\/wp\/v2\/types\/page"}],"author":[{"embeddable":true,"href":"https:\/\/febract.org.br\/portal\/wp-json\/wp\/v2\/users\/3"}],"replies":[{"embeddable":true,"href":"https:\/\/febract.org.br\/portal\/wp-json\/wp\/v2\/comments?post=5"}],"version-history":[{"count":3,"href":"https:\/\/febract.org.br\/portal\/wp-json\/wp\/v2\/pages\/5\/revisions"}],"predecessor-version":[{"id":9685,"href":"https:\/\/febract.org.br\/portal\/wp-json\/wp\/v2\/pages\/5\/revisions\/9685"}],"wp:attachment":[{"href":"https:\/\/febract.org.br\/portal\/wp-json\/wp\/v2\/media?parent=5"}],"curies":[{"name":"wp","href":"https:\/\/api.w.org\/{rel}","templated":true}]}}