{"id":65,"date":"2016-01-15T18:03:13","date_gmt":"2016-01-15T18:03:13","guid":{"rendered":"http:\/\/febract.org.br\/portal\/?page_id=65"},"modified":"2023-05-25T16:00:07","modified_gmt":"2023-05-25T19:00:07","slug":"contato","status":"publish","type":"page","link":"https:\/\/febract.org.br\/portal\/contato\/","title":{"rendered":"Contato"},"content":{"rendered":"<div id=\"fb-root\"><\/div>\n\n<div class=\"col-md-6\">\n    <p>Veja aqui os canal de comunica\u00e7\u00e3o com a Febract.<\/p>\n    <div role=\"form\" class=\"wpcf7\" id=\"wpcf7-f39-o1\" lang=\"pt-BR\" dir=\"ltr\">\n<div class=\"screen-reader-response\" role=\"alert\" aria-live=\"polite\"><\/div>\n<form action=\"\/portal\/wp-json\/wp\/v2\/pages\/65#wpcf7-f39-o1\" method=\"post\" class=\"wpcf7-form init\" novalidate=\"novalidate\">\n<div style=\"display: none;\">\n<input type=\"hidden\" name=\"_wpcf7\" value=\"39\" \/>\n<input type=\"hidden\" name=\"_wpcf7_version\" value=\"5.2\" \/>\n<input type=\"hidden\" name=\"_wpcf7_locale\" value=\"pt_BR\" \/>\n<input type=\"hidden\" name=\"_wpcf7_unit_tag\" value=\"wpcf7-f39-o1\" \/>\n<input type=\"hidden\" name=\"_wpcf7_container_post\" value=\"0\" \/>\n<input type=\"hidden\" name=\"_wpcf7_posted_data_hash\" value=\"\" \/>\n<\/div>\n<p>Nome* <span class=\"wpcf7-form-control-wrap your-name\"><input type=\"text\" name=\"your-name\" value=\"\" size=\"40\" class=\"wpcf7-form-control wpcf7-text wpcf7-validates-as-required\" aria-required=\"true\" aria-invalid=\"false\" \/><\/span> <\/p>\n<p>E-mail* <span class=\"wpcf7-form-control-wrap your-email\"><input type=\"email\" name=\"your-email\" value=\"\" size=\"40\" class=\"wpcf7-form-control wpcf7-text wpcf7-email wpcf7-validates-as-required wpcf7-validates-as-email\" aria-required=\"true\" aria-invalid=\"false\" \/><\/span><\/p>\n<p>Assunto* <span class=\"wpcf7-form-control-wrap Assunto\"><select name=\"Assunto\" class=\"wpcf7-form-control wpcf7-select wpcf7-validates-as-required\" aria-required=\"true\" aria-invalid=\"false\"><option value=\"D\u00favidas\">D\u00favidas<\/option><option value=\"Cursos\">Cursos<\/option><option value=\"Financeiro\">Financeiro<\/option><option value=\"Filiados\">Filiados<\/option><option value=\"Outros\">Outros<\/option><\/select><\/span><\/p>\n<p>Sua mensagem <span class=\"wpcf7-form-control-wrap your-message\"><textarea name=\"your-message\" cols=\"40\" rows=\"10\" class=\"wpcf7-form-control wpcf7-textarea\" aria-invalid=\"false\"><\/textarea><\/span> <\/p>\n<p><input type=\"submit\" value=\"Enviar\" class=\"wpcf7-form-control wpcf7-submit\" \/><\/p>\n<div class=\"wpcf7-response-output\" role=\"alert\" aria-hidden=\"true\"><\/div><\/form><\/div>\n<\/div>\n\n<div class=\"col-md-6\">\n    <strong>Endere\u00e7o Escrit\u00f3rio:<\/strong><br>\n    Rua: Dr. Jo\u00e3o Quirino do Nascimento, 1601 &#8211; <br>Jardim Boa Esperan\u00e7a &#8211; <br>CEP 13091-516 &#8211; Campinas &#8211; SP,\n<\/div>\n\n<div>&nbsp;<\/div>\n\n<div class=\"col-md-6\">\n    <strong><br>Telefone:<\/strong>\n<\/div>\n    \n<div class=\"col-md-6\">\n   <p><b>CURSOS<\/b><br>\n(19) 99841-2815 (WhatsApp)<br>\nE-mail: cursos@febract.org.br<\/p>\n\n<p><b>FILIA\u00c7\u00c3O<\/b><br>\n(19) 99906-2838 (WhatsApp)<br>\nE-mail: filiacao@febract.org.br<\/p>\n\n<\/div>\n","protected":false},"excerpt":{"rendered":"<p>Veja aqui os canal de comunica\u00e7\u00e3o com a Febract. Endere\u00e7o Escrit\u00f3rio: Rua: Dr. Jo\u00e3o Quirino do Nascimento, 1601 &#8211; Jardim Boa Esperan\u00e7a &#8211; CEP 13091-516 &#8211; Campinas &#8211; SP, &nbsp; Telefone: CURSOS (19) 99841-2815 (WhatsApp) E-mail: cursos@febract.org.br FILIA\u00c7\u00c3O (19) 99906-2838 (WhatsApp) E-mail: filiacao@febract.org.br<\/p>\n","protected":false},"author":3,"featured_media":121,"parent":0,"menu_order":0,"comment_status":"closed","ping_status":"closed","template":"","meta":{"_monsterinsights_skip_tracking":false,"_monsterinsights_sitenote_active":false,"_monsterinsights_sitenote_note":"","_monsterinsights_sitenote_category":0,"footnotes":""},"class_list":["post-65","page","type-page","status-publish","has-post-thumbnail","hentry"],"yoast_head":"<!-- This site is optimized with the Yoast SEO plugin v14.6.1 - https:\/\/yoast.com\/wordpress\/plugins\/seo\/ -->\n<title>Contato - FEBRACT<\/title>\n<meta name=\"robots\" content=\"index, follow\" \/>\n<meta name=\"googlebot\" content=\"index, follow, max-snippet:-1, max-image-preview:large, max-video-preview:-1\" \/>\n<meta name=\"bingbot\" content=\"index, follow, max-snippet:-1, max-image-preview:large, max-video-preview:-1\" \/>\n<link rel=\"canonical\" href=\"https:\/\/febract.org.br\/portal\/contato\/\" \/>\n<meta property=\"og:locale\" content=\"pt_BR\" \/>\n<meta property=\"og:type\" content=\"article\" \/>\n<meta property=\"og:title\" content=\"Contato - FEBRACT\" \/>\n<meta property=\"og:description\" content=\"Veja aqui os canal de comunica\u00e7\u00e3o com a Febract. Endere\u00e7o Escrit\u00f3rio: Rua: Dr. Jo\u00e3o Quirino do Nascimento, 1601 &#8211; Jardim Boa Esperan\u00e7a &#8211; CEP 13091-516 &#8211; Campinas &#8211; SP, &nbsp; Telefone: CURSOS (19) 99841-2815 (WhatsApp) E-mail: cursos@febract.org.br FILIA\u00c7\u00c3O (19) 99906-2838 (WhatsApp) E-mail: filiacao@febract.org.br\" \/>\n<meta property=\"og:url\" content=\"https:\/\/febract.org.br\/portal\/contato\/\" \/>\n<meta property=\"og:site_name\" content=\"FEBRACT\" \/>\n<meta property=\"article:publisher\" content=\"https:\/\/www.facebook.com\/FEBRACT\/\" \/>\n<meta property=\"article:modified_time\" content=\"2023-05-25T19:00:07+00:00\" \/>\n<meta property=\"og:image\" content=\"https:\/\/febract.org.br\/portal\/wp-content\/uploads\/2016\/01\/contato.jpg\" \/>\n\t<meta property=\"og:image:width\" content=\"1920\" \/>\n\t<meta property=\"og:image:height\" content=\"250\" \/>\n<meta name=\"twitter:card\" content=\"summary\" \/>\n<script type=\"application\/ld+json\" class=\"yoast-schema-graph\">{\"@context\":\"https:\/\/schema.org\",\"@graph\":[{\"@type\":\"Organization\",\"@id\":\"https:\/\/febract.org.br\/portal\/#organization\",\"name\":\"Febract - Federa\\u00e7\\u00e3o Brasileira de Comunidades Terap\\u00eauticas\",\"url\":\"https:\/\/febract.org.br\/portal\/\",\"sameAs\":[\"https:\/\/www.facebook.com\/FEBRACT\/\"],\"logo\":{\"@type\":\"ImageObject\",\"@id\":\"https:\/\/febract.org.br\/portal\/#logo\",\"inLanguage\":\"pt-BR\",\"url\":\"https:\/\/febract.org.br\/portal\/wp-content\/uploads\/2016\/01\/footer-logo.jpg\",\"width\":150,\"height\":211,\"caption\":\"Febract - Federa\\u00e7\\u00e3o Brasileira de Comunidades Terap\\u00eauticas\"},\"image\":{\"@id\":\"https:\/\/febract.org.br\/portal\/#logo\"}},{\"@type\":\"WebSite\",\"@id\":\"https:\/\/febract.org.br\/portal\/#website\",\"url\":\"https:\/\/febract.org.br\/portal\/\",\"name\":\"FEBRACT\",\"description\":\"Federa\\u00e7\\u00e3o Brasileira  de Comunidades Terap\\u00eauticas. A FEBRACT fundada em 1990, \\u00e9 uma associa\\u00e7\\u00e3o sem fins lucrativos, que tem como Objetivo a realiza\\u00e7\\u00e3o de cursos para quem atua com preven\\u00e7\\u00e3o ao uso de drogas\",\"publisher\":{\"@id\":\"https:\/\/febract.org.br\/portal\/#organization\"},\"potentialAction\":[{\"@type\":\"SearchAction\",\"target\":\"https:\/\/febract.org.br\/portal\/?s={search_term_string}\",\"query-input\":\"required name=search_term_string\"}],\"inLanguage\":\"pt-BR\"},{\"@type\":\"ImageObject\",\"@id\":\"https:\/\/febract.org.br\/portal\/contato\/#primaryimage\",\"inLanguage\":\"pt-BR\",\"url\":\"https:\/\/febract.org.br\/portal\/wp-content\/uploads\/2016\/01\/contato.jpg\",\"width\":1920,\"height\":250},{\"@type\":\"WebPage\",\"@id\":\"https:\/\/febract.org.br\/portal\/contato\/#webpage\",\"url\":\"https:\/\/febract.org.br\/portal\/contato\/\",\"name\":\"Contato - FEBRACT\",\"isPartOf\":{\"@id\":\"https:\/\/febract.org.br\/portal\/#website\"},\"primaryImageOfPage\":{\"@id\":\"https:\/\/febract.org.br\/portal\/contato\/#primaryimage\"},\"datePublished\":\"2016-01-15T18:03:13+00:00\",\"dateModified\":\"2023-05-25T19:00:07+00:00\",\"inLanguage\":\"pt-BR\",\"potentialAction\":[{\"@type\":\"ReadAction\",\"target\":[\"https:\/\/febract.org.br\/portal\/contato\/\"]}]}]}<\/script>\n<!-- \/ Yoast SEO plugin. -->","_links":{"self":[{"href":"https:\/\/febract.org.br\/portal\/wp-json\/wp\/v2\/pages\/65","targetHints":{"allow":["GET"]}}],"collection":[{"href":"https:\/\/febract.org.br\/portal\/wp-json\/wp\/v2\/pages"}],"about":[{"href":"https:\/\/febract.org.br\/portal\/wp-json\/wp\/v2\/types\/page"}],"author":[{"embeddable":true,"href":"https:\/\/febract.org.br\/portal\/wp-json\/wp\/v2\/users\/3"}],"replies":[{"embeddable":true,"href":"https:\/\/febract.org.br\/portal\/wp-json\/wp\/v2\/comments?post=65"}],"version-history":[{"count":29,"href":"https:\/\/febract.org.br\/portal\/wp-json\/wp\/v2\/pages\/65\/revisions"}],"predecessor-version":[{"id":11585,"href":"https:\/\/febract.org.br\/portal\/wp-json\/wp\/v2\/pages\/65\/revisions\/11585"}],"wp:featuredmedia":[{"embeddable":true,"href":"https:\/\/febract.org.br\/portal\/wp-json\/wp\/v2\/media\/121"}],"wp:attachment":[{"href":"https:\/\/febract.org.br\/portal\/wp-json\/wp\/v2\/media?parent=65"}],"curies":[{"name":"wp","href":"https:\/\/api.w.org\/{rel}","templated":true}]}}