{"id":9410,"date":"2020-04-23T08:25:13","date_gmt":"2020-04-23T11:25:13","guid":{"rendered":"http:\/\/febract.org.br\/portal\/?page_id=9410"},"modified":"2020-07-28T12:06:19","modified_gmt":"2020-07-28T15:06:19","slug":"covid-19","status":"publish","type":"page","link":"https:\/\/febract.org.br\/portal\/covid-19\/","title":{"rendered":"COVID-19"},"content":{"rendered":"<div id=\"fb-root\"><\/div>\n\n<h1 class=\"wp-block-heading\"><strong>Nesta p\u00e1gina voc\u00ea entra toda a documenta\u00e7\u00e3o t\u00e9cnica e legal necess\u00e1ria referente \u00e0 pandemia de COVID-19.<\/strong><\/h1>\n\n\n\n<div style=\"height:100px\" aria-hidden=\"true\" class=\"wp-block-spacer\"><\/div>\n\n\n\n<div class=\"wp-block-file\"><a href=\"http:\/\/febract.org.br\/portal\/wp-content\/uploads\/2020\/04\/MANUAL-FEBRACT-COVID-3.pdf\"><img loading=\"lazy\" decoding=\"async\" width=\"75\" height=\"106\" class=\"wp-image-9370\" style=\"width: 75px;\" src=\"http:\/\/febract.org.br\/portal\/wp-content\/uploads\/2020\/04\/capa-cartilha-page-001.jpg\" alt=\"\" srcset=\"https:\/\/febract.org.br\/portal\/wp-content\/uploads\/2020\/04\/capa-cartilha-page-001.jpg 1240w, https:\/\/febract.org.br\/portal\/wp-content\/uploads\/2020\/04\/capa-cartilha-page-001-212x300.jpg 212w, https:\/\/febract.org.br\/portal\/wp-content\/uploads\/2020\/04\/capa-cartilha-page-001-768x1086.jpg 768w, https:\/\/febract.org.br\/portal\/wp-content\/uploads\/2020\/04\/capa-cartilha-page-001-724x1024.jpg 724w\" sizes=\"auto, (max-width: 75px) 100vw, 75px\" \/> <strong>Manual de Orienta\u00e7\u00f5es FEBRACT<\/strong><\/a><a href=\"http:\/\/febract.org.br\/portal\/wp-content\/uploads\/2020\/04\/MANUAL-FEBRACT-COVID-3.pdf\" class=\"wp-block-file__button\" download>Baixar<\/a><\/div>\n\n\n\n<p><em>Cuidados b\u00e1sicos com rela\u00e7\u00e3o \u00e0 pandemia de Coronav\u00edrus (COVID-19)<br>Cartilha de orienta\u00e7\u00e3o para Comunidades Terap\u00eauticas<\/em><\/p>\n\n\n<hr \/>\n<p><a href=\"https:\/\/febract.org.br\/portal\/wp-content\/uploads\/2020\/07\/MANUAL-COVID-7-CAPA-2.jpg\"><img loading=\"lazy\" decoding=\"async\" class=\"alignleft wp-image-10645\" src=\"https:\/\/febract.org.br\/portal\/wp-content\/uploads\/2020\/07\/MANUAL-COVID-7-CAPA-2.jpg\" alt=\"\" width=\"64\" height=\"90\" srcset=\"https:\/\/febract.org.br\/portal\/wp-content\/uploads\/2020\/07\/MANUAL-COVID-7-CAPA-2.jpg 1241w, https:\/\/febract.org.br\/portal\/wp-content\/uploads\/2020\/07\/MANUAL-COVID-7-CAPA-2-212x300.jpg 212w, https:\/\/febract.org.br\/portal\/wp-content\/uploads\/2020\/07\/MANUAL-COVID-7-CAPA-2-724x1024.jpg 724w, https:\/\/febract.org.br\/portal\/wp-content\/uploads\/2020\/07\/MANUAL-COVID-7-CAPA-2-768x1086.jpg 768w, https:\/\/febract.org.br\/portal\/wp-content\/uploads\/2020\/07\/MANUAL-COVID-7-CAPA-2-1086x1536.jpg 1086w\" sizes=\"auto, (max-width: 64px) 100vw, 64px\" \/><\/a> \u00a0<strong>Manual de Orienta\u00e7\u00e3o para Comunidades Terap\u00eauticas sobre a quarentena, visitas e sa\u00eddas durante a pandemia de COVID-19<\/strong><\/p>\n\n\n<div class=\"wp-block-file\"><a href=\"https:\/\/febract.org.br\/portal\/wp-content\/uploads\/2020\/07\/MANUAL-FEBRACT-COVID-7.3.pdf\" class=\"wp-block-file__button\" download>Baixar<\/a><\/div>\n\n\n<hr \/>\n<p>\u00a0<\/p>\n\n\n<div class=\"wp-block-file\"><a href=\"http:\/\/febract.org.br\/portal\/wp-content\/uploads\/2020\/04\/CARTILHA-COVID-SENAPRED-2.pdf\"><img loading=\"lazy\" decoding=\"async\" width=\"75\" height=\"106\" class=\"wp-image-9369\" style=\"width: 75px;\" src=\"http:\/\/febract.org.br\/portal\/wp-content\/uploads\/2020\/04\/cartilha-senapred-page-001.jpg\" alt=\"\" srcset=\"https:\/\/febract.org.br\/portal\/wp-content\/uploads\/2020\/04\/cartilha-senapred-page-001.jpg 1240w, https:\/\/febract.org.br\/portal\/wp-content\/uploads\/2020\/04\/cartilha-senapred-page-001-212x300.jpg 212w, https:\/\/febract.org.br\/portal\/wp-content\/uploads\/2020\/04\/cartilha-senapred-page-001-768x1086.jpg 768w, https:\/\/febract.org.br\/portal\/wp-content\/uploads\/2020\/04\/cartilha-senapred-page-001-724x1024.jpg 724w\" sizes=\"auto, (max-width: 75px) 100vw, 75px\" \/><strong>Cartilha de Orienta\u00e7\u00f5es para CTs SENAPRED<\/strong><\/a><a href=\"http:\/\/febract.org.br\/portal\/wp-content\/uploads\/2020\/04\/CARTILHA-COVID-SENAPRED-2.pdf\" class=\"wp-block-file__button\" download>Baixar<\/a><\/div>\n\n\n<hr>\n\n\n<p><\/p>\n\n\n\n<div class=\"wp-block-file\"><a href=\"http:\/\/febract.org.br\/portal\/wp-content\/uploads\/2020\/04\/PROTOCOLO-COVID-MS-2.pdf\"><img loading=\"lazy\" decoding=\"async\" width=\"75\" height=\"106\" class=\"wp-image-9371\" style=\"width: 75px;\" src=\"http:\/\/febract.org.br\/portal\/wp-content\/uploads\/2020\/04\/capa-manual-page-001.jpg\" alt=\"\" srcset=\"https:\/\/febract.org.br\/portal\/wp-content\/uploads\/2020\/04\/capa-manual-page-001.jpg 1240w, https:\/\/febract.org.br\/portal\/wp-content\/uploads\/2020\/04\/capa-manual-page-001-212x300.jpg 212w, https:\/\/febract.org.br\/portal\/wp-content\/uploads\/2020\/04\/capa-manual-page-001-768x1086.jpg 768w, https:\/\/febract.org.br\/portal\/wp-content\/uploads\/2020\/04\/capa-manual-page-001-724x1024.jpg 724w\" sizes=\"auto, (max-width: 75px) 100vw, 75px\" \/> <strong>Protocolos de Manejo Cl\u00ednico COVID-19 MS <\/strong><\/a><a href=\"http:\/\/febract.org.br\/portal\/wp-content\/uploads\/2020\/04\/PROTOCOLO-COVID-MS-2.pdf\" class=\"wp-block-file__button\" download>Baixar<\/a><\/div>\n\n\n<hr>\n\n\n<div class=\"wp-block-file\"><a href=\"http:\/\/febract.org.br\/portal\/wp-content\/uploads\/2020\/04\/PORTARIA-N\u00ba-340-DE-30-DE-MAR\u00c7O-DE-2020-CTS-SERVI\u00c7OS-ESSENCIAIS-2.pdf\"><img loading=\"lazy\" decoding=\"async\" width=\"75\" height=\"57\" class=\"wp-image-9372\" style=\"width: 75px;\" src=\"http:\/\/febract.org.br\/portal\/wp-content\/uploads\/2020\/04\/SENAPRED-logo.png\" alt=\"\"><strong>Portaria n\u00ba 340 de 30 de mar\u00e7o de 2020<\/strong><\/a><a href=\"http:\/\/febract.org.br\/portal\/wp-content\/uploads\/2020\/04\/PORTARIA-N\u00ba-340-DE-30-DE-MAR\u00c7O-DE-2020-CTS-SERVI\u00c7OS-ESSENCIAIS-2.pdf\" class=\"wp-block-file__button\" download>Baixar<\/a><\/div>\n\n\n\n<p><em>Estabelece medidas para o enfrentamento da Emerg\u00eancia em Sa\u00fade P\u00fablica de Import\u00e2ncia Nacional decorrente de infec\u00e7\u00e3o  humana pelo novo coronav\u00edrus (COVID-19), no \u00e2mbito das  Comunidades Terap\u00eauticas.<\/em><\/p>\n\n\n<hr>\n\n\n<div class=\"wp-block-file\"><a href=\"https:\/\/febract.org.br\/portal\/wp-content\/uploads\/2020\/06\/NOTA_TECNICA_PUBLICA_CSIPS_PREVENCAO_DA_COVID_19_EM_INSTITUICOES_DE_ACOLHIMENTO.pdf\"><img loading=\"lazy\" decoding=\"async\" width=\"75\" height=\"106\" class=\"wp-image-10165\" style=\"width: 75px;\" src=\"https:\/\/febract.org.br\/portal\/wp-content\/uploads\/2020\/06\/NOTA_TECNICA_PUBLICA_CSIPS_PREVENCAO_DA_COVID_19_EM_INSTITUICOES_DE_ACOLHIMENTO_pages-to-jpg-0001.jpg\" alt=\"\" srcset=\"https:\/\/febract.org.br\/portal\/wp-content\/uploads\/2020\/06\/NOTA_TECNICA_PUBLICA_CSIPS_PREVENCAO_DA_COVID_19_EM_INSTITUICOES_DE_ACOLHIMENTO_pages-to-jpg-0001.jpg 1240w, https:\/\/febract.org.br\/portal\/wp-content\/uploads\/2020\/06\/NOTA_TECNICA_PUBLICA_CSIPS_PREVENCAO_DA_COVID_19_EM_INSTITUICOES_DE_ACOLHIMENTO_pages-to-jpg-0001-212x300.jpg 212w, https:\/\/febract.org.br\/portal\/wp-content\/uploads\/2020\/06\/NOTA_TECNICA_PUBLICA_CSIPS_PREVENCAO_DA_COVID_19_EM_INSTITUICOES_DE_ACOLHIMENTO_pages-to-jpg-0001-723x1024.jpg 723w, https:\/\/febract.org.br\/portal\/wp-content\/uploads\/2020\/06\/NOTA_TECNICA_PUBLICA_CSIPS_PREVENCAO_DA_COVID_19_EM_INSTITUICOES_DE_ACOLHIMENTO_pages-to-jpg-0001-768x1088.jpg 768w, https:\/\/febract.org.br\/portal\/wp-content\/uploads\/2020\/06\/NOTA_TECNICA_PUBLICA_CSIPS_PREVENCAO_DA_COVID_19_EM_INSTITUICOES_DE_ACOLHIMENTO_pages-to-jpg-0001-1084x1536.jpg 1084w\" sizes=\"auto, (max-width: 75px) 100vw, 75px\" \/><strong>NOTA T\u00c9CNICA P\u00daBLICA CSIPS\/GGTES\/ANVISA N\u00ba 01\/2020<\/strong><\/a><a href=\"https:\/\/febract.org.br\/portal\/wp-content\/uploads\/2020\/06\/NOTA_TECNICA_PUBLICA_CSIPS_PREVENCAO_DA_COVID_19_EM_INSTITUICOES_DE_ACOLHIMENTO.pdf\" class=\"wp-block-file__button\" download>Baixar<\/a><\/div>\n\n\n<p><em>ORIENTA\u00c7\u00d5ES PARA A PREVEN\u00c7\u00c3O E O CONTROLE DE INFEC\u00c7\u00d5ES PELO NOVO CORONAV\u00cdRUS (SARS-CoV-2) EM INSTITUI\u00c7\u00d5ES DE ACOLHIMENTO.<\/em><\/p>\n<hr>\n\n\n<div class=\"wp-block-file\"><a href=\"https:\/\/febract.org.br\/portal\/wp-content\/uploads\/2020\/07\/Nota-Te\u0301cnica-n-04-2020-GVIMS-GGTES-ANVISA-ATUALIZADA-1.pdf\"><img decoding=\"async\" src=\"https:\/\/febract.org.br\/portal\/wp-content\/uploads\/2020\/06\/NOTA_TECNICA_PUBLICA_CSIPS_PREVENCAO_DA_COVID_19_EM_INSTITUICOES_DE_ACOLHIMENTO_pages-to-jpg-0001.jpg\" alt=\"\" style=\"width: 75px;\"><strong>NOTA T\u00c9CNICA GVIMS\/GGTES\/ANVISA N\u00ba 04\/2020<\/strong><\/a><a href=\"https:\/\/febract.org.br\/portal\/wp-content\/uploads\/2020\/07\/Nota-Te\u0301cnica-n-04-2020-GVIMS-GGTES-ANVISA-ATUALIZADA-1.pdf\" class=\"wp-block-file__button\" download>Baixar<\/a><\/div>\n\n\n<p>ORIENTA\u00c7\u00d5ES PARA SERVI\u00c7OS DE SA\u00daDE: MEDIDAS DE PREVEN\u00c7\u00c3O E CONTROLE QUE DEVEM SER ADOTADAS DURANTE A ASSIST\u00caNCIA AOS CASOS SUSPEITOS OU CONFIRMADOS DE INFEC\u00c7\u00c3O PELO NOVO CORONAV\u00cdRUS (SARS-CoV-2).<br>(atualizada em 08\/05\/2020)<\/p>\n<hr>\n\n\n<div class=\"wp-block-file\"><a href=\"https:\/\/febract.org.br\/portal\/wp-content\/uploads\/2020\/07\/NOTA-T\u00c9CNICA-P\u00daBLICA-CSIPS-GGTES-ANVISA-N-01-2020-ATUALIZADA-EM-25-06-20-COVID.pdf\"><img decoding=\"async\" src=\"https:\/\/febract.org.br\/portal\/wp-content\/uploads\/2020\/06\/NOTA_TECNICA_PUBLICA_CSIPS_PREVENCAO_DA_COVID_19_EM_INSTITUICOES_DE_ACOLHIMENTO_pages-to-jpg-0001.jpg\" style=\"width: 75px;\" alt=\"\"><strong>NOTA T\u00c9CNICA P\u00daBLICA CSIPS\/GGTES\/ANVISA N\u00ba 01\/2020 &#8211; ATUALIZADA EM 25 06 20 &#8211; COVID<\/strong><\/a><a href=\"https:\/\/febract.org.br\/portal\/wp-content\/uploads\/2020\/07\/NOTA-T\u00c9CNICA-P\u00daBLICA-CSIPS-GGTES-ANVISA-N-01-2020-ATUALIZADA-EM-25-06-20-COVID.pdf\" class=\"wp-block-file__button\" download>Baixar<\/a><\/div>\n\n\n<p>ORIENTA\u00c7\u00d5ES PARA A PREVEN\u00c7\u00c3O E O CONTROLE DE INFEC\u00c7\u00d5ES PELO NOVO CORONAV\u00cdRUS (SARS-CoV-2) EM INSTITUI\u00c7\u00d5ES DE ACOLHIMENTO.<\/p>\n<hr>\n\n\n<div class=\"wp-block-file\"><a href=\"http:\/\/febract.org.br\/portal\/wp-content\/uploads\/2020\/04\/SEI_MC-7387883-Arrecada\u00e7\u00e3o-1.pdf\"><img loading=\"lazy\" decoding=\"async\" width=\"75\" height=\"57\" class=\"wp-image-9372\" style=\"width: 75px;\" src=\"http:\/\/febract.org.br\/portal\/wp-content\/uploads\/2020\/04\/SENAPRED-logo.png\" alt=\"\"><strong>Of\u00edcio Circular n\u00ba 2\/2020\/SEDS\/SENAPRED\/MC<\/strong><\/a><a href=\"http:\/\/febract.org.br\/portal\/wp-content\/uploads\/2020\/04\/SEI_MC-7387883-Arrecada\u00e7\u00e3o-1.pdf\" class=\"wp-block-file__button\" download>Baixar<\/a><\/div>\n\n\n\n<p><strong>Assunto:<\/strong> <em>Projeto Arrecada\u00e7\u00e3o Solid\u00e1ria \u2014 Programa P\u00e1tria Volunt\u00e1ria.<br>Foi lan\u00e7ado o <\/em><strong><em>Projeto Arrecada\u00e7\u00e3o Solid\u00e1ria<\/em><\/strong><em>, em 07 de abril de 2020, no \u00e2mbito do <\/em><strong><em>Programa P\u00e1tria Volunt\u00e1ria<\/em><\/strong><em>, como uma iniciativa criada em parceria com a <\/em><strong><em>Campanha \u201cTodos por Todos: Contra o Coronav\u00edrus\u201d<\/em><\/strong><em>, da <\/em><strong><em>Casa Civil <\/em><\/strong><em>e da <\/em><strong><em>Funda\u00e7\u00e3o Banco do Brasil<\/em><\/strong><em>, visando apoiar institui\u00e7\u00f5es sem fins lucrativos e que atuem com trabalho volunt\u00e1rio junto a grupos vulner\u00e1veis da sociedade.<\/em><\/p>\n\n\n<hr>\n\n\n<div class=\"wp-block-file\"><a href=\"http:\/\/febract.org.br\/portal\/wp-content\/uploads\/2020\/04\/SEI_MC-7388151-Coronavoucher-1.pdf\"><img loading=\"lazy\" decoding=\"async\" width=\"75\" height=\"57\" class=\"wp-image-9372\" style=\"width: 75px;\" src=\"http:\/\/febract.org.br\/portal\/wp-content\/uploads\/2020\/04\/SENAPRED-logo.png\" alt=\"\"><strong>Of\u00edcio Circular n\u00ba 3\/2020\/SEDS\/SENAPRED\/MC<\/strong><\/a><a href=\"http:\/\/febract.org.br\/portal\/wp-content\/uploads\/2020\/04\/SEI_MC-7388151-Coronavoucher-1.pdf\" class=\"wp-block-file__button\" download>Baixar<\/a><\/div>\n\n\n\n<p><strong>Assunto:<\/strong> <em>Aux\u00edlio Emergencial \u2013 Coronavoucher<\/em><\/p>\n\n\n<hr>\n\n\n<div class=\"wp-block-file\"><a href=\"http:\/\/febract.org.br\/portal\/wp-content\/uploads\/2020\/04\/SEI_MC-7390593-Medidas-1.pdf\"><img loading=\"lazy\" decoding=\"async\" width=\"75\" height=\"57\" class=\"wp-image-9372\" style=\"width: 75px;\" src=\"http:\/\/febract.org.br\/portal\/wp-content\/uploads\/2020\/04\/SENAPRED-logo.png\" alt=\"\"><strong>Of\u00edcio Circular n\u00ba 4\/2020\/SEDS\/SENAPRED\/MC<\/strong><\/a><a href=\"http:\/\/febract.org.br\/portal\/wp-content\/uploads\/2020\/04\/SEI_MC-7390593-Medidas-1.pdf\" class=\"wp-block-file__button\" download>Baixar<\/a><\/div>\n\n\n\n<p><strong>Assunto:<\/strong> <em>Medidas para conter os impactos econ\u00f4micos do novo Coronav\u00edrus (COVID-19).<\/em><\/p>\n\n\n<hr>\n\n\n<div class=\"wp-block-file\"><a href=\"http:\/\/febract.org.br\/portal\/wp-content\/uploads\/2020\/04\/SEI_MC-7425407-Of\u00edcio-ISOLAMENTO-2.pdf\"><img loading=\"lazy\" decoding=\"async\" width=\"75\" height=\"57\" class=\"wp-image-9372\" style=\"width: 75px;\" src=\"http:\/\/febract.org.br\/portal\/wp-content\/uploads\/2020\/04\/SENAPRED-logo.png\" alt=\"\"><strong>Of\u00edcio Circular n\u00ba 2\/2020\/SEDS\/SENAPRED\/DPCRS\/CGP\/MC<\/strong><\/a><a href=\"http:\/\/febract.org.br\/portal\/wp-content\/uploads\/2020\/04\/SEI_MC-7425407-Of\u00edcio-ISOLAMENTO-2.pdf\" class=\"wp-block-file__button\" download>Baixar<\/a><\/div>\n\n\n\n<p><strong>Assunto<em>:<\/em><\/strong><em> Cumprimento da Portaria 340\/2020 \u2014 Comunicado Tempestivo de Acolhimento (TPA) &#8211; Sistema de Gest\u00e3o das Comunidades Terap\u00eauticas (SISCT) e orienta\u00e7\u00f5es sobre os protocolos de isolamento em  Comunidades Terap\u00eauticas.<\/em><\/p>\n\n\n<hr>\n\n\n<div class=\"wp-block-file\"><a href=\"http:\/\/febract.org.br\/portal\/wp-content\/uploads\/2020\/04\/SEI_MC-7429777-Of\u00edcio-COMUNICA\u00c7\u00c3O-2.pdf\"><img loading=\"lazy\" decoding=\"async\" width=\"75\" height=\"57\" class=\"wp-image-9372\" style=\"width: 75px;\" src=\"http:\/\/febract.org.br\/portal\/wp-content\/uploads\/2020\/04\/SENAPRED-logo.png\" alt=\"\"><strong>Of\u00edcio Circular n\u00ba 3\/2020\/SEDS\/SENAPRED\/DPCRS\/CGP\/MC<\/strong><\/a><a href=\"http:\/\/febract.org.br\/portal\/wp-content\/uploads\/2020\/04\/SEI_MC-7429777-Of\u00edcio-COMUNICA\u00c7\u00c3O-2.pdf\" class=\"wp-block-file__button\" download>Baixar<\/a><\/div>\n\n\n\n<p><strong>Assunto: <\/strong><em>Orienta\u00e7\u00f5es sobre o dever de registro de doen\u00e7a de notifica\u00e7\u00e3o compuls\u00f3ria &#8211; coronav\u00edrus (COVID-19)<\/em><\/p>\n","protected":false},"excerpt":{"rendered":"<p>Nesta p\u00e1gina voc\u00ea entra toda a documenta\u00e7\u00e3o t\u00e9cnica e legal necess\u00e1ria referente \u00e0 pandemia de COVID-19. Cuidados b\u00e1sicos com rela\u00e7\u00e3o \u00e0 pandemia de Coronav\u00edrus (COVID-19)Cartilha de orienta\u00e7\u00e3o para Comunidades Terap\u00eauticas \u00a0Manual de Orienta\u00e7\u00e3o para Comunidades Terap\u00eauticas sobre a quarentena, visitas e sa\u00eddas durante a pandemia de COVID-19 \u00a0 Estabelece medidas para o enfrentamento da Emerg\u00eancia [&hellip;]<\/p>\n","protected":false},"author":10,"featured_media":0,"parent":0,"menu_order":0,"comment_status":"closed","ping_status":"closed","template":"","meta":{"_monsterinsights_skip_tracking":false,"_monsterinsights_sitenote_active":false,"_monsterinsights_sitenote_note":"","_monsterinsights_sitenote_category":0,"footnotes":""},"class_list":["post-9410","page","type-page","status-publish","hentry"],"yoast_head":"<!-- This site is optimized with the Yoast SEO plugin v14.6.1 - https:\/\/yoast.com\/wordpress\/plugins\/seo\/ -->\n<title>COVID-19 - FEBRACT<\/title>\n<meta name=\"robots\" content=\"index, follow\" \/>\n<meta name=\"googlebot\" content=\"index, follow, max-snippet:-1, max-image-preview:large, max-video-preview:-1\" \/>\n<meta name=\"bingbot\" content=\"index, follow, max-snippet:-1, max-image-preview:large, max-video-preview:-1\" \/>\n<link rel=\"canonical\" href=\"https:\/\/febract.org.br\/portal\/covid-19\/\" \/>\n<meta property=\"og:locale\" content=\"pt_BR\" \/>\n<meta property=\"og:type\" content=\"article\" \/>\n<meta property=\"og:title\" content=\"COVID-19 - FEBRACT\" \/>\n<meta property=\"og:description\" content=\"Nesta p\u00e1gina voc\u00ea entra toda a documenta\u00e7\u00e3o t\u00e9cnica e legal necess\u00e1ria referente \u00e0 pandemia de COVID-19. Cuidados b\u00e1sicos com rela\u00e7\u00e3o \u00e0 pandemia de Coronav\u00edrus (COVID-19)Cartilha de orienta\u00e7\u00e3o para Comunidades Terap\u00eauticas \u00a0Manual de Orienta\u00e7\u00e3o para Comunidades Terap\u00eauticas sobre a quarentena, visitas e sa\u00eddas durante a pandemia de COVID-19 \u00a0 Estabelece medidas para o enfrentamento da Emerg\u00eancia [&hellip;]\" \/>\n<meta property=\"og:url\" content=\"https:\/\/febract.org.br\/portal\/covid-19\/\" \/>\n<meta property=\"og:site_name\" content=\"FEBRACT\" \/>\n<meta property=\"article:publisher\" content=\"https:\/\/www.facebook.com\/FEBRACT\/\" \/>\n<meta property=\"article:modified_time\" content=\"2020-07-28T15:06:19+00:00\" \/>\n<meta property=\"og:image\" content=\"http:\/\/febract.org.br\/portal\/wp-content\/uploads\/2020\/04\/capa-cartilha-page-001.jpg\" \/>\n<meta name=\"twitter:card\" content=\"summary\" \/>\n<script type=\"application\/ld+json\" class=\"yoast-schema-graph\">{\"@context\":\"https:\/\/schema.org\",\"@graph\":[{\"@type\":\"Organization\",\"@id\":\"https:\/\/febract.org.br\/portal\/#organization\",\"name\":\"Febract - Federa\\u00e7\\u00e3o Brasileira de Comunidades Terap\\u00eauticas\",\"url\":\"https:\/\/febract.org.br\/portal\/\",\"sameAs\":[\"https:\/\/www.facebook.com\/FEBRACT\/\"],\"logo\":{\"@type\":\"ImageObject\",\"@id\":\"https:\/\/febract.org.br\/portal\/#logo\",\"inLanguage\":\"pt-BR\",\"url\":\"https:\/\/febract.org.br\/portal\/wp-content\/uploads\/2016\/01\/footer-logo.jpg\",\"width\":150,\"height\":211,\"caption\":\"Febract - Federa\\u00e7\\u00e3o Brasileira de Comunidades Terap\\u00eauticas\"},\"image\":{\"@id\":\"https:\/\/febract.org.br\/portal\/#logo\"}},{\"@type\":\"WebSite\",\"@id\":\"https:\/\/febract.org.br\/portal\/#website\",\"url\":\"https:\/\/febract.org.br\/portal\/\",\"name\":\"FEBRACT\",\"description\":\"Federa\\u00e7\\u00e3o Brasileira  de Comunidades Terap\\u00eauticas. A FEBRACT fundada em 1990, \\u00e9 uma associa\\u00e7\\u00e3o sem fins lucrativos, que tem como Objetivo a realiza\\u00e7\\u00e3o de cursos para quem atua com preven\\u00e7\\u00e3o ao uso de drogas\",\"publisher\":{\"@id\":\"https:\/\/febract.org.br\/portal\/#organization\"},\"potentialAction\":[{\"@type\":\"SearchAction\",\"target\":\"https:\/\/febract.org.br\/portal\/?s={search_term_string}\",\"query-input\":\"required name=search_term_string\"}],\"inLanguage\":\"pt-BR\"},{\"@type\":\"ImageObject\",\"@id\":\"https:\/\/febract.org.br\/portal\/covid-19\/#primaryimage\",\"inLanguage\":\"pt-BR\",\"url\":\"http:\/\/febract.org.br\/portal\/wp-content\/uploads\/2020\/04\/capa-cartilha-page-001.jpg\"},{\"@type\":\"WebPage\",\"@id\":\"https:\/\/febract.org.br\/portal\/covid-19\/#webpage\",\"url\":\"https:\/\/febract.org.br\/portal\/covid-19\/\",\"name\":\"COVID-19 - FEBRACT\",\"isPartOf\":{\"@id\":\"https:\/\/febract.org.br\/portal\/#website\"},\"primaryImageOfPage\":{\"@id\":\"https:\/\/febract.org.br\/portal\/covid-19\/#primaryimage\"},\"datePublished\":\"2020-04-23T11:25:13+00:00\",\"dateModified\":\"2020-07-28T15:06:19+00:00\",\"inLanguage\":\"pt-BR\",\"potentialAction\":[{\"@type\":\"ReadAction\",\"target\":[\"https:\/\/febract.org.br\/portal\/covid-19\/\"]}]}]}<\/script>\n<!-- \/ Yoast SEO plugin. -->","_links":{"self":[{"href":"https:\/\/febract.org.br\/portal\/wp-json\/wp\/v2\/pages\/9410","targetHints":{"allow":["GET"]}}],"collection":[{"href":"https:\/\/febract.org.br\/portal\/wp-json\/wp\/v2\/pages"}],"about":[{"href":"https:\/\/febract.org.br\/portal\/wp-json\/wp\/v2\/types\/page"}],"author":[{"embeddable":true,"href":"https:\/\/febract.org.br\/portal\/wp-json\/wp\/v2\/users\/10"}],"replies":[{"embeddable":true,"href":"https:\/\/febract.org.br\/portal\/wp-json\/wp\/v2\/comments?post=9410"}],"version-history":[{"count":20,"href":"https:\/\/febract.org.br\/portal\/wp-json\/wp\/v2\/pages\/9410\/revisions"}],"predecessor-version":[{"id":10648,"href":"https:\/\/febract.org.br\/portal\/wp-json\/wp\/v2\/pages\/9410\/revisions\/10648"}],"wp:attachment":[{"href":"https:\/\/febract.org.br\/portal\/wp-json\/wp\/v2\/media?parent=9410"}],"curies":[{"name":"wp","href":"https:\/\/api.w.org\/{rel}","templated":true}]}}