{"id":9705,"date":"2020-05-01T17:02:51","date_gmt":"2020-05-01T20:02:51","guid":{"rendered":"http:\/\/febract.org.br\/portal\/register\/"},"modified":"2020-05-01T19:50:18","modified_gmt":"2020-05-01T22:50:18","slug":"register","status":"publish","type":"page","link":"https:\/\/febract.org.br\/portal\/register\/","title":{"rendered":"Registro"},"content":{"rendered":"<div id=\"fb-root\"><\/div>\n\n<form id=\"pms_register-form\" class=\"pms-form\" method=\"POST\">\n\n    \n    <input type=\"hidden\" id=\"pmstkn\" name=\"pmstkn\" value=\"ebc03e6de8\" \/><input type=\"hidden\" name=\"_wp_http_referer\" value=\"\/portal\/wp-json\/wp\/v2\/pages\/9705\" \/>\n    <ul class=\"pms-form-fields-wrapper\">\n\n        \n\n        \n        \n                <li class=\"pms-field pms-user-login-field \">\n            <label for=\"pms_user_login\">Usu\u00e1rio *<\/label>\n            <input id=\"pms_user_login\" name=\"user_login\" type=\"text\" value=\"\" \/>\n\n                    <\/li>\n\n                <li class=\"pms-field pms-user-email-field \">\n            <label for=\"pms_user_email\">E-mail *<\/label>\n            <input id=\"pms_user_email\" name=\"user_email\" type=\"text\" value=\"\" \/>\n\n                    <\/li>\n\n                <li class=\"pms-field pms-first-name-field \">\n            <label for=\"pms_first_name\">Primeiro Nome<\/label>\n            <input id=\"pms_first_name\" name=\"first_name\" type=\"text\" value=\"\" \/>\n\n                    <\/li>\n\n                <li class=\"pms-field pms-last-name-field \">\n            <label for=\"pms_last_name\">\u00daltimo nome<\/label>\n            <input id=\"pms_last_name\" name=\"last_name\" type=\"text\" value=\"\" \/>\n\n                    <\/li>\n\n                <li class=\"pms-field pms-pass1-field \">\n            <label for=\"pms_pass1\">Senha *<\/label>\n            <input id=\"pms_pass1\" name=\"pass1\" type=\"password\" \/>\n\n                    <\/li>\n\n                <li class=\"pms-field pms-pass2-field \">\n            <label for=\"pms_pass2\">Repetir Senha *<\/label>\n            <input id=\"pms_pass2\" name=\"pass2\" type=\"password\" \/>\n\n                    <\/li>\n\n        \n        \n        \n        <li class=\"pms-field pms-field-subscriptions \"><div class=\"pms-subscription-plan pms-subscription-plan-9730\"><label><input type=\"radio\" name=\"subscription_plans\" data-price=\"80\" data-duration=\"6\" data-sign_up_fee=\"0\" data-trial=\"0\"  value=\"9730\"  checked='checked' \/><span class=\"pms-subscription-plan-name\">Semestral<\/span><span class=\"pms-subscription-plan-price\"><span class=\"pms-divider\"> - <\/span><span class=\"pms-subscription-plan-currency\">&#82;&#36;<\/span><span class=\"pms-subscription-plan-price-value\">80<\/span><span class=\"pms-divider\"> \/ <\/span>6 M\u00eas<\/span><span class=\"pms-subscription-plan-trial\"><\/span><span class=\"pms-subscription-plan-sign-up-fee\"><\/span><\/label><div class=\"pms-subscription-plan-description\">Plano para acesso integral a todas as informa\u00e7\u00f5es do site e atualiza\u00e7\u00f5es por 6 meses.<\/div><\/div><div class=\"pms-subscription-plan pms-subscription-plan-9729\"><label><input type=\"radio\" name=\"subscription_plans\" data-price=\"120\" data-duration=\"1\" data-sign_up_fee=\"0\" data-trial=\"0\"  value=\"9729\"  \/><span class=\"pms-subscription-plan-name\">Anual<\/span><span class=\"pms-subscription-plan-price\"><span class=\"pms-divider\"> - <\/span><span class=\"pms-subscription-plan-currency\">&#82;&#36;<\/span><span class=\"pms-subscription-plan-price-value\">120<\/span><span class=\"pms-divider\"> \/ <\/span>1 Ano<\/span><span class=\"pms-subscription-plan-trial\"><\/span><span class=\"pms-subscription-plan-sign-up-fee\"><\/span><\/label><div class=\"pms-subscription-plan-description\">Acesso ao conte\u00fado completo do site e todas as atualiza\u00e7\u00f5es por 1 ano.<\/div><\/div><div class=\"pms-subscription-plan pms-subscription-plan-9728\"><label><input type=\"radio\" name=\"subscription_plans\" data-price=\"30\" data-duration=\"30\" data-sign_up_fee=\"0\" data-trial=\"0\"  value=\"9728\"  \/><span class=\"pms-subscription-plan-name\">Mensal<\/span><span class=\"pms-subscription-plan-price\"><span class=\"pms-divider\"> - <\/span><span class=\"pms-subscription-plan-currency\">&#82;&#36;<\/span><span class=\"pms-subscription-plan-price-value\">30<\/span><span class=\"pms-divider\"> \/ <\/span>30 Dia<\/span><span class=\"pms-subscription-plan-trial\"><\/span><span class=\"pms-subscription-plan-sign-up-fee\"><\/span><\/label><div class=\"pms-subscription-plan-description\">Plano para acesso integral a todas as informa\u00e7\u00f5es do site e atualiza\u00e7\u00f5es por 30 dias.<\/div><\/div><div class=\"pms-subscription-plan pms-subscription-plan-9709\"><label><input type=\"radio\" name=\"subscription_plans\" data-price=\"0\" data-duration=\"1\" data-sign_up_fee=\"0\" data-trial=\"0\"  value=\"9709\"  \/><span class=\"pms-subscription-plan-name\">FILIADAS<\/span><span class=\"pms-subscription-plan-price\"><span class=\"pms-divider\"> - <\/span><span class=\"pms-subscription-plan-price-value\">Gr\u00e1tis<\/span><span class=\"pms-divider\"> \/ <\/span>1 Dia<\/span><span class=\"pms-subscription-plan-trial\"><\/span><span class=\"pms-subscription-plan-sign-up-fee\"><\/span><\/label><div class=\"pms-subscription-plan-description\">CTs filiadas possuem acesso irrestrito a todas as informa\u00e7\u00f5es e documentos preparados pela FEBRACT.\r\nVoc\u00ea ter\u00e1 1 dia de acesso de teste. Pe\u00e7a hoje a valida\u00e7\u00e3o da assinatura para nossa equipe.<\/div><\/div><div id=\"pms-paygates-wrapper\"><h3>Selecione um m\u00e9todo de pagamento<\/h3><div id=\"pms-paygates-inner\"><label><input type=\"radio\" class=\"pms_pay_gate\" name=\"pay_gate\" value=\"manual\" data-sign_up_fee=\"1\" data-trial=\"1\"  \/><span class=\"pms-paygate-name\">Manual\/Offline<\/span><\/label><label><input type=\"radio\" class=\"pms_pay_gate\" name=\"pay_gate\" value=\"paypal_standard\"  checked='checked' \/><span class=\"pms-paygate-name\">PayPal<\/span><\/label><\/div><div id=\"pms-gateways-not-available\"><span>No payment methods are available for the selected subscription plan.<\/span><\/div><\/div><\/li>\n    <\/ul>\n\n    <span id=\"pms-submit-button-loading-placeholder-text\" style=\"display: none;\">Processing. Please wait...<\/span><div id=\"pms-recaptcha-register-wrapper\" class=\"pms-field\"><div id=\"pms-recaptcha-register\" class=\"pms-recaptcha g-recaptcha\" data-sitekey=\"6Le8h7IZAAAAALQPBFfMB1CM8Ra60K91yJEwzKfz\" data-theme=\"light\" data-size=\"normal\"><\/div><\/div>\n    <input name=\"pms_register\" type=\"submit\" value=\"Registrar\" \/>\n\n<\/form>\n\n","protected":false},"excerpt":{"rendered":"","protected":false},"author":10,"featured_media":0,"parent":0,"menu_order":0,"comment_status":"closed","ping_status":"closed","template":"","meta":{"_monsterinsights_skip_tracking":false,"_monsterinsights_sitenote_active":false,"_monsterinsights_sitenote_note":"","_monsterinsights_sitenote_category":0,"footnotes":""},"class_list":["post-9705","page","type-page","status-publish","hentry"],"yoast_head":"<!-- This site is optimized with the Yoast SEO plugin v14.6.1 - https:\/\/yoast.com\/wordpress\/plugins\/seo\/ -->\n<title>Registro - FEBRACT<\/title>\n<meta name=\"robots\" content=\"index, follow\" \/>\n<meta name=\"googlebot\" content=\"index, follow, max-snippet:-1, max-image-preview:large, max-video-preview:-1\" \/>\n<meta name=\"bingbot\" content=\"index, follow, max-snippet:-1, max-image-preview:large, max-video-preview:-1\" \/>\n<link rel=\"canonical\" href=\"https:\/\/febract.org.br\/portal\/register\/\" \/>\n<meta property=\"og:locale\" content=\"pt_BR\" \/>\n<meta property=\"og:type\" content=\"article\" \/>\n<meta property=\"og:title\" content=\"Registro - FEBRACT\" \/>\n<meta property=\"og:url\" content=\"https:\/\/febract.org.br\/portal\/register\/\" \/>\n<meta property=\"og:site_name\" content=\"FEBRACT\" \/>\n<meta property=\"article:publisher\" content=\"https:\/\/www.facebook.com\/FEBRACT\/\" \/>\n<meta property=\"article:modified_time\" content=\"2020-05-01T22:50:18+00:00\" \/>\n<meta name=\"twitter:card\" content=\"summary\" \/>\n<script type=\"application\/ld+json\" class=\"yoast-schema-graph\">{\"@context\":\"https:\/\/schema.org\",\"@graph\":[{\"@type\":\"Organization\",\"@id\":\"https:\/\/febract.org.br\/portal\/#organization\",\"name\":\"Febract - Federa\\u00e7\\u00e3o Brasileira de Comunidades Terap\\u00eauticas\",\"url\":\"https:\/\/febract.org.br\/portal\/\",\"sameAs\":[\"https:\/\/www.facebook.com\/FEBRACT\/\"],\"logo\":{\"@type\":\"ImageObject\",\"@id\":\"https:\/\/febract.org.br\/portal\/#logo\",\"inLanguage\":\"pt-BR\",\"url\":\"https:\/\/febract.org.br\/portal\/wp-content\/uploads\/2016\/01\/footer-logo.jpg\",\"width\":150,\"height\":211,\"caption\":\"Febract - Federa\\u00e7\\u00e3o Brasileira de Comunidades Terap\\u00eauticas\"},\"image\":{\"@id\":\"https:\/\/febract.org.br\/portal\/#logo\"}},{\"@type\":\"WebSite\",\"@id\":\"https:\/\/febract.org.br\/portal\/#website\",\"url\":\"https:\/\/febract.org.br\/portal\/\",\"name\":\"FEBRACT\",\"description\":\"Federa\\u00e7\\u00e3o Brasileira  de Comunidades Terap\\u00eauticas. A FEBRACT fundada em 1990, \\u00e9 uma associa\\u00e7\\u00e3o sem fins lucrativos, que tem como Objetivo a realiza\\u00e7\\u00e3o de cursos para quem atua com preven\\u00e7\\u00e3o ao uso de drogas\",\"publisher\":{\"@id\":\"https:\/\/febract.org.br\/portal\/#organization\"},\"potentialAction\":[{\"@type\":\"SearchAction\",\"target\":\"https:\/\/febract.org.br\/portal\/?s={search_term_string}\",\"query-input\":\"required name=search_term_string\"}],\"inLanguage\":\"pt-BR\"},{\"@type\":\"WebPage\",\"@id\":\"https:\/\/febract.org.br\/portal\/register\/#webpage\",\"url\":\"https:\/\/febract.org.br\/portal\/register\/\",\"name\":\"Registro - FEBRACT\",\"isPartOf\":{\"@id\":\"https:\/\/febract.org.br\/portal\/#website\"},\"datePublished\":\"2020-05-01T20:02:51+00:00\",\"dateModified\":\"2020-05-01T22:50:18+00:00\",\"inLanguage\":\"pt-BR\",\"potentialAction\":[{\"@type\":\"ReadAction\",\"target\":[\"https:\/\/febract.org.br\/portal\/register\/\"]}]}]}<\/script>\n<!-- \/ Yoast SEO plugin. -->","_links":{"self":[{"href":"https:\/\/febract.org.br\/portal\/wp-json\/wp\/v2\/pages\/9705","targetHints":{"allow":["GET"]}}],"collection":[{"href":"https:\/\/febract.org.br\/portal\/wp-json\/wp\/v2\/pages"}],"about":[{"href":"https:\/\/febract.org.br\/portal\/wp-json\/wp\/v2\/types\/page"}],"author":[{"embeddable":true,"href":"https:\/\/febract.org.br\/portal\/wp-json\/wp\/v2\/users\/10"}],"replies":[{"embeddable":true,"href":"https:\/\/febract.org.br\/portal\/wp-json\/wp\/v2\/comments?post=9705"}],"version-history":[{"count":1,"href":"https:\/\/febract.org.br\/portal\/wp-json\/wp\/v2\/pages\/9705\/revisions"}],"predecessor-version":[{"id":9740,"href":"https:\/\/febract.org.br\/portal\/wp-json\/wp\/v2\/pages\/9705\/revisions\/9740"}],"wp:attachment":[{"href":"https:\/\/febract.org.br\/portal\/wp-json\/wp\/v2\/media?parent=9705"}],"curies":[{"name":"wp","href":"https:\/\/api.w.org\/{rel}","templated":true}]}}