{"id":9735,"date":"2020-05-01T19:47:57","date_gmt":"2020-05-01T22:47:57","guid":{"rendered":"http:\/\/febract.org.br\/portal\/?page_id=9735"},"modified":"2020-05-05T14:13:18","modified_gmt":"2020-05-05T17:13:18","slug":"area-restrita","status":"publish","type":"page","link":"https:\/\/febract.org.br\/portal\/area-restrita\/","title":{"rendered":"AREA RESTRITA"},"content":{"rendered":"<div id=\"fb-root\"><\/div>\n\n<h2 class=\"wp-block-heading\">AREA RESTRITA<\/h2>\n\n\n<hr \/>\n<p>A <span style=\"color: #0000ff;\"><strong>FEBRACT<\/strong><\/span>, no intuito de oferecer sempre o melhor conte\u00fado para suas <span style=\"color: #0000ff;\"><strong>FILIADAS<\/strong><\/span>, oferece a elas <span style=\"color: #0000ff;\"><strong>acesso gratuito<\/strong><\/span> a todo o conte\u00fado do site e suas atualiza\u00e7\u00f5es.<\/p>\n<p>\u00a0<\/p>\n<p>A se\u00e7\u00e3o de <span style=\"color: #0000ff;\"><strong>Conte\u00fados<\/strong><\/span>, exceto a \u00e1rea sobre COVID-19, \u00e9 de acesso restrito \u00e0s <span style=\"color: #0000ff;\"><strong>CTs Filiadas ou assinantes<\/strong> <\/span>do nosso site.<\/p>\n<p>\u00a0<\/p>\n<p>A se\u00e7\u00e3o de <span style=\"color: #0000ff;\"><strong>Informativos Filiadas<\/strong> <\/span>\u00e9 de acesso restrito unicamente para CTs filiadas.<\/p>\n<p>\u00a0<\/p>\n<p><span style=\"color: #0000ff;\"><strong>Todos os meses atualizamos os conte\u00fados<\/strong> <\/span>dispon\u00edveis no site, tanto nas legisla\u00e7\u00f5es quanto nos artigos cient\u00edficos e materiais t\u00e9cnicos, assim como os <span style=\"color: #0000ff;\"><strong>INFORMATIVOS <\/strong>\u00a0<\/span>que encaminhamos para as CTs filiadas com informa\u00e7\u00f5es pertinentes aos temas mais atuais.<\/p>\n<p>\u00a0<\/p>\n<p>Para acessar a \u00e1rea de <strong>registro<\/strong> <strong><span style=\"color: #0000ff;\"><a style=\"color: #0000ff;\" href=\"http:\/\/febract.org.br\/portal\/register\/\">clique aqui<\/a><\/span><\/strong><\/p>\n<p>Se voc\u00ea j\u00e1 \u00e9 membro, fa\u00e7a seu <strong>login<\/strong> <strong><span style=\"color: #0000ff;\"><a style=\"color: #0000ff;\" href=\"http:\/\/febract.org.br\/portal\/login\/\">clicando aqui<\/a><\/span><\/strong><\/p>\n<p>\u00a0<\/p>","protected":false},"excerpt":{"rendered":"<p>AREA RESTRITA A FEBRACT, no intuito de oferecer sempre o melhor conte\u00fado para suas FILIADAS, oferece a elas acesso gratuito a todo o conte\u00fado do site e suas atualiza\u00e7\u00f5es. \u00a0 A se\u00e7\u00e3o de Conte\u00fados, exceto a \u00e1rea sobre COVID-19, \u00e9 de acesso restrito \u00e0s CTs Filiadas ou assinantes do nosso site. \u00a0 A se\u00e7\u00e3o de [&hellip;]<\/p>\n","protected":false},"author":10,"featured_media":9737,"parent":0,"menu_order":0,"comment_status":"closed","ping_status":"closed","template":"","meta":{"_monsterinsights_skip_tracking":false,"_monsterinsights_sitenote_active":false,"_monsterinsights_sitenote_note":"","_monsterinsights_sitenote_category":0,"footnotes":""},"class_list":["post-9735","page","type-page","status-publish","has-post-thumbnail","hentry"],"yoast_head":"<!-- This site is optimized with the Yoast SEO plugin v14.6.1 - https:\/\/yoast.com\/wordpress\/plugins\/seo\/ -->\n<title>AREA RESTRITA - FEBRACT<\/title>\n<meta name=\"robots\" content=\"index, follow\" \/>\n<meta name=\"googlebot\" content=\"index, follow, max-snippet:-1, max-image-preview:large, max-video-preview:-1\" \/>\n<meta name=\"bingbot\" content=\"index, follow, max-snippet:-1, max-image-preview:large, max-video-preview:-1\" \/>\n<link rel=\"canonical\" href=\"https:\/\/febract.org.br\/portal\/area-restrita\/\" \/>\n<meta property=\"og:locale\" content=\"pt_BR\" \/>\n<meta property=\"og:type\" content=\"article\" \/>\n<meta property=\"og:title\" content=\"AREA RESTRITA - FEBRACT\" \/>\n<meta property=\"og:description\" content=\"AREA RESTRITA A FEBRACT, no intuito de oferecer sempre o melhor conte\u00fado para suas FILIADAS, oferece a elas acesso gratuito a todo o conte\u00fado do site e suas atualiza\u00e7\u00f5es. \u00a0 A se\u00e7\u00e3o de Conte\u00fados, exceto a \u00e1rea sobre COVID-19, \u00e9 de acesso restrito \u00e0s CTs Filiadas ou assinantes do nosso site. \u00a0 A se\u00e7\u00e3o de [&hellip;]\" \/>\n<meta property=\"og:url\" content=\"https:\/\/febract.org.br\/portal\/area-restrita\/\" \/>\n<meta property=\"og:site_name\" content=\"FEBRACT\" \/>\n<meta property=\"article:publisher\" content=\"https:\/\/www.facebook.com\/FEBRACT\/\" \/>\n<meta property=\"article:modified_time\" content=\"2020-05-05T17:13:18+00:00\" \/>\n<meta property=\"og:image\" content=\"https:\/\/febract.org.br\/portal\/wp-content\/uploads\/2020\/05\/AREA-RESTRITA.jpg\" \/>\n\t<meta property=\"og:image:width\" content=\"835\" \/>\n\t<meta property=\"og:image:height\" content=\"228\" \/>\n<meta name=\"twitter:card\" content=\"summary\" \/>\n<script type=\"application\/ld+json\" class=\"yoast-schema-graph\">{\"@context\":\"https:\/\/schema.org\",\"@graph\":[{\"@type\":\"Organization\",\"@id\":\"https:\/\/febract.org.br\/portal\/#organization\",\"name\":\"Febract - Federa\\u00e7\\u00e3o Brasileira de Comunidades Terap\\u00eauticas\",\"url\":\"https:\/\/febract.org.br\/portal\/\",\"sameAs\":[\"https:\/\/www.facebook.com\/FEBRACT\/\"],\"logo\":{\"@type\":\"ImageObject\",\"@id\":\"https:\/\/febract.org.br\/portal\/#logo\",\"inLanguage\":\"pt-BR\",\"url\":\"https:\/\/febract.org.br\/portal\/wp-content\/uploads\/2016\/01\/footer-logo.jpg\",\"width\":150,\"height\":211,\"caption\":\"Febract - Federa\\u00e7\\u00e3o Brasileira de Comunidades Terap\\u00eauticas\"},\"image\":{\"@id\":\"https:\/\/febract.org.br\/portal\/#logo\"}},{\"@type\":\"WebSite\",\"@id\":\"https:\/\/febract.org.br\/portal\/#website\",\"url\":\"https:\/\/febract.org.br\/portal\/\",\"name\":\"FEBRACT\",\"description\":\"Federa\\u00e7\\u00e3o Brasileira  de Comunidades Terap\\u00eauticas. A FEBRACT fundada em 1990, \\u00e9 uma associa\\u00e7\\u00e3o sem fins lucrativos, que tem como Objetivo a realiza\\u00e7\\u00e3o de cursos para quem atua com preven\\u00e7\\u00e3o ao uso de drogas\",\"publisher\":{\"@id\":\"https:\/\/febract.org.br\/portal\/#organization\"},\"potentialAction\":[{\"@type\":\"SearchAction\",\"target\":\"https:\/\/febract.org.br\/portal\/?s={search_term_string}\",\"query-input\":\"required name=search_term_string\"}],\"inLanguage\":\"pt-BR\"},{\"@type\":\"ImageObject\",\"@id\":\"https:\/\/febract.org.br\/portal\/area-restrita\/#primaryimage\",\"inLanguage\":\"pt-BR\",\"url\":\"https:\/\/febract.org.br\/portal\/wp-content\/uploads\/2020\/05\/AREA-RESTRITA.jpg\",\"width\":835,\"height\":228},{\"@type\":\"WebPage\",\"@id\":\"https:\/\/febract.org.br\/portal\/area-restrita\/#webpage\",\"url\":\"https:\/\/febract.org.br\/portal\/area-restrita\/\",\"name\":\"AREA RESTRITA - FEBRACT\",\"isPartOf\":{\"@id\":\"https:\/\/febract.org.br\/portal\/#website\"},\"primaryImageOfPage\":{\"@id\":\"https:\/\/febract.org.br\/portal\/area-restrita\/#primaryimage\"},\"datePublished\":\"2020-05-01T22:47:57+00:00\",\"dateModified\":\"2020-05-05T17:13:18+00:00\",\"inLanguage\":\"pt-BR\",\"potentialAction\":[{\"@type\":\"ReadAction\",\"target\":[\"https:\/\/febract.org.br\/portal\/area-restrita\/\"]}]}]}<\/script>\n<!-- \/ Yoast SEO plugin. -->","_links":{"self":[{"href":"https:\/\/febract.org.br\/portal\/wp-json\/wp\/v2\/pages\/9735","targetHints":{"allow":["GET"]}}],"collection":[{"href":"https:\/\/febract.org.br\/portal\/wp-json\/wp\/v2\/pages"}],"about":[{"href":"https:\/\/febract.org.br\/portal\/wp-json\/wp\/v2\/types\/page"}],"author":[{"embeddable":true,"href":"https:\/\/febract.org.br\/portal\/wp-json\/wp\/v2\/users\/10"}],"replies":[{"embeddable":true,"href":"https:\/\/febract.org.br\/portal\/wp-json\/wp\/v2\/comments?post=9735"}],"version-history":[{"count":3,"href":"https:\/\/febract.org.br\/portal\/wp-json\/wp\/v2\/pages\/9735\/revisions"}],"predecessor-version":[{"id":9749,"href":"https:\/\/febract.org.br\/portal\/wp-json\/wp\/v2\/pages\/9735\/revisions\/9749"}],"wp:featuredmedia":[{"embeddable":true,"href":"https:\/\/febract.org.br\/portal\/wp-json\/wp\/v2\/media\/9737"}],"wp:attachment":[{"href":"https:\/\/febract.org.br\/portal\/wp-json\/wp\/v2\/media?parent=9735"}],"curies":[{"name":"wp","href":"https:\/\/api.w.org\/{rel}","templated":true}]}}