{"id":9807,"date":"2020-05-20T20:46:35","date_gmt":"2020-05-20T23:46:35","guid":{"rendered":"https:\/\/febract.org.br\/portal\/?page_id=9807"},"modified":"2020-05-22T14:56:09","modified_gmt":"2020-05-22T17:56:09","slug":"artigos-sobre-cts","status":"publish","type":"page","link":"https:\/\/febract.org.br\/portal\/artigos-sobre-cts\/","title":{"rendered":"Artigos sobre CTs (restrito)"},"content":{"rendered":"<div id=\"fb-root\"><\/div>\n<hr>\n<h2><strong>PESQUISAS E ARTIGOS SOBRE COMUNIDADES TERAP\u00caUTICAS<\/strong><\/h2>\n<hr>\n\n<table id=\"tablepress-1\" class=\"tablepress tablepress-id-1\">\n<thead>\n<tr class=\"row-1 odd\">\n\t<th class=\"column-1\">NOME DO AUTOR<\/th><th class=\"column-2\">NOME DO DOCUMENTO<\/th><th class=\"column-3\">DADOS DO DOCUMENTO<\/th><th class=\"column-4\">LINK PARA DOWNLOAD<\/th>\n<\/tr>\n<\/thead>\n<tbody class=\"row-hover\">\n<tr class=\"row-2 even\">\n\t<td class=\"column-1\">KURLANDER, PABLO<\/td><td class=\"column-2\">Fatores associados \u00e0 recidiva e abandono do tratamento de dependentes qu\u00edmicos: um estudo longitudinal em duas Comunidades Terap\u00eauticas.<\/td><td class=\"column-3\">Tese de Doutorado em Sa\u00fade Coletiva, FMB-UNESP, 2019.<\/td><td class=\"column-4\"><a href=\"https:\/\/febract.org.br\/portal\/wp-content\/uploads\/2020\/04\/DOUTORADO_PABLO_KURLANDER.pdf\" rel=\"noopener noreferrer\" target=\"_blank\">Baixe aqui<\/a><\/td>\n<\/tr>\n<tr class=\"row-3 odd\">\n\t<td class=\"column-1\">KURLANDER, PABLO<\/td><td class=\"column-2\">Fatores progn\u00f3sticos para o abandono precoce do tratamento da depend\u00eancia do \u00e1lcool, crack e outras drogas em uma Comunidade Terap\u00eautica.<\/td><td class=\"column-3\">Disserta\u00e7\u00e3o de Mestrado em Sa\u00fade Coletiva, FMB-UNESP, 2014.<\/td><td class=\"column-4\"><a href=\"https:\/\/febract.org.br\/portal\/wp-content\/uploads\/2020\/04\/MESTRADO_PABLO.pdf\" rel=\"noopener noreferrer\" target=\"_blank\">Baixe aqui<\/a><\/td>\n<\/tr>\n<tr class=\"row-4 even\">\n\t<td class=\"column-1\">DA MATA, CAROLINA COUTO<\/td><td class=\"column-2\">Outra hist\u00f3ria: a experi\u00eancia de dependentes qu\u00edmicos no enfrentamento da vida.<\/td><td class=\"column-3\">Tese de Doutorado em Psicologia, Faculdade de Filosofia e Ci\u00eancias Humanas \u2013 UFMG, 2016.<\/td><td class=\"column-4\"><a href=\"https:\/\/febract.org.br\/portal\/wp-content\/uploads\/2020\/04\/Doutorado-Carolina-Couto.pdf\" rel=\"noopener noreferrer\" target=\"_blank\">Baixe aqui<\/a><\/td>\n<\/tr>\n<tr class=\"row-5 odd\">\n\t<td class=\"column-1\">DA MATA, CAROLINA COUTO<\/td><td class=\"column-2\">O uso do trabalho como recurso terap\u00eautico no tratamento de dependentes qu\u00edmicos: um estudo em uma Comunidade Terap\u00eautica de Belo Horizonte.<\/td><td class=\"column-3\">Disserta\u00e7\u00e3o de Mestrado em Psicologia, Faculdade de Filosofia e Ci\u00eancias Humanas \u2013 UFMG, 2007.<\/td><td class=\"column-4\"><a href=\"https:\/\/febract.org.br\/portal\/wp-content\/uploads\/2020\/04\/Mestrado-Carolina-Couto.pdf\" rel=\"noopener noreferrer\" target=\"_blank\">Baixe aqui<\/a><\/td>\n<\/tr>\n<tr class=\"row-6 even\">\n\t<td class=\"column-1\">KURLANDER, PABLO<\/td><td class=\"column-2\">A Comunidade Terap\u00eautica para recupera\u00e7\u00e3o da depend\u00eancia do \u00e1lcool e outras drogas no Brasil: m\u00e3o ou contram\u00e3o da reforma psiqui\u00e1trica?<\/td><td class=\"column-3\">Ci\u00eancia e Sa\u00fade Coletiva, 2014. v. 19, n 2. p. 569-580.<\/td><td class=\"column-4\"><a href=\"https:\/\/febract.org.br\/portal\/wp-content\/uploads\/2020\/04\/CTS-E-RP.pdf\" rel=\"noopener noreferrer\" target=\"_blank\">Baixe aqui<\/a><\/td>\n<\/tr>\n<tr class=\"row-7 odd\">\n\t<td class=\"column-1\">PRA\u00c7A, MATHEUS LEITE et al.<\/td><td class=\"column-2\">Perfil S\u00f3cio Demogr\u00e1fico, Padr\u00f5es de Uso e Hist\u00f3rico de Tratamento entre Dependentes Qu\u00edmicos Acolhidos na Comunidade Terap\u00eautica: Uma an\u00e1lise da Idade de In\u00edcio de Experimenta\u00e7\u00e3o de Drogas.<\/td><td class=\"column-3\">Monografia de Especializa\u00e7\u00e3o em Depend\u00eancia Qu\u00edmica, Unidade de Pesquisa em \u00c1lcool e Drogas (UNIAD) \u2013 Departamento de Psiquiatria da Universidade Federal de S\u00e3o Paulo \u2013 UNIFESP, 2012.<\/td><td class=\"column-4\"><a href=\"https:\/\/febract.org.br\/portal\/wp-content\/uploads\/2020\/04\/Artigo-Especializa\u00e7\u00e3o-Matheus.pdf\" rel=\"noopener noreferrer\" target=\"_blank\">Baixe aqui<\/a><\/td>\n<\/tr>\n<tr class=\"row-8 even\">\n\t<td class=\"column-1\">SCADUTO, ALESSANDRO ANTONIO<\/td><td class=\"column-2\">O tratamento de dependentes de subst\u00e2ncias psicoativas numa Comunidade Terap\u00eautica: estudo atrav\u00e9s da avalia\u00e7\u00e3o psicol\u00f3gica.<\/td><td class=\"column-3\">Disserta\u00e7\u00e3o de Mestrado em Ci\u00eancias, \u00c1rea Psicologia, Faculdade de Filosofia, Ci\u00eancias e Letras de Ribeir\u00e3o Preto, USP, 2010. <\/td><td class=\"column-4\"><a href=\"https:\/\/febract.org.br\/portal\/wp-content\/uploads\/2020\/04\/Mestrado-Alessandro-Tratametno-em-CT.pdf\" rel=\"noopener noreferrer\" target=\"_blank\">Baixe aqui<\/a><\/td>\n<\/tr>\n<tr class=\"row-9 odd\">\n\t<td class=\"column-1\">MELO, MARIANE CAPELLATO<\/td><td class=\"column-2\">Sentidos constru\u00eddos sobre a interna\u00e7\u00e3o em Comunidades Terap\u00eauticas com pessoas em tratamento por uso de drogas.<\/td><td class=\"column-3\">Disserta\u00e7\u00e3o de Mestrado em Ci\u00eancias, Faculdade de Filosofia, Ci\u00eancias e Letras de Ribeir\u00e3o Preto, USP, 2016.<\/td><td class=\"column-4\"><a href=\"https:\/\/febract.org.br\/portal\/wp-content\/uploads\/2020\/04\/Mestrado-Mariane-Sentidos-sobre-interna\u00e7\u00e3o-em-CTs.pdf\" rel=\"noopener noreferrer\" target=\"_blank\">Baixe aqui<\/a><\/td>\n<\/tr>\n<tr class=\"row-10 even\">\n\t<td class=\"column-1\">IPEA \u2013 Instituto de Pesquisa Econ\u00f4mica Aplicada<\/td><td class=\"column-2\">Boletim de An\u00e1lise Pol\u00edtico-Institucional \u2013 Pol\u00edtica de Drogas - 2018<\/td><td class=\"column-3\">IPEA \u2013 Instituto de Pesquisa Econ\u00f4mica Aplicada, 2018. p. 81-90.<\/td><td class=\"column-4\"><a href=\"https:\/\/febract.org.br\/portal\/wp-content\/uploads\/2020\/04\/BOLETIM-IPEA-2018.pdf\" rel=\"noopener noreferrer\" target=\"_blank\">Baixe aqui<\/a><\/td>\n<\/tr>\n<tr class=\"row-11 odd\">\n\t<td class=\"column-1\">IPEA \u2013 Instituto de Pesquisa Econ\u00f4mica Aplicada<\/td><td class=\"column-2\">Nota T\u00e9cnica 21: Perfil das Comunidades Terap\u00eauticas<\/td><td class=\"column-3\">IPEA \u2013 Instituto de Pesquisa Econ\u00f4mica Aplicada, 2017.<\/td><td class=\"column-4\"><a href=\"https:\/\/febract.org.br\/portal\/wp-content\/uploads\/2020\/04\/IPEA-NOTE-TECNICA-PERFIL-CTS.pdf\" rel=\"noopener noreferrer\" target=\"_blank\">Baixe aqui<\/a><\/td>\n<\/tr>\n<tr class=\"row-12 even\">\n\t<td class=\"column-1\">IPEA \u2013 Instituto de Pesquisa Econ\u00f4mica Aplicada<\/td><td class=\"column-2\">Boletim de An\u00e1lise Pol\u00edtico-Institucional - 2014<\/td><td class=\"column-3\">IPEA \u2013 Instituto de Pesquisa Econ\u00f4mica Aplicada, 2014. p. 43-48.<\/td><td class=\"column-4\"><a href=\"https:\/\/febract.org.br\/portal\/wp-content\/uploads\/2020\/04\/BOLETIM-IPEA-2014.pdf\" rel=\"noopener noreferrer\" target=\"_blank\">Baixe aqui<\/a><\/td>\n<\/tr>\n<tr class=\"row-13 odd\">\n\t<td class=\"column-1\">LIMA, VERA L\u00daCIA AZEVEDO et al.<\/td><td class=\"column-2\">Comunidades Terap\u00eauticas e depend\u00eancia qu\u00edmica: estudo explorat\u00f3rio sobre a vers\u00e3o da m\u00eddia.<\/td><td class=\"column-3\">Rev. Sa\u00fade P\u00fabl. Santa Cat., 2015. v. 8, n. 2, p. 122-134.<\/td><td class=\"column-4\"><a href=\"https:\/\/febract.org.br\/portal\/wp-content\/uploads\/2020\/04\/CTs-DQa-e-Midia.pdf\" rel=\"noopener noreferrer\" target=\"_blank\">Baixe aqui<\/a><\/td>\n<\/tr>\n<tr class=\"row-14 even\">\n\t<td class=\"column-1\">DAMAS, FERNANDO BALVEDI<\/td><td class=\"column-2\">Comunidades Terap\u00eauticas no Brasil: expans\u00e3o, institucionaliza\u00e7\u00e3o e relev\u00e2ncia social.<\/td><td class=\"column-3\">Rev. Sa\u00fade P\u00fabl. Santa Cat., 2013. v. 6, n. 1. p. 50-65.<\/td><td class=\"column-4\"><a href=\"https:\/\/febract.org.br\/portal\/wp-content\/uploads\/2020\/04\/Comunidades-Terap\u00eauticas-no-Brasil-expans\u00e3o-institucionaliza\u00e7\u00e3o-e-relev\u00e2ncia-social.pdf\" rel=\"noopener noreferrer\" target=\"_blank\">Baixe aqui<\/a><\/td>\n<\/tr>\n<tr class=\"row-15 odd\">\n\t<td class=\"column-1\">SCADUTO, ALESSANDRO ANTONIO; BARBIERI, VAL\u00c9RIA; DOS SANTOS, MANOEL ANT\u00d4NIO<\/td><td class=\"column-2\">Comunidades terap\u00eauticas para dependentes de subst\u00e2ncias psicoativas: avalia\u00e7\u00e3o dos resultados do tratamento.<\/td><td class=\"column-3\">Revista Psicologia: Teoria e Pr\u00e1tica, 2014. v. 16, n. 2. p. 156\u2011171.<\/td><td class=\"column-4\"><a href=\"https:\/\/febract.org.br\/portal\/wp-content\/uploads\/2020\/04\/Comunidades_terapeuticas_para_dependentes_de_subst.pdf\" rel=\"noopener noreferrer\" target=\"_blank\">Baixe aqui<\/a><\/td>\n<\/tr>\n<tr class=\"row-16 even\">\n\t<td class=\"column-1\">TEO, CARLA ROSANE PAZ ARRUDA; BALDISSERA, LUANA; RECH, FRANCIELLE RODRIGUES DA FONSECA<\/td><td class=\"column-2\">Adequa\u00e7\u00e3o da alimenta\u00e7\u00e3o ao perfil dos dependentes qu\u00edmicos em uma Comunidade Terap\u00eautica: um estudo de caso.<\/td><td class=\"column-3\">SMAD, Rev. Eletr\u00f4nica Sa\u00fade Mental \u00c1lcool Drog, 2011. v. 7, n. 3. p. 119-125.<\/td><td class=\"column-4\"><a href=\"https:\/\/febract.org.br\/portal\/wp-content\/uploads\/2020\/04\/Adequa\u00e7\u00e3o-da-alimenta\u00e7\u00e3o-ao-perfil-dos-dependentes-qu\u00edmicos-em-comunidades-terapeuticas.pdf\" rel=\"noopener noreferrer\" target=\"_blank\">Baixe aqui<\/a><\/td>\n<\/tr>\n<tr class=\"row-17 odd\">\n\t<td class=\"column-1\">KURLANDER, PABLO<\/td><td class=\"column-2\">A \u201cS\u00cdNDROME DOS TR\u00caS MESES\u201d: a desist\u00eancia no tratamento da depend\u00eancia qu\u00edmica em duas Comunidades Terap\u00eauticas do interior do Estado de S\u00e3o Paulo.<\/td><td class=\"column-3\">Monografia de Licenciatura em Psicologia. UNIFSP, 2012.<\/td><td class=\"column-4\"><a href=\"https:\/\/febract.org.br\/portal\/wp-content\/uploads\/2020\/04\/MONOGRAFIA-PABLO.pdf\" rel=\"noopener noreferrer\" target=\"_blank\">Baixe aqui<\/a><\/td>\n<\/tr>\n<tr class=\"row-18 even\">\n\t<td class=\"column-1\">MAZZONI, DANILO<\/td><td class=\"column-2\">Uma an\u00e1lise behaviorista radical de um instrumento de avalia\u00e7\u00e3o do abandono do tratamento para depend\u00eancia qu\u00edmica em Comunidade Terap\u00eautica.<\/td><td class=\"column-3\">Monografia de Licenciatura em Psicologia. UNIFSP, 2014.<\/td><td class=\"column-4\"><a href=\"https:\/\/febract.org.br\/portal\/wp-content\/uploads\/2020\/04\/MONOGRAFIA_DANILO.pdf\" rel=\"noopener noreferrer\" target=\"_blank\">Baixe aqui<\/a><\/td>\n<\/tr>\n<tr class=\"row-19 odd\">\n\t<td class=\"column-1\">GAZETA, MAYARA DE LIMA<\/td><td class=\"column-2\">An\u00e1lise das descri\u00e7\u00f5es de comportamentos da equipe t\u00e9cnica de psicologia diante da apresenta\u00e7\u00e3o de comportamentos indicativos de abandono de tratamento para depend\u00eancia qu\u00edmica.<\/td><td class=\"column-3\">Monografia de Licenciatura em Psicologia. UNIFSP, 2015.<\/td><td class=\"column-4\"><a href=\"https:\/\/febract.org.br\/portal\/wp-content\/uploads\/2020\/04\/MONOGRAFIA_MAYARA.pdf\" rel=\"noopener noreferrer\" target=\"_blank\">Baixe aqui<\/a><\/td>\n<\/tr>\n<\/tbody>\n<\/table>\n<!-- #tablepress-1 from cache -->\n","protected":false},"excerpt":{"rendered":"<p>PESQUISAS E ARTIGOS SOBRE COMUNIDADES TERAP\u00caUTICAS<\/p>\n","protected":false},"author":10,"featured_media":0,"parent":0,"menu_order":0,"comment_status":"closed","ping_status":"closed","template":"","meta":{"_monsterinsights_skip_tracking":false,"_monsterinsights_sitenote_active":false,"_monsterinsights_sitenote_note":"","_monsterinsights_sitenote_category":0,"footnotes":""},"class_list":["post-9807","page","type-page","status-publish","hentry"],"yoast_head":"<!-- This site is optimized with the Yoast SEO plugin v14.6.1 - https:\/\/yoast.com\/wordpress\/plugins\/seo\/ -->\n<title>Artigos sobre CTs (restrito) - FEBRACT<\/title>\n<meta name=\"robots\" content=\"index, follow\" \/>\n<meta name=\"googlebot\" content=\"index, follow, max-snippet:-1, max-image-preview:large, max-video-preview:-1\" \/>\n<meta name=\"bingbot\" content=\"index, follow, max-snippet:-1, max-image-preview:large, max-video-preview:-1\" \/>\n<link rel=\"canonical\" href=\"https:\/\/febract.org.br\/portal\/artigos-sobre-cts\/\" \/>\n<meta property=\"og:locale\" content=\"pt_BR\" \/>\n<meta property=\"og:type\" content=\"article\" \/>\n<meta property=\"og:title\" content=\"Artigos sobre CTs (restrito) - FEBRACT\" \/>\n<meta property=\"og:description\" content=\"PESQUISAS E ARTIGOS SOBRE COMUNIDADES TERAP\u00caUTICAS\" \/>\n<meta property=\"og:url\" content=\"https:\/\/febract.org.br\/portal\/artigos-sobre-cts\/\" \/>\n<meta property=\"og:site_name\" content=\"FEBRACT\" \/>\n<meta property=\"article:publisher\" content=\"https:\/\/www.facebook.com\/FEBRACT\/\" \/>\n<meta property=\"article:modified_time\" content=\"2020-05-22T17:56:09+00:00\" \/>\n<meta name=\"twitter:card\" content=\"summary\" \/>\n<script type=\"application\/ld+json\" class=\"yoast-schema-graph\">{\"@context\":\"https:\/\/schema.org\",\"@graph\":[{\"@type\":\"Organization\",\"@id\":\"https:\/\/febract.org.br\/portal\/#organization\",\"name\":\"Febract - Federa\\u00e7\\u00e3o Brasileira de Comunidades Terap\\u00eauticas\",\"url\":\"https:\/\/febract.org.br\/portal\/\",\"sameAs\":[\"https:\/\/www.facebook.com\/FEBRACT\/\"],\"logo\":{\"@type\":\"ImageObject\",\"@id\":\"https:\/\/febract.org.br\/portal\/#logo\",\"inLanguage\":\"pt-BR\",\"url\":\"https:\/\/febract.org.br\/portal\/wp-content\/uploads\/2016\/01\/footer-logo.jpg\",\"width\":150,\"height\":211,\"caption\":\"Febract - Federa\\u00e7\\u00e3o Brasileira de Comunidades Terap\\u00eauticas\"},\"image\":{\"@id\":\"https:\/\/febract.org.br\/portal\/#logo\"}},{\"@type\":\"WebSite\",\"@id\":\"https:\/\/febract.org.br\/portal\/#website\",\"url\":\"https:\/\/febract.org.br\/portal\/\",\"name\":\"FEBRACT\",\"description\":\"Federa\\u00e7\\u00e3o Brasileira  de Comunidades Terap\\u00eauticas. A FEBRACT fundada em 1990, \\u00e9 uma associa\\u00e7\\u00e3o sem fins lucrativos, que tem como Objetivo a realiza\\u00e7\\u00e3o de cursos para quem atua com preven\\u00e7\\u00e3o ao uso de drogas\",\"publisher\":{\"@id\":\"https:\/\/febract.org.br\/portal\/#organization\"},\"potentialAction\":[{\"@type\":\"SearchAction\",\"target\":\"https:\/\/febract.org.br\/portal\/?s={search_term_string}\",\"query-input\":\"required name=search_term_string\"}],\"inLanguage\":\"pt-BR\"},{\"@type\":\"WebPage\",\"@id\":\"https:\/\/febract.org.br\/portal\/artigos-sobre-cts\/#webpage\",\"url\":\"https:\/\/febract.org.br\/portal\/artigos-sobre-cts\/\",\"name\":\"Artigos sobre CTs (restrito) - FEBRACT\",\"isPartOf\":{\"@id\":\"https:\/\/febract.org.br\/portal\/#website\"},\"datePublished\":\"2020-05-20T23:46:35+00:00\",\"dateModified\":\"2020-05-22T17:56:09+00:00\",\"inLanguage\":\"pt-BR\",\"potentialAction\":[{\"@type\":\"ReadAction\",\"target\":[\"https:\/\/febract.org.br\/portal\/artigos-sobre-cts\/\"]}]}]}<\/script>\n<!-- \/ Yoast SEO plugin. -->","_links":{"self":[{"href":"https:\/\/febract.org.br\/portal\/wp-json\/wp\/v2\/pages\/9807","targetHints":{"allow":["GET"]}}],"collection":[{"href":"https:\/\/febract.org.br\/portal\/wp-json\/wp\/v2\/pages"}],"about":[{"href":"https:\/\/febract.org.br\/portal\/wp-json\/wp\/v2\/types\/page"}],"author":[{"embeddable":true,"href":"https:\/\/febract.org.br\/portal\/wp-json\/wp\/v2\/users\/10"}],"replies":[{"embeddable":true,"href":"https:\/\/febract.org.br\/portal\/wp-json\/wp\/v2\/comments?post=9807"}],"version-history":[{"count":4,"href":"https:\/\/febract.org.br\/portal\/wp-json\/wp\/v2\/pages\/9807\/revisions"}],"predecessor-version":[{"id":10011,"href":"https:\/\/febract.org.br\/portal\/wp-json\/wp\/v2\/pages\/9807\/revisions\/10011"}],"wp:attachment":[{"href":"https:\/\/febract.org.br\/portal\/wp-json\/wp\/v2\/media?parent=9807"}],"curies":[{"name":"wp","href":"https:\/\/api.w.org\/{rel}","templated":true}]}}