{"id":9827,"date":"2020-05-20T23:25:33","date_gmt":"2020-05-21T02:25:33","guid":{"rendered":"https:\/\/febract.org.br\/portal\/?page_id=9827"},"modified":"2022-03-16T14:05:43","modified_gmt":"2022-03-16T17:05:43","slug":"temas-relacionados","status":"publish","type":"page","link":"https:\/\/febract.org.br\/portal\/temas-relacionados\/","title":{"rendered":"Temas relacionados a CTs (restrito)"},"content":{"rendered":"<div id=\"fb-root\"><\/div>\n<hr>\n<h2><strong>TEMAS RELACIONADOS COM AS COMUNIDADES TERAP\u00caUTICAS<\/strong><\/h2>\n<hr>\n\n<table id=\"tablepress-2\" class=\"tablepress tablepress-id-2\">\n<thead>\n<tr class=\"row-1 odd\">\n\t<th class=\"column-1\">NOME DO AUTOR<\/th><th class=\"column-2\">NOME DO DOCUMENTO<\/th><th class=\"column-3\">DADOS DO DOCUMENTO<\/th><th class=\"column-4\">LINK PARA DOWNLOAD<\/th>\n<\/tr>\n<\/thead>\n<tbody class=\"row-hover\">\n<tr class=\"row-2 even\">\n\t<td class=\"column-1\">UNODC - Escrit\u00f3rio das Na\u00e7\u00f5es Unidas Sobre Drogas e Crime<\/td><td class=\"column-2\">Da coer\u00e7\u00e3o \u00e0 coes\u00e3o: tratamento da depend\u00eancia de drogas por meio de cuidados em sa\u00fade e n\u00e3o da puni\u00e7\u00e3o.<\/td><td class=\"column-3\">UNODC - Escrit\u00f3rio das Na\u00e7\u00f5es Unidas Sobre Drogas e Crime, 2009.<\/td><td class=\"column-4\"><a href=\"https:\/\/febract.org.br\/portal\/wp-content\/uploads\/2020\/04\/Da_coercao_a_coesao-UNODC.pdf\" rel=\"noopener noreferrer\" target=\"_blank\">Baixe aqui<\/a><\/td>\n<\/tr>\n<tr class=\"row-3 odd\">\n\t<td class=\"column-1\">LARANJEIRA, RONALDO et al.<\/td><td class=\"column-2\">Diretrizes da Associa\u00e7\u00e3o Brasileira de Estudos do \u00c1lcool e outras Drogas (ABEAD) para o diagn\u00f3stico e tratamento de comorbidades psiqui\u00e1tricas e depend\u00eancia qu\u00edmica de \u00e1lcool e outras subst\u00e2ncias.<\/td><td class=\"column-3\">Revista Brasileira de Psiquiatria, 2006. v. 28, n. 2. p. 142-148.<\/td><td class=\"column-4\"><a href=\"https:\/\/febract.org.br\/portal\/wp-content\/uploads\/2020\/04\/DIRETRIZES-ABEAD-COMORBIDADES.pdf\" rel=\"noopener noreferrer\" target=\"_blank\">Baixe aqui<\/a><\/td>\n<\/tr>\n<tr class=\"row-4 even\">\n\t<td class=\"column-1\">RIBEIRO, MARCELO<\/td><td class=\"column-2\">Drogas: Uma leitura junguiana da hist\u00f3ria e da cl\u00ednica das depend\u00eancias.<\/td><td class=\"column-3\">Monografia Membro-Analista. Sociedade Brasileira de Psicologia Anal\u00edtica (SBPA), 2012.<\/td><td class=\"column-4\"><a href=\"https:\/\/febract.org.br\/portal\/wp-content\/uploads\/2020\/04\/Drogas-leitura-junguiana-Marcelo-Ribeiro.pdf\" rel=\"noopener noreferrer\" target=\"_blank\">Baixe aqui<\/a><\/td>\n<\/tr>\n<tr class=\"row-5 odd\">\n\t<td class=\"column-1\">RIBEIRO, MARCELO; LARANJEIRA, RONALDO<\/td><td class=\"column-2\">Evolu\u00e7\u00e3o do conceito de depend\u00eancia [atualizada, com coment\u00e1rios sobre o DSM-5]<\/td><td class=\"column-3\">Unidade de Pesquisa em \u00c1lcool e Drogas (UNIAD \u2013 UNIFESP), 2016.<\/td><td class=\"column-4\"><a href=\"https:\/\/febract.org.br\/portal\/wp-content\/uploads\/2020\/04\/Ribeiro-Laranjeira.-Evolu\u00e7\u00e3o-do-conceito-de-depend\u00eancia-qu\u00edmica.-2015.pdf\" rel=\"noopener noreferrer\" target=\"_blank\">Baixe aqui<\/a><\/td>\n<\/tr>\n<tr class=\"row-6 even\">\n\t<td class=\"column-1\">RIBEIRO, MARCELO<\/td><td class=\"column-2\">Neurobiologia da depend\u00eancia qu\u00edmica.<\/td><td class=\"column-3\">Unidade de Pesquisa em \u00c1lcool e Drogas (UNIAD \u2013 UNIFESP), 2003.<\/td><td class=\"column-4\"><a href=\"https:\/\/febract.org.br\/portal\/wp-content\/uploads\/2020\/04\/Ribeiro.__Neurobiologia_da_dependencia_quimica_texto.__2002..pdf\" rel=\"noopener noreferrer\" target=\"_blank\">Baixe aqui<\/a><\/td>\n<\/tr>\n<tr class=\"row-7 odd\">\n\t<td class=\"column-1\">DE MAGALH\u00c3ES, RAFAEL BRITO; SAIDE, OSVALDO LUIS<\/td><td class=\"column-2\">Alco\u00f3licos An\u00f4nimos: potencialidades terap\u00eauticas de um grupo de m\u00fatua ajuda.<\/td><td class=\"column-3\">Revista Debates em Psiquiatria, 2015. p. 12-20.<\/td><td class=\"column-4\"><a href=\"https:\/\/febract.org.br\/portal\/wp-content\/uploads\/2020\/04\/ABP-EFICACIA-AA.pdf\" rel=\"noopener noreferrer\" target=\"_blank\">Baixe aqui<\/a><\/td>\n<\/tr>\n<tr class=\"row-8 even\">\n\t<td class=\"column-1\">VIEIRA, ANA CAROLINE SARI; FELDENS, ALESSANDRA CEC\u00cdLIA MIGUEL<\/td><td class=\"column-2\">Habilidades sociais, depend\u00eancia qu\u00edmica e abuso de drogas: Uma revis\u00e3o das publica\u00e7\u00f5es cient\u00edficas nos \u00faltimos 6 anos.<\/td><td class=\"column-3\">Monografia de Especializa\u00e7\u00e3o em Depend\u00eancia Qu\u00edmica e Promo\u00e7\u00e3o da Sa\u00fade, Faculdades Integradas Taquara, 2013.<\/td><td class=\"column-4\"><a href=\"https:\/\/febract.org.br\/portal\/wp-content\/uploads\/2020\/04\/HABILIDADES-SOCIAIS-DEPEND\u00caNCIA-QU\u00cdMICA-E-ABUSO-DE-DROGAS.pdf\" rel=\"noopener noreferrer\" target=\"_blank\">Baixe aqui<\/a><\/td>\n<\/tr>\n<tr class=\"row-9 odd\">\n\t<td class=\"column-1\">SOUSA, PATR\u00cdCIA FONSECA et al.<\/td><td class=\"column-2\">Dependentes qu\u00edmicos em tratamento: um estudo sobre a motiva\u00e7\u00e3o para mudan\u00e7a.<\/td><td class=\"column-3\">Temas em Psicologia, 2013. v. 21, n. 1. p. 259-268.<\/td><td class=\"column-4\"><a href=\"https:\/\/febract.org.br\/portal\/wp-content\/uploads\/2020\/04\/Motiva\u00e7\u00e3o-para-Mudan\u00e7a-em-dqs.pdf\" rel=\"noopener noreferrer\" target=\"_blank\">Baixe aqui<\/a><\/td>\n<\/tr>\n<tr class=\"row-10 even\">\n\t<td class=\"column-1\">SANT\u2019ANNA, WALMIR TEODORO<\/td><td class=\"column-2\">Interna\u00e7\u00e3o psiqui\u00e1trica involunt\u00e1ria no tratamento de dependentes qu\u00edmicos: aspectos legais e implica\u00e7\u00f5es cl\u00ednicas.<\/td><td class=\"column-3\">Monografia de Especializa\u00e7\u00e3o em Depend\u00eancia Qu\u00edmica, Unidade de Pesquisa em \u00c1lcool e Drogas (UNIAD) \u2013 Departamento de Psiquiatria da Universidade Federal de S\u00e3o Paulo \u2013 UNIFESP, 2012.<\/td><td class=\"column-4\"><a href=\"https:\/\/febract.org.br\/portal\/wp-content\/uploads\/2020\/04\/INTERNA\u00c7\u00c3O-PSIQUI\u00c1TRICA-INVOLUNT\u00c1RIA-NO-TRATAMENTO-DO-DQ-ASPECTOS-LEGAIS.pdf\" rel=\"noopener noreferrer\" target=\"_blank\">Baixe aqui<\/a><\/td>\n<\/tr>\n<tr class=\"row-11 odd\">\n\t<td class=\"column-1\">MARQUES, ANA CEC\u00cdLIA PETTA ROSELI<\/td><td class=\"column-2\">O uso do \u00e1lcool e a evolu\u00e7\u00e3o do conceito de depend\u00eancia de \u00e1lcool e outras drogas e tratamento.<\/td><td class=\"column-3\">Revista IMESC, 2001. n. 3. p. 73-86. <\/td><td class=\"column-4\"><a href=\"https:\/\/febract.org.br\/portal\/wp-content\/uploads\/2020\/04\/O-USO-DO-\u00c1LCOOL-E-A-EVOLU\u00c7\u00c3O-DO-CONCEITO-DE-DEPEND\u00caNCIA-DE-\u00c1LCOOL-E-OUTRAS-DROGAS.pdf\" rel=\"noopener noreferrer\" target=\"_blank\">Baixe aqui<\/a><\/td>\n<\/tr>\n<tr class=\"row-12 even\">\n\t<td class=\"column-1\">DA SILVEIRA, CAMILA et al.<\/td><td class=\"column-2\">Qualidade de vida, autoestima e autoimagem dos dependentes qu\u00edmicos.<\/td><td class=\"column-3\">Ci\u00eancia &amp; Sa\u00fade Coletiva, 2013. v. 18, n. 7. p. 2001-2006.<\/td><td class=\"column-4\"><a href=\"https:\/\/febract.org.br\/portal\/wp-content\/uploads\/2020\/04\/DQa-autoestima-e-autoimagem.pdf\" rel=\"noopener noreferrer\" target=\"_blank\">Baixe aqui<\/a><\/td>\n<\/tr>\n<tr class=\"row-13 odd\">\n\t<td class=\"column-1\">ARAUJO, RENATA BRASIL et al.<\/td><td class=\"column-2\">As estrat\u00e9gias de coping para o manejo da fissura de dependentes de crack.<\/td><td class=\"column-3\">Rev 37 HCPA, 2010. v. 30, n. 1.<\/td><td class=\"column-4\"><a href=\"https:\/\/febract.org.br\/portal\/wp-content\/uploads\/2020\/04\/COPING-EM-DQS.pdf\" rel=\"noopener noreferrer\" target=\"_blank\">Baixe aqui<\/a><\/td>\n<\/tr>\n<tr class=\"row-14 even\">\n\t<td class=\"column-1\">PALARO, ARIANE GOIM RIOS<\/td><td class=\"column-2\">Justi\u00e7a Terap\u00eautica: rompendo a dicotomia das \u201cdefesas e acusa\u00e7\u00f5es\u201d.<\/td><td class=\"column-3\">Monografia, Especializa\u00e7\u00e3o em Depend\u00eancia Qu\u00edmica, Unidade de Pesquisa em \u00c1lcool e Drogas (UNIAD) \u2013 Departamento de Psiquiatria da Universidade Federal de S\u00e3o Paulo, 2012.<\/td><td class=\"column-4\"><a href=\"https:\/\/febract.org.br\/portal\/wp-content\/uploads\/2020\/04\/JUSTI\u00c7A-TERAP\u00caUTICA-ROMPENDO-A-DICOTOMIA-DAS-\u201cDEFESAS-E-ACUSA\u00c7\u00d5ES\u201d.pdf\" rel=\"noopener noreferrer\" target=\"_blank\">Baixe aqui<\/a><\/td>\n<\/tr>\n<tr class=\"row-15 odd\">\n\t<td class=\"column-1\">KURLANDER, PABLO<\/td><td class=\"column-2\">Na trilha dos 12 Passos: uma proposta de recupera\u00e7\u00e3o da depend\u00eancia do \u00e1lcool e de outras drogas.<\/td><td class=\"column-3\">2016. Artigo n\u00e3o publicado.<\/td><td class=\"column-4\"><a href=\"https:\/\/febract.org.br\/portal\/wp-content\/uploads\/2020\/04\/Na-trilha-dos-12-passos.pdf\" rel=\"noopener noreferrer\" target=\"_blank\">Baixe aqui<\/a><\/td>\n<\/tr>\n<tr class=\"row-16 even\">\n\t<td class=\"column-1\">ZOLDAN, LUIS GUSTAVO VALA; RIBEIRO, MARCELO (Orgs.)<\/td><td class=\"column-2\">CRATOD 15 anos: Uma proposta de cuidado ao dependente qu\u00edmico.<\/td><td class=\"column-3\">2017<\/td><td class=\"column-4\"><a href=\"https:\/\/febract.org.br\/portal\/wp-content\/uploads\/2020\/04\/CRATOD_15_ANOS.pdf\" rel=\"noopener noreferrer\" target=\"_blank\">Baixe aqui<\/a><\/td>\n<\/tr>\n<tr class=\"row-17 odd\">\n\t<td class=\"column-1\">ANTUNES, CRISTIANO FETTER<\/td><td class=\"column-2\">Atividade f\u00edsica na reabilita\u00e7\u00e3o de dependentes qu\u00edmicos de coca\u00edna: uma revis\u00e3o de literatura.<\/td><td class=\"column-3\">Monografia de Licenciatura em Educa\u00e7\u00e3o F\u00edsica, UFRS, 2012.<\/td><td class=\"column-4\"><a href=\"https:\/\/febract.org.br\/portal\/wp-content\/uploads\/2020\/04\/ATIVIDADE-F\u00cdSICA-NA-REABILITA\u00c7\u00c3O-DE-DEPENDENTES-QU\u00cdMICOS-DE-COCA\u00cdNA.pdf\" rel=\"noopener noreferrer\" target=\"_blank\">Baixe aqui<\/a><\/td>\n<\/tr>\n<tr class=\"row-18 even\">\n\t<td class=\"column-1\">TOFFOLO, MAYLA CARDOSO FERNANDES et al.<\/td><td class=\"column-2\">Escolha de alimentos durante a abstin\u00eancia alco\u00f3lica: influ\u00eancia na fissura e no peso corporal.<\/td><td class=\"column-3\">J Bras Psiquiatr., 2011. v. 60, n. 4. p. 341-346.<\/td><td class=\"column-4\"><a href=\"https:\/\/febract.org.br\/portal\/wp-content\/uploads\/2020\/04\/Escolha-de-alimentos-durante-a-abstin\u00eancia-alcoolica.pdf\" rel=\"noopener noreferrer\" target=\"_blank\">Baixe aqui<\/a><\/td>\n<\/tr>\n<tr class=\"row-19 odd\">\n\t<td class=\"column-1\">MOTA, LEONARDO DE ARA\u00daJO<\/td><td class=\"column-2\">Depend\u00eancia qu\u00edmica, representa\u00e7\u00f5es sociais e estigmas.<\/td><td class=\"column-3\">XIV Congresso Nacional de Sociologia, GT - Sa\u00fade e Sociedade, Fortaleza, 2009.<\/td><td class=\"column-4\"><a href=\"https:\/\/febract.org.br\/portal\/wp-content\/uploads\/2020\/04\/DEPEND\u00caNCIA-QU\u00cdMICA-REPRESENTA\u00c7\u00d5ES-SOCIAIS-E-ESTIGMAS.pdf\" rel=\"noopener noreferrer\" target=\"_blank\">Baixe aqui<\/a><\/td>\n<\/tr>\n<tr class=\"row-20 even\">\n\t<td class=\"column-1\">DOMINGOS, JOSELIA BENEDITA CARNEIRO<\/td><td class=\"column-2\">Fatores associados ao uso de coca\u00edna e\/ou crack em clientes de um CAPSad.<\/td><td class=\"column-3\">Tese de Doutorado em Ci\u00eancias da Enfermagem Psiqui\u00e1trica, Escola de Enfermagem de Ribeir\u00e3o Preto da Universidade  de S\u00e3o Paulo \u2013 USP, 2012.<\/td><td class=\"column-4\"><a href=\"https:\/\/febract.org.br\/portal\/wp-content\/uploads\/2020\/04\/USO-DE-CRACK-CAPS-AD.pdf\" rel=\"noopener noreferrer\" target=\"_blank\">Baixe aqui<\/a><\/td>\n<\/tr>\n<\/tbody>\n<\/table>\n<!-- #tablepress-2 from cache -->\n","protected":false},"excerpt":{"rendered":"<p>TEMAS RELACIONADOS COM AS COMUNIDADES TERAP\u00caUTICAS<\/p>\n","protected":false},"author":10,"featured_media":0,"parent":0,"menu_order":0,"comment_status":"closed","ping_status":"closed","template":"","meta":{"_monsterinsights_skip_tracking":false,"_monsterinsights_sitenote_active":false,"_monsterinsights_sitenote_note":"","_monsterinsights_sitenote_category":0,"footnotes":""},"class_list":["post-9827","page","type-page","status-publish","hentry"],"yoast_head":"<!-- This site is optimized with the Yoast SEO plugin v14.6.1 - https:\/\/yoast.com\/wordpress\/plugins\/seo\/ -->\n<title>Temas relacionados a CTs (restrito) - FEBRACT<\/title>\n<meta name=\"robots\" content=\"index, follow\" \/>\n<meta name=\"googlebot\" content=\"index, follow, max-snippet:-1, max-image-preview:large, max-video-preview:-1\" \/>\n<meta name=\"bingbot\" content=\"index, follow, max-snippet:-1, max-image-preview:large, max-video-preview:-1\" \/>\n<link rel=\"canonical\" href=\"https:\/\/febract.org.br\/portal\/temas-relacionados\/\" \/>\n<meta property=\"og:locale\" content=\"pt_BR\" \/>\n<meta property=\"og:type\" content=\"article\" \/>\n<meta property=\"og:title\" content=\"Temas relacionados a CTs (restrito) - FEBRACT\" \/>\n<meta property=\"og:description\" content=\"TEMAS RELACIONADOS COM AS COMUNIDADES TERAP\u00caUTICAS\" \/>\n<meta property=\"og:url\" content=\"https:\/\/febract.org.br\/portal\/temas-relacionados\/\" \/>\n<meta property=\"og:site_name\" content=\"FEBRACT\" \/>\n<meta property=\"article:publisher\" content=\"https:\/\/www.facebook.com\/FEBRACT\/\" \/>\n<meta property=\"article:modified_time\" content=\"2022-03-16T17:05:43+00:00\" \/>\n<meta name=\"twitter:card\" content=\"summary\" \/>\n<script type=\"application\/ld+json\" class=\"yoast-schema-graph\">{\"@context\":\"https:\/\/schema.org\",\"@graph\":[{\"@type\":\"Organization\",\"@id\":\"https:\/\/febract.org.br\/portal\/#organization\",\"name\":\"Febract - Federa\\u00e7\\u00e3o Brasileira de Comunidades Terap\\u00eauticas\",\"url\":\"https:\/\/febract.org.br\/portal\/\",\"sameAs\":[\"https:\/\/www.facebook.com\/FEBRACT\/\"],\"logo\":{\"@type\":\"ImageObject\",\"@id\":\"https:\/\/febract.org.br\/portal\/#logo\",\"inLanguage\":\"pt-BR\",\"url\":\"https:\/\/febract.org.br\/portal\/wp-content\/uploads\/2016\/01\/footer-logo.jpg\",\"width\":150,\"height\":211,\"caption\":\"Febract - Federa\\u00e7\\u00e3o Brasileira de Comunidades Terap\\u00eauticas\"},\"image\":{\"@id\":\"https:\/\/febract.org.br\/portal\/#logo\"}},{\"@type\":\"WebSite\",\"@id\":\"https:\/\/febract.org.br\/portal\/#website\",\"url\":\"https:\/\/febract.org.br\/portal\/\",\"name\":\"FEBRACT\",\"description\":\"Federa\\u00e7\\u00e3o Brasileira  de Comunidades Terap\\u00eauticas. A FEBRACT fundada em 1990, \\u00e9 uma associa\\u00e7\\u00e3o sem fins lucrativos, que tem como Objetivo a realiza\\u00e7\\u00e3o de cursos para quem atua com preven\\u00e7\\u00e3o ao uso de drogas\",\"publisher\":{\"@id\":\"https:\/\/febract.org.br\/portal\/#organization\"},\"potentialAction\":[{\"@type\":\"SearchAction\",\"target\":\"https:\/\/febract.org.br\/portal\/?s={search_term_string}\",\"query-input\":\"required name=search_term_string\"}],\"inLanguage\":\"pt-BR\"},{\"@type\":\"WebPage\",\"@id\":\"https:\/\/febract.org.br\/portal\/temas-relacionados\/#webpage\",\"url\":\"https:\/\/febract.org.br\/portal\/temas-relacionados\/\",\"name\":\"Temas relacionados a CTs (restrito) - FEBRACT\",\"isPartOf\":{\"@id\":\"https:\/\/febract.org.br\/portal\/#website\"},\"datePublished\":\"2020-05-21T02:25:33+00:00\",\"dateModified\":\"2022-03-16T17:05:43+00:00\",\"inLanguage\":\"pt-BR\",\"potentialAction\":[{\"@type\":\"ReadAction\",\"target\":[\"https:\/\/febract.org.br\/portal\/temas-relacionados\/\"]}]}]}<\/script>\n<!-- \/ Yoast SEO plugin. -->","_links":{"self":[{"href":"https:\/\/febract.org.br\/portal\/wp-json\/wp\/v2\/pages\/9827","targetHints":{"allow":["GET"]}}],"collection":[{"href":"https:\/\/febract.org.br\/portal\/wp-json\/wp\/v2\/pages"}],"about":[{"href":"https:\/\/febract.org.br\/portal\/wp-json\/wp\/v2\/types\/page"}],"author":[{"embeddable":true,"href":"https:\/\/febract.org.br\/portal\/wp-json\/wp\/v2\/users\/10"}],"replies":[{"embeddable":true,"href":"https:\/\/febract.org.br\/portal\/wp-json\/wp\/v2\/comments?post=9827"}],"version-history":[{"count":3,"href":"https:\/\/febract.org.br\/portal\/wp-json\/wp\/v2\/pages\/9827\/revisions"}],"predecessor-version":[{"id":9849,"href":"https:\/\/febract.org.br\/portal\/wp-json\/wp\/v2\/pages\/9827\/revisions\/9849"}],"wp:attachment":[{"href":"https:\/\/febract.org.br\/portal\/wp-json\/wp\/v2\/media?parent=9827"}],"curies":[{"name":"wp","href":"https:\/\/api.w.org\/{rel}","templated":true}]}}