{"id":9853,"date":"2020-05-22T19:03:11","date_gmt":"2020-05-22T22:03:11","guid":{"rendered":"https:\/\/febract.org.br\/portal\/?page_id=9853"},"modified":"2020-05-22T19:03:12","modified_gmt":"2020-05-22T22:03:12","slug":"espiritualidade-e-dependencia-quimica-restrito","status":"publish","type":"page","link":"https:\/\/febract.org.br\/portal\/espiritualidade-e-dependencia-quimica-restrito\/","title":{"rendered":"Espiritualidade e depend\u00eancia qu\u00edmica (restrito)"},"content":{"rendered":"<div id=\"fb-root\"><\/div>\n<hr \/>\n<h2><strong>ESPIRITUALIDADE APLICADA \u00c0 RECUPERA\u00c7\u00c3O DA DEPEND\u00caNCIA QU\u00cdMICA<\/strong><\/h2>\n<hr \/>\n\n<table id=\"tablepress-3\" class=\"tablepress tablepress-id-3\">\n<thead>\n<tr class=\"row-1 odd\">\n\t<th class=\"column-1\">NOME DO AUTOR<\/th><th class=\"column-2\">NOME DO DOCUMENTO<\/th><th class=\"column-3\">DADOS DO DOCUMENTO<\/th><th class=\"column-4\">LINK PARA DOWNLOAD<\/th>\n<\/tr>\n<\/thead>\n<tbody class=\"row-hover\">\n<tr class=\"row-2 even\">\n\t<td class=\"column-1\">GON\u00c7ALVES, JULIANE  et al.<\/td><td class=\"column-2\">Avalia\u00e7\u00e3o da pr\u00e1tica de terapia complementar espiritual\/religiosa em sa\u00fade mental.<\/td><td class=\"column-3\">Revista Debates em Psiquiatria, 2015. p. 21-27.<\/td><td class=\"column-4\"><a href=\"https:\/\/febract.org.br\/portal\/wp-content\/uploads\/2020\/04\/ABP-ESPIRITUALIDADE-E-SAUDE-MENTAL.pdf\" rel=\"noopener noreferrer\" target=\"_blank\">Baixe aqui<\/a><\/td>\n<\/tr>\n<tr class=\"row-3 odd\">\n\t<td class=\"column-1\"> DE OLIVEIRA, ANA L\u00cdVIA CASTELO BRANCO et al.<\/td><td class=\"column-2\">Espiritualidade e religiosidade no contexto do uso abusivo de drogas.<\/td><td class=\"column-3\">Rev Rene., 2017. v. 18, n. 2. p. 283-290.<\/td><td class=\"column-4\"><a href=\"https:\/\/febract.org.br\/portal\/wp-content\/uploads\/2020\/04\/ESPIRITUALIDADE-E-RELIGIOSIDADE-NO-CONTEXTO-DO-USO-ABUSIVO.pdf\" rel=\"noopener noreferrer\" target=\"_blank\">Baixe aqui<\/a><\/td>\n<\/tr>\n<tr class=\"row-4 even\">\n\t<td class=\"column-1\">FARIA, MAGDA GUIMAR\u00c3ES DE ARAUJO et al.<\/td><td class=\"column-2\">Inser\u00e7\u00e3o e pr\u00e1tica religiosa entre mulheres: Aspectos protetores ao uso de \u00e1lcool e viol\u00eancia.<\/td><td class=\"column-3\">SMAD, Rev. Eletr\u00f4nica Sa\u00fade Mental \u00c1lcool Drog., 2011. v. 7, n. 1. p. 32-37.<\/td><td class=\"column-4\"><a href=\"https:\/\/febract.org.br\/portal\/wp-content\/uploads\/2020\/04\/Inser\u00e7\u00e3o-e-pr\u00e1tica-religiosa-entre-mulheres.pdf\" rel=\"noopener noreferrer\" target=\"_blank\">Baixe aqui<\/a><\/td>\n<\/tr>\n<tr class=\"row-5 odd\">\n\t<td class=\"column-1\">RIBEIRO, FERNANDA; MINAYO, MARIA CEC\u00cdLIA<\/td><td class=\"column-2\">As Comunidades Terap\u00eauticas religiosas na recupera\u00e7\u00e3o de dependentes de drogas: o caso de Manguinhos, RJ, Brasil.<\/td><td class=\"column-3\">Interface, 2015. v. 19, n. 54. p. 515-526.<\/td><td class=\"column-4\"><a href=\"https:\/\/febract.org.br\/portal\/wp-content\/uploads\/2020\/04\/As-Comunidades-Terap\u00eauticas-religiosas.pdf\" rel=\"noopener noreferrer\" target=\"_blank\">Baixe aqui<\/a><\/td>\n<\/tr>\n<tr class=\"row-6 even\">\n\t<td class=\"column-1\">CRUZ, M\u00c1RCIA MARIA CARVALHO<\/td><td class=\"column-2\">A religiosidade vivenciada na recupera\u00e7\u00e3o de dependentes qu\u00edmicos.<\/td><td class=\"column-3\">Disserta\u00e7\u00e3o de Mestrado em Psicologia como Profiss\u00e3o e Ci\u00eancia, Programa de P\u00f3s Gradua\u00e7\u00e3o em Psicologia do Centro de Ci\u00eancias da Vida \u2013 PUC-Campinas, SP, 2007.<\/td><td class=\"column-4\"><a href=\"https:\/\/febract.org.br\/portal\/wp-content\/uploads\/2020\/04\/ESPIRITUALIDADE-VIVENCIADA-NA-RECUPERA\u00c7\u00c3O-DE-DQS.pdf\" rel=\"noopener noreferrer\" target=\"_blank\">Baixe aqui<\/a><\/td>\n<\/tr>\n<tr class=\"row-7 odd\">\n\t<td class=\"column-1\">RODRIGUES, PAULO CESAR; FERN\u00c1NDEZ, DOM JOAQU\u00cdN PERT\u00cd\u00d1EZ<\/td><td class=\"column-2\">Catequese com dependentes qu\u00edmicos e fam\u00edlias<br \/>\nUma reflex\u00e3o a partir do Evangelho de Jo\u00e3o 3, 1-21<\/td><td class=\"column-3\">Logos, Revista de Inicia\u00e7\u00e3o Cient\u00edfica da Faculdade Diocesana S\u00e3o Jos\u00e9, Rio Branco, Acre, 2019. n. 13.<\/td><td class=\"column-4\"><a href=\"https:\/\/febract.org.br\/portal\/wp-content\/uploads\/2020\/04\/Paulo-CATEQUESE-COM-DEPENDENTES-QU\u00cdMICOS-E-FAM\u00cdLIAS.pdf\" rel=\"noopener noreferrer\" target=\"_blank\">Baixe aqui<\/a><\/td>\n<\/tr>\n<\/tbody>\n<\/table>\n<!-- #tablepress-3 from cache -->\n","protected":false},"excerpt":{"rendered":"<p>ESPIRITUALIDADE APLICADA \u00c0 RECUPERA\u00c7\u00c3O DA DEPEND\u00caNCIA QU\u00cdMICA<\/p>\n","protected":false},"author":10,"featured_media":0,"parent":0,"menu_order":0,"comment_status":"closed","ping_status":"closed","template":"","meta":{"_monsterinsights_skip_tracking":false,"_monsterinsights_sitenote_active":false,"_monsterinsights_sitenote_note":"","_monsterinsights_sitenote_category":0,"footnotes":""},"class_list":["post-9853","page","type-page","status-publish","hentry"],"yoast_head":"<!-- This site is optimized with the Yoast SEO plugin v14.6.1 - https:\/\/yoast.com\/wordpress\/plugins\/seo\/ -->\n<title>Espiritualidade e depend\u00eancia qu\u00edmica (restrito) - FEBRACT<\/title>\n<meta name=\"robots\" content=\"index, follow\" \/>\n<meta name=\"googlebot\" content=\"index, follow, max-snippet:-1, max-image-preview:large, max-video-preview:-1\" \/>\n<meta name=\"bingbot\" content=\"index, follow, max-snippet:-1, max-image-preview:large, max-video-preview:-1\" \/>\n<link rel=\"canonical\" href=\"https:\/\/febract.org.br\/portal\/espiritualidade-e-dependencia-quimica-restrito\/\" \/>\n<meta property=\"og:locale\" content=\"pt_BR\" \/>\n<meta property=\"og:type\" content=\"article\" \/>\n<meta property=\"og:title\" content=\"Espiritualidade e depend\u00eancia qu\u00edmica (restrito) - FEBRACT\" \/>\n<meta property=\"og:description\" content=\"ESPIRITUALIDADE APLICADA \u00c0 RECUPERA\u00c7\u00c3O DA DEPEND\u00caNCIA QU\u00cdMICA\" \/>\n<meta property=\"og:url\" content=\"https:\/\/febract.org.br\/portal\/espiritualidade-e-dependencia-quimica-restrito\/\" \/>\n<meta property=\"og:site_name\" content=\"FEBRACT\" \/>\n<meta property=\"article:publisher\" content=\"https:\/\/www.facebook.com\/FEBRACT\/\" \/>\n<meta property=\"article:modified_time\" content=\"2020-05-22T22:03:12+00:00\" \/>\n<meta name=\"twitter:card\" content=\"summary\" \/>\n<script type=\"application\/ld+json\" class=\"yoast-schema-graph\">{\"@context\":\"https:\/\/schema.org\",\"@graph\":[{\"@type\":\"Organization\",\"@id\":\"https:\/\/febract.org.br\/portal\/#organization\",\"name\":\"Febract - Federa\\u00e7\\u00e3o Brasileira de Comunidades Terap\\u00eauticas\",\"url\":\"https:\/\/febract.org.br\/portal\/\",\"sameAs\":[\"https:\/\/www.facebook.com\/FEBRACT\/\"],\"logo\":{\"@type\":\"ImageObject\",\"@id\":\"https:\/\/febract.org.br\/portal\/#logo\",\"inLanguage\":\"pt-BR\",\"url\":\"https:\/\/febract.org.br\/portal\/wp-content\/uploads\/2016\/01\/footer-logo.jpg\",\"width\":150,\"height\":211,\"caption\":\"Febract - Federa\\u00e7\\u00e3o Brasileira de Comunidades Terap\\u00eauticas\"},\"image\":{\"@id\":\"https:\/\/febract.org.br\/portal\/#logo\"}},{\"@type\":\"WebSite\",\"@id\":\"https:\/\/febract.org.br\/portal\/#website\",\"url\":\"https:\/\/febract.org.br\/portal\/\",\"name\":\"FEBRACT\",\"description\":\"Federa\\u00e7\\u00e3o Brasileira  de Comunidades Terap\\u00eauticas. A FEBRACT fundada em 1990, \\u00e9 uma associa\\u00e7\\u00e3o sem fins lucrativos, que tem como Objetivo a realiza\\u00e7\\u00e3o de cursos para quem atua com preven\\u00e7\\u00e3o ao uso de drogas\",\"publisher\":{\"@id\":\"https:\/\/febract.org.br\/portal\/#organization\"},\"potentialAction\":[{\"@type\":\"SearchAction\",\"target\":\"https:\/\/febract.org.br\/portal\/?s={search_term_string}\",\"query-input\":\"required name=search_term_string\"}],\"inLanguage\":\"pt-BR\"},{\"@type\":\"WebPage\",\"@id\":\"https:\/\/febract.org.br\/portal\/espiritualidade-e-dependencia-quimica-restrito\/#webpage\",\"url\":\"https:\/\/febract.org.br\/portal\/espiritualidade-e-dependencia-quimica-restrito\/\",\"name\":\"Espiritualidade e depend\\u00eancia qu\\u00edmica (restrito) - FEBRACT\",\"isPartOf\":{\"@id\":\"https:\/\/febract.org.br\/portal\/#website\"},\"datePublished\":\"2020-05-22T22:03:11+00:00\",\"dateModified\":\"2020-05-22T22:03:12+00:00\",\"inLanguage\":\"pt-BR\",\"potentialAction\":[{\"@type\":\"ReadAction\",\"target\":[\"https:\/\/febract.org.br\/portal\/espiritualidade-e-dependencia-quimica-restrito\/\"]}]}]}<\/script>\n<!-- \/ Yoast SEO plugin. -->","_links":{"self":[{"href":"https:\/\/febract.org.br\/portal\/wp-json\/wp\/v2\/pages\/9853","targetHints":{"allow":["GET"]}}],"collection":[{"href":"https:\/\/febract.org.br\/portal\/wp-json\/wp\/v2\/pages"}],"about":[{"href":"https:\/\/febract.org.br\/portal\/wp-json\/wp\/v2\/types\/page"}],"author":[{"embeddable":true,"href":"https:\/\/febract.org.br\/portal\/wp-json\/wp\/v2\/users\/10"}],"replies":[{"embeddable":true,"href":"https:\/\/febract.org.br\/portal\/wp-json\/wp\/v2\/comments?post=9853"}],"version-history":[{"count":1,"href":"https:\/\/febract.org.br\/portal\/wp-json\/wp\/v2\/pages\/9853\/revisions"}],"predecessor-version":[{"id":9854,"href":"https:\/\/febract.org.br\/portal\/wp-json\/wp\/v2\/pages\/9853\/revisions\/9854"}],"wp:attachment":[{"href":"https:\/\/febract.org.br\/portal\/wp-json\/wp\/v2\/media?parent=9853"}],"curies":[{"name":"wp","href":"https:\/\/api.w.org\/{rel}","templated":true}]}}