{"id":9864,"date":"2020-05-22T19:33:57","date_gmt":"2020-05-22T22:33:57","guid":{"rendered":"https:\/\/febract.org.br\/portal\/?page_id=9864"},"modified":"2020-05-22T20:02:05","modified_gmt":"2020-05-22T23:02:05","slug":"epidemiologia-drogas-brasil-restrito","status":"publish","type":"page","link":"https:\/\/febract.org.br\/portal\/epidemiologia-drogas-brasil-restrito\/","title":{"rendered":"Epidemiologia drogas Brasil (restrito)"},"content":{"rendered":"<div id=\"fb-root\"><\/div>\n<hr>\n<h2><strong>EPIDEMIOLOGIA DAS DROGAS NO BRASIL<\/strong><\/h2>\n<hr>\n\n<table id=\"tablepress-5\" class=\"tablepress tablepress-id-5\">\n<thead>\n<tr class=\"row-1 odd\">\n\t<th class=\"column-1\">NOME DO AUTOR<\/th><th class=\"column-2\">NOME DO DOCUMENTO<\/th><th class=\"column-3\">DADOS DO DOCUMENTO<\/th><th class=\"column-4\">LINK PARA DOWNLOAD<\/th>\n<\/tr>\n<\/thead>\n<tbody class=\"row-hover\">\n<tr class=\"row-2 even\">\n\t<td class=\"column-1\">UNIFESP<\/td><td class=\"column-2\">2\u00ba LENAD \u2013 Levantamento Nacional de \u00c1lcool e Drogas \u2013 Relat\u00f3rio final<\/td><td class=\"column-3\">UNIFESP, 2014<\/td><td class=\"column-4\"><a href=\"https:\/\/febract.org.br\/portal\/wp-content\/uploads\/2020\/04\/LENAD-II-Relat\u00f3rio.pdf\" rel=\"noopener noreferrer\" target=\"_blank\">Baixe aqui<\/a><\/td>\n<\/tr>\n<tr class=\"row-3 odd\">\n\t<td class=\"column-1\">UNIFESP<\/td><td class=\"column-2\">2\u00ba LENAD \u2013 Levantamento Nacional de \u00c1lcool e Drogas \u2013 Coca\u00edna<\/td><td class=\"column-3\">UNIFESP, 2014<\/td><td class=\"column-4\"><a href=\"https:\/\/febract.org.br\/portal\/wp-content\/uploads\/2020\/04\/LENAD-II-COCAINA.pdf\" rel=\"noopener noreferrer\" target=\"_blank\">Baixe aqui<\/a><\/td>\n<\/tr>\n<tr class=\"row-4 even\">\n\t<td class=\"column-1\">UNIFESP<\/td><td class=\"column-2\">2\u00ba LENAD \u2013 Levantamento Nacional de \u00c1lcool e Drogas \u2013 Maconha<\/td><td class=\"column-3\">UNIFESP, 2014<\/td><td class=\"column-4\"><a href=\"https:\/\/febract.org.br\/portal\/wp-content\/uploads\/2020\/04\/LENAD-II-Maconha.pdf\" rel=\"noopener noreferrer\" target=\"_blank\">Baixe aqui<\/a><\/td>\n<\/tr>\n<tr class=\"row-5 odd\">\n\t<td class=\"column-1\">UNIFESP<\/td><td class=\"column-2\">2\u00ba LENAD \u2013 Levantamento Nacional de \u00c1lcool e Drogas \u2013 \u00c1lcool resumo<\/td><td class=\"column-3\">UNIFESP, 2014<\/td><td class=\"column-4\"><a href=\"https:\/\/febract.org.br\/portal\/wp-content\/uploads\/2020\/04\/LENAD-II-ALCOOL-RELEASE.pdf\" rel=\"noopener noreferrer\" target=\"_blank\">Baixe aqui<\/a><\/td>\n<\/tr>\n<tr class=\"row-6 even\">\n\t<td class=\"column-1\">UNIFESP<\/td><td class=\"column-2\">2\u00ba LENAD \u2013 Levantamento Nacional de \u00c1lcool e Drogas \u2013 \u00c1lcool resultados<\/td><td class=\"column-3\">UNIFESP, 2014<\/td><td class=\"column-4\"><a href=\"https:\/\/febract.org.br\/portal\/wp-content\/uploads\/2020\/04\/LENAD-II-ALCOOL_Resultados-Preliminares.pdf\" rel=\"noopener noreferrer\" target=\"_blank\">Baixe aqui<\/a><\/td>\n<\/tr>\n<tr class=\"row-7 odd\">\n\t<td class=\"column-1\">UNIFESP<\/td><td class=\"column-2\">2\u00ba LENAD \u2013 Levantamento Nacional de \u00c1lcool e Drogas - Fam\u00edlia<\/td><td class=\"column-3\">UNIFESP, 2014<\/td><td class=\"column-4\"><a href=\"https:\/\/febract.org.br\/portal\/wp-content\/uploads\/2020\/04\/LENAD-II-Familia_Apresentacao.pdf\" rel=\"noopener noreferrer\" target=\"_blank\">Baixe aqui<\/a><\/td>\n<\/tr>\n<tr class=\"row-8 even\">\n\t<td class=\"column-1\">ICICT\/FIOCRUZ<\/td><td class=\"column-2\">Pesquisa nacional sobre o uso de crack.<br \/>\nQuem s\u00e3o os usu\u00e1rios de crack e\/ou similares do Brasil?<br \/>\nQuantos s\u00e3o nas capitais brasileiras?<\/td><td class=\"column-3\">ICICT\/FIOCRUZ, 2014<\/td><td class=\"column-4\"><a href=\"http:\/\/<a href=\"https:\/\/febract.org.br\/portal\/wp-content\/uploads\/2020\/04\/Pesquisa-Nacional-sobre-o-Uso-de-Crack-FIOCRUZ.pdf\" rel=\"noopener\" target=\"_blank\">Baixe aqui<\/a>\" rel=\"noopener\" target=\"_blank\">Baixe aqui<\/a><\/td>\n<\/tr>\n<tr class=\"row-9 odd\">\n\t<td class=\"column-1\">SENAD \/ UNIFESP<\/td><td class=\"column-2\">VI Levantamento Nacional sobre o Consumo de Drogas Psicotr\u00f3picas entre Estudantes do Ensino Fundamental e M\u00e9dio das Redes P\u00fablica e Privada de Ensino nas 27 Capitais Brasileiras.<\/td><td class=\"column-3\">SENAD \/ UNIFESP, 2010<\/td><td class=\"column-4\"><a href=\"https:\/\/febract.org.br\/portal\/wp-content\/uploads\/2020\/04\/VI-Levantamento-Nacional-sobre-o-Consumo-de-Drogas-Psicotr\u00f3picas-entre-Estudantes-do-Ensino-Fundamental-e-M\u00e9dio-das-Redes-P\u00fablica-e-Privada-de-Ensino-nas-27-Capitais-Brasil.pdf\" rel=\"noopener noreferrer\" target=\"_blank\">Baixe aqui<\/a><\/td>\n<\/tr>\n<\/tbody>\n<\/table>\n<!-- #tablepress-5 from cache -->\n","protected":false},"excerpt":{"rendered":"<p>EPIDEMIOLOGIA DAS DROGAS NO BRASIL<\/p>\n","protected":false},"author":10,"featured_media":0,"parent":0,"menu_order":0,"comment_status":"closed","ping_status":"closed","template":"","meta":{"_monsterinsights_skip_tracking":false,"_monsterinsights_sitenote_active":false,"_monsterinsights_sitenote_note":"","_monsterinsights_sitenote_category":0,"footnotes":""},"class_list":["post-9864","page","type-page","status-publish","hentry"],"yoast_head":"<!-- This site is optimized with the Yoast SEO plugin v14.6.1 - https:\/\/yoast.com\/wordpress\/plugins\/seo\/ -->\n<title>Epidemiologia drogas Brasil (restrito) - FEBRACT<\/title>\n<meta name=\"robots\" content=\"index, follow\" \/>\n<meta name=\"googlebot\" content=\"index, follow, max-snippet:-1, max-image-preview:large, max-video-preview:-1\" \/>\n<meta name=\"bingbot\" content=\"index, follow, max-snippet:-1, max-image-preview:large, max-video-preview:-1\" \/>\n<link rel=\"canonical\" href=\"https:\/\/febract.org.br\/portal\/epidemiologia-drogas-brasil-restrito\/\" \/>\n<meta property=\"og:locale\" content=\"pt_BR\" \/>\n<meta property=\"og:type\" content=\"article\" \/>\n<meta property=\"og:title\" content=\"Epidemiologia drogas Brasil (restrito) - FEBRACT\" \/>\n<meta property=\"og:description\" content=\"EPIDEMIOLOGIA DAS DROGAS NO BRASIL\" \/>\n<meta property=\"og:url\" content=\"https:\/\/febract.org.br\/portal\/epidemiologia-drogas-brasil-restrito\/\" \/>\n<meta property=\"og:site_name\" content=\"FEBRACT\" \/>\n<meta property=\"article:publisher\" content=\"https:\/\/www.facebook.com\/FEBRACT\/\" \/>\n<meta property=\"article:modified_time\" content=\"2020-05-22T23:02:05+00:00\" \/>\n<meta name=\"twitter:card\" content=\"summary\" \/>\n<script type=\"application\/ld+json\" class=\"yoast-schema-graph\">{\"@context\":\"https:\/\/schema.org\",\"@graph\":[{\"@type\":\"Organization\",\"@id\":\"https:\/\/febract.org.br\/portal\/#organization\",\"name\":\"Febract - Federa\\u00e7\\u00e3o Brasileira de Comunidades Terap\\u00eauticas\",\"url\":\"https:\/\/febract.org.br\/portal\/\",\"sameAs\":[\"https:\/\/www.facebook.com\/FEBRACT\/\"],\"logo\":{\"@type\":\"ImageObject\",\"@id\":\"https:\/\/febract.org.br\/portal\/#logo\",\"inLanguage\":\"pt-BR\",\"url\":\"https:\/\/febract.org.br\/portal\/wp-content\/uploads\/2016\/01\/footer-logo.jpg\",\"width\":150,\"height\":211,\"caption\":\"Febract - Federa\\u00e7\\u00e3o Brasileira de Comunidades Terap\\u00eauticas\"},\"image\":{\"@id\":\"https:\/\/febract.org.br\/portal\/#logo\"}},{\"@type\":\"WebSite\",\"@id\":\"https:\/\/febract.org.br\/portal\/#website\",\"url\":\"https:\/\/febract.org.br\/portal\/\",\"name\":\"FEBRACT\",\"description\":\"Federa\\u00e7\\u00e3o Brasileira  de Comunidades Terap\\u00eauticas. A FEBRACT fundada em 1990, \\u00e9 uma associa\\u00e7\\u00e3o sem fins lucrativos, que tem como Objetivo a realiza\\u00e7\\u00e3o de cursos para quem atua com preven\\u00e7\\u00e3o ao uso de drogas\",\"publisher\":{\"@id\":\"https:\/\/febract.org.br\/portal\/#organization\"},\"potentialAction\":[{\"@type\":\"SearchAction\",\"target\":\"https:\/\/febract.org.br\/portal\/?s={search_term_string}\",\"query-input\":\"required name=search_term_string\"}],\"inLanguage\":\"pt-BR\"},{\"@type\":\"WebPage\",\"@id\":\"https:\/\/febract.org.br\/portal\/epidemiologia-drogas-brasil-restrito\/#webpage\",\"url\":\"https:\/\/febract.org.br\/portal\/epidemiologia-drogas-brasil-restrito\/\",\"name\":\"Epidemiologia drogas Brasil (restrito) - FEBRACT\",\"isPartOf\":{\"@id\":\"https:\/\/febract.org.br\/portal\/#website\"},\"datePublished\":\"2020-05-22T22:33:57+00:00\",\"dateModified\":\"2020-05-22T23:02:05+00:00\",\"inLanguage\":\"pt-BR\",\"potentialAction\":[{\"@type\":\"ReadAction\",\"target\":[\"https:\/\/febract.org.br\/portal\/epidemiologia-drogas-brasil-restrito\/\"]}]}]}<\/script>\n<!-- \/ Yoast SEO plugin. -->","_links":{"self":[{"href":"https:\/\/febract.org.br\/portal\/wp-json\/wp\/v2\/pages\/9864","targetHints":{"allow":["GET"]}}],"collection":[{"href":"https:\/\/febract.org.br\/portal\/wp-json\/wp\/v2\/pages"}],"about":[{"href":"https:\/\/febract.org.br\/portal\/wp-json\/wp\/v2\/types\/page"}],"author":[{"embeddable":true,"href":"https:\/\/febract.org.br\/portal\/wp-json\/wp\/v2\/users\/10"}],"replies":[{"embeddable":true,"href":"https:\/\/febract.org.br\/portal\/wp-json\/wp\/v2\/comments?post=9864"}],"version-history":[{"count":2,"href":"https:\/\/febract.org.br\/portal\/wp-json\/wp\/v2\/pages\/9864\/revisions"}],"predecessor-version":[{"id":9873,"href":"https:\/\/febract.org.br\/portal\/wp-json\/wp\/v2\/pages\/9864\/revisions\/9873"}],"wp:attachment":[{"href":"https:\/\/febract.org.br\/portal\/wp-json\/wp\/v2\/media?parent=9864"}],"curies":[{"name":"wp","href":"https:\/\/api.w.org\/{rel}","templated":true}]}}