{"id":9869,"date":"2020-05-22T19:48:42","date_gmt":"2020-05-22T22:48:42","guid":{"rendered":"https:\/\/febract.org.br\/portal\/?page_id=9869"},"modified":"2020-05-22T20:02:14","modified_gmt":"2020-05-22T23:02:14","slug":"epidemiologia-drogas-mundo-restrito","status":"publish","type":"page","link":"https:\/\/febract.org.br\/portal\/epidemiologia-drogas-mundo-restrito\/","title":{"rendered":"Epidemiologia drogas mundo (restrito)"},"content":{"rendered":"<div id=\"fb-root\"><\/div>\n<hr>\n<h2><strong>EPIDEMIOLOGIA DAS DROGAS NO MUNDO<\/strong><\/h2>\n<hr>\n\n<table id=\"tablepress-6\" class=\"tablepress tablepress-id-6\">\n<thead>\n<tr class=\"row-1 odd\">\n\t<th class=\"column-1\">NOME DO AUTOR<\/th><th class=\"column-2\">NOME DO DOCUMENTO<\/th><th class=\"column-3\">DADOS DO DOCUMENTO<\/th><th class=\"column-4\">LINK PARA DOWNLOAD<\/th>\n<\/tr>\n<\/thead>\n<tbody class=\"row-hover\">\n<tr class=\"row-2 even\">\n\t<td class=\"column-1\">UNODC<\/td><td class=\"column-2\">Relat\u00f3rio Mundial sobre Drogas (World Drug Report) - 2019 <br \/>\nResumo: Conclus\u00f5es e consequ\u00eancias em rela\u00e7\u00e3o \u00e0s pol\u00edticas p\u00fablicas<\/td><td class=\"column-3\">UNODC, 2019<\/td><td class=\"column-4\"><a href=\"https:\/\/febract.org.br\/portal\/wp-content\/uploads\/2020\/04\/INFORME-MUNDIAL-DROGAS-2019-RESUMO.pdf\" rel=\"noopener noreferrer\" target=\"_blank\">Baixe aqui<\/a><\/td>\n<\/tr>\n<tr class=\"row-3 odd\">\n\t<td class=\"column-1\">UNODC<\/td><td class=\"column-2\">Relat\u00f3rio Mundial sobre Drogas (World Drug Report) - 2019 <br \/>\nApresenta\u00e7\u00e3o para os estados membro<\/td><td class=\"column-3\">UNODC, 2019<br \/>\n(em ingl\u00eas)<\/td><td class=\"column-4\"><a href=\"https:\/\/febract.org.br\/portal\/wp-content\/uploads\/2020\/04\/INFORME-MUNDIAL-DROGAS-2019-APRESENTA\u00c7\u00c3O-min.pdf\" rel=\"noopener noreferrer\" target=\"_blank\">Baixe aqui<\/a><\/td>\n<\/tr>\n<tr class=\"row-4 even\">\n\t<td class=\"column-1\">UNODC<\/td><td class=\"column-2\">Relat\u00f3rio Mundial sobre Drogas (World Drug Report) - 2019 <br \/>\nVis\u00e3o global sobre demanda e fornecimento de drogas<\/td><td class=\"column-3\">UNODC, 2019<br \/>\n(em ingl\u00eas)<\/td><td class=\"column-4\"><a href=\"https:\/\/febract.org.br\/portal\/wp-content\/uploads\/2020\/04\/INFORME-MUNDIAL-DROGAS-2019-DEMANDA-E-FORNECIMENTO-DE-DROGAS-min.pdf\" rel=\"noopener noreferrer\" target=\"_blank\">Baixe aqui<\/a><\/td>\n<\/tr>\n<tr class=\"row-5 odd\">\n\t<td class=\"column-1\">UNODC<\/td><td class=\"column-2\">Relat\u00f3rio Mundial sobre Drogas (World Drug Report) - 2019 <br \/>\nInforme sobre drogas depressoras<\/td><td class=\"column-3\">UNODC, 2019<br \/>\n(em ingl\u00eas)<\/td><td class=\"column-4\"><a href=\"https:\/\/febract.org.br\/portal\/wp-content\/uploads\/2020\/04\/INFORME-MUNDIAL-DROGAS-2019-DEPRESSORES-min.pdf\" rel=\"noopener noreferrer\" target=\"_blank\">Baixe aqui<\/a><\/td>\n<\/tr>\n<tr class=\"row-6 even\">\n\t<td class=\"column-1\">UNODC<\/td><td class=\"column-2\">Relat\u00f3rio Mundial sobre Drogas (World Drug Report) - 2019 <br \/>\nInforme sobre drogas estimulantes<\/td><td class=\"column-3\">UNODC, 2019<br \/>\n(em ingl\u00eas)<\/td><td class=\"column-4\"><a href=\"https:\/\/febract.org.br\/portal\/wp-content\/uploads\/2020\/04\/INFORME-MUNDIAL-DROGAS-2019-ESTIMULANTES-min.pdf\" rel=\"noopener noreferrer\" target=\"_blank\">Baixe aqui<\/a><\/td>\n<\/tr>\n<tr class=\"row-7 odd\">\n\t<td class=\"column-1\">UNODC<\/td><td class=\"column-2\">Relat\u00f3rio Mundial sobre Drogas (World Drug Report) - 2019 <br \/>\nInforme sobre cannabis e alucin\u00f3genos<\/td><td class=\"column-3\">UNODC, 2019<br \/>\n(em ingl\u00eas)<\/td><td class=\"column-4\"><a href=\"https:\/\/febract.org.br\/portal\/wp-content\/uploads\/2020\/04\/INFORME-MUNDIAL-DROGAS-2019-CANNABIS-E-ALUCIN\u00d3GENOS.pdf\" rel=\"noopener noreferrer\" target=\"_blank\">Baixe aqui<\/a><\/td>\n<\/tr>\n<tr class=\"row-8 even\">\n\t<td class=\"column-1\">OEA\/CICAD<\/td><td class=\"column-2\">Informe Sobre el Consumo de Drogas en las Am\u00e9ricas 2019<br \/>\nResumen Ejecutivo<br \/>\n<\/td><td class=\"column-3\">OEA\/CICAD, 2019<br \/>\n(em espanhol)<\/td><td class=\"column-4\"><a href=\"https:\/\/febract.org.br\/portal\/wp-content\/uploads\/2020\/04\/INFORME-DROGAS-AMERICA-LATINA-OAS.pdf\" rel=\"noopener noreferrer\" target=\"_blank\">Baixe aqui<\/a><\/td>\n<\/tr>\n<tr class=\"row-9 odd\">\n\t<td class=\"column-1\">OEA\/CICAD<\/td><td class=\"column-2\">Informe Sobre el Consumo de Drogas en las Am\u00e9ricas 2019<br \/>\nInforme completo <\/td><td class=\"column-3\">OEA\/CICAD, 2019<br \/>\n(em espanhol)<\/td><td class=\"column-4\"><a href=\"https:\/\/febract.org.br\/portal\/wp-content\/uploads\/2020\/04\/INFORME-DROGAS-AMERICA-LATINA-OAS-completo-min.pdf\" rel=\"noopener noreferrer\" target=\"_blank\">Baixe aqui<\/a><\/td>\n<\/tr>\n<tr class=\"row-10 even\">\n\t<td class=\"column-1\">OEA\/CICAD<\/td><td class=\"column-2\">El consumo de cannabis entre los j\u00f3venes de las am\u00e9ricas: conclusiones del informe sobre el consumo de drogas en las Am\u00e9ricas. <\/td><td class=\"column-3\">OEA\/CICAD, 2019<br \/>\n(em espanhol)<\/td><td class=\"column-4\"><a href=\"https:\/\/febract.org.br\/portal\/wp-content\/uploads\/2020\/04\/COSNUMO-CANNABIS-AMERICA-CICAD.pdf\" rel=\"noopener noreferrer\" target=\"_blank\">Baixe aqui<\/a><\/td>\n<\/tr>\n<tr class=\"row-11 odd\">\n\t<td class=\"column-1\">OEA\/CICAD<\/td><td class=\"column-2\">Adulterantes de las drogas y sus efectos en la salud de los usuarios: una revisi\u00f3n cr\u00edtica.<\/td><td class=\"column-3\">OEA\/CICAD, 2019<br \/>\n(em espanhol)<\/td><td class=\"column-4\"><a href=\"https:\/\/febract.org.br\/portal\/wp-content\/uploads\/2020\/04\/ADULTERANTES-DROGAS-CICAD.pdf\" rel=\"noopener noreferrer\" target=\"_blank\">Baixe aqui<\/a><\/td>\n<\/tr>\n<tr class=\"row-12 even\">\n\t<td class=\"column-1\">Asociaci\u00f3n Proyecto Hombre de Espa\u00f1a<\/td><td class=\"column-2\">Observatorio Proyecto Hombre sobre el perfil de las personas con problemas de adicci\u00f3n en tratamiento.<\/td><td class=\"column-3\">Asociaci\u00f3n Proyecto Hombre de Espa\u00f1a, 2018.<br \/>\n(em espanhol)<\/td><td class=\"column-4\"><a href=\"https:\/\/febract.org.br\/portal\/wp-content\/uploads\/2020\/04\/Informe_Observatorio_Proyecto_Hombre_2018-min.pdf\" rel=\"noopener noreferrer\" target=\"_blank\">Baixe aqui<\/a><\/td>\n<\/tr>\n<tr class=\"row-13 odd\">\n\t<td class=\"column-1\">Asociaci\u00f3n Proyecto Hombre de Espa\u00f1a<\/td><td class=\"column-2\">Observatorio Proyecto Hombre sobre el perfil de las personas con problemas de adicci\u00f3n en tratamiento.<\/td><td class=\"column-3\">Asociaci\u00f3n Proyecto Hombre de Espa\u00f1a, 2017.<br \/>\n(em espanhol)<\/td><td class=\"column-4\"><a href=\"https:\/\/febract.org.br\/portal\/wp-content\/uploads\/2020\/04\/Observatorio2017_Proyecto_Hombre.pdf\" rel=\"noopener noreferrer\" target=\"_blank\">Baixe aqui<\/a><\/td>\n<\/tr>\n<\/tbody>\n<\/table>\n<!-- #tablepress-6 from cache -->\n","protected":false},"excerpt":{"rendered":"<p>EPIDEMIOLOGIA DAS DROGAS NO MUNDO<\/p>\n","protected":false},"author":10,"featured_media":0,"parent":0,"menu_order":0,"comment_status":"closed","ping_status":"closed","template":"","meta":{"_monsterinsights_skip_tracking":false,"_monsterinsights_sitenote_active":false,"_monsterinsights_sitenote_note":"","_monsterinsights_sitenote_category":0,"footnotes":""},"class_list":["post-9869","page","type-page","status-publish","hentry"],"yoast_head":"<!-- This site is optimized with the Yoast SEO plugin v14.6.1 - https:\/\/yoast.com\/wordpress\/plugins\/seo\/ -->\n<title>Epidemiologia drogas mundo (restrito) - FEBRACT<\/title>\n<meta name=\"robots\" content=\"index, follow\" \/>\n<meta name=\"googlebot\" content=\"index, follow, max-snippet:-1, max-image-preview:large, max-video-preview:-1\" \/>\n<meta name=\"bingbot\" content=\"index, follow, max-snippet:-1, max-image-preview:large, max-video-preview:-1\" \/>\n<link rel=\"canonical\" href=\"https:\/\/febract.org.br\/portal\/epidemiologia-drogas-mundo-restrito\/\" \/>\n<meta property=\"og:locale\" content=\"pt_BR\" \/>\n<meta property=\"og:type\" content=\"article\" \/>\n<meta property=\"og:title\" content=\"Epidemiologia drogas mundo (restrito) - FEBRACT\" \/>\n<meta property=\"og:description\" content=\"EPIDEMIOLOGIA DAS DROGAS NO MUNDO\" \/>\n<meta property=\"og:url\" content=\"https:\/\/febract.org.br\/portal\/epidemiologia-drogas-mundo-restrito\/\" \/>\n<meta property=\"og:site_name\" content=\"FEBRACT\" \/>\n<meta property=\"article:publisher\" content=\"https:\/\/www.facebook.com\/FEBRACT\/\" \/>\n<meta property=\"article:modified_time\" content=\"2020-05-22T23:02:14+00:00\" \/>\n<meta name=\"twitter:card\" content=\"summary\" \/>\n<script type=\"application\/ld+json\" class=\"yoast-schema-graph\">{\"@context\":\"https:\/\/schema.org\",\"@graph\":[{\"@type\":\"Organization\",\"@id\":\"https:\/\/febract.org.br\/portal\/#organization\",\"name\":\"Febract - Federa\\u00e7\\u00e3o Brasileira de Comunidades Terap\\u00eauticas\",\"url\":\"https:\/\/febract.org.br\/portal\/\",\"sameAs\":[\"https:\/\/www.facebook.com\/FEBRACT\/\"],\"logo\":{\"@type\":\"ImageObject\",\"@id\":\"https:\/\/febract.org.br\/portal\/#logo\",\"inLanguage\":\"pt-BR\",\"url\":\"https:\/\/febract.org.br\/portal\/wp-content\/uploads\/2016\/01\/footer-logo.jpg\",\"width\":150,\"height\":211,\"caption\":\"Febract - Federa\\u00e7\\u00e3o Brasileira de Comunidades Terap\\u00eauticas\"},\"image\":{\"@id\":\"https:\/\/febract.org.br\/portal\/#logo\"}},{\"@type\":\"WebSite\",\"@id\":\"https:\/\/febract.org.br\/portal\/#website\",\"url\":\"https:\/\/febract.org.br\/portal\/\",\"name\":\"FEBRACT\",\"description\":\"Federa\\u00e7\\u00e3o Brasileira  de Comunidades Terap\\u00eauticas. A FEBRACT fundada em 1990, \\u00e9 uma associa\\u00e7\\u00e3o sem fins lucrativos, que tem como Objetivo a realiza\\u00e7\\u00e3o de cursos para quem atua com preven\\u00e7\\u00e3o ao uso de drogas\",\"publisher\":{\"@id\":\"https:\/\/febract.org.br\/portal\/#organization\"},\"potentialAction\":[{\"@type\":\"SearchAction\",\"target\":\"https:\/\/febract.org.br\/portal\/?s={search_term_string}\",\"query-input\":\"required name=search_term_string\"}],\"inLanguage\":\"pt-BR\"},{\"@type\":\"WebPage\",\"@id\":\"https:\/\/febract.org.br\/portal\/epidemiologia-drogas-mundo-restrito\/#webpage\",\"url\":\"https:\/\/febract.org.br\/portal\/epidemiologia-drogas-mundo-restrito\/\",\"name\":\"Epidemiologia drogas mundo (restrito) - FEBRACT\",\"isPartOf\":{\"@id\":\"https:\/\/febract.org.br\/portal\/#website\"},\"datePublished\":\"2020-05-22T22:48:42+00:00\",\"dateModified\":\"2020-05-22T23:02:14+00:00\",\"inLanguage\":\"pt-BR\",\"potentialAction\":[{\"@type\":\"ReadAction\",\"target\":[\"https:\/\/febract.org.br\/portal\/epidemiologia-drogas-mundo-restrito\/\"]}]}]}<\/script>\n<!-- \/ Yoast SEO plugin. -->","_links":{"self":[{"href":"https:\/\/febract.org.br\/portal\/wp-json\/wp\/v2\/pages\/9869","targetHints":{"allow":["GET"]}}],"collection":[{"href":"https:\/\/febract.org.br\/portal\/wp-json\/wp\/v2\/pages"}],"about":[{"href":"https:\/\/febract.org.br\/portal\/wp-json\/wp\/v2\/types\/page"}],"author":[{"embeddable":true,"href":"https:\/\/febract.org.br\/portal\/wp-json\/wp\/v2\/users\/10"}],"replies":[{"embeddable":true,"href":"https:\/\/febract.org.br\/portal\/wp-json\/wp\/v2\/comments?post=9869"}],"version-history":[{"count":2,"href":"https:\/\/febract.org.br\/portal\/wp-json\/wp\/v2\/pages\/9869\/revisions"}],"predecessor-version":[{"id":9874,"href":"https:\/\/febract.org.br\/portal\/wp-json\/wp\/v2\/pages\/9869\/revisions\/9874"}],"wp:attachment":[{"href":"https:\/\/febract.org.br\/portal\/wp-json\/wp\/v2\/media?parent=9869"}],"curies":[{"name":"wp","href":"https:\/\/api.w.org\/{rel}","templated":true}]}}