{"id":9883,"date":"2020-05-22T20:29:42","date_gmt":"2020-05-22T23:29:42","guid":{"rendered":"https:\/\/febract.org.br\/portal\/?page_id=9883"},"modified":"2022-03-10T16:45:15","modified_gmt":"2022-03-10T19:45:15","slug":"lingua-estrangeira-restrito","status":"publish","type":"page","link":"https:\/\/febract.org.br\/portal\/lingua-estrangeira-restrito\/","title":{"rendered":"L\u00edngua estrangeira (restrito)"},"content":{"rendered":"<div id=\"fb-root\"><\/div>\n<hr>\n<h2><strong>MATERIAL EM L\u00cdNGUA ESTRANGEIRA<\/strong><\/h2>\n<hr>\n\n<table id=\"tablepress-8\" class=\"tablepress tablepress-id-8\">\n<thead>\n<tr class=\"row-1 odd\">\n\t<th class=\"column-1\">NOME DO AUTOR<\/th><th class=\"column-2\">NOME DO DOCUMENTO<\/th><th class=\"column-3\">DADOS DO DOCUMENTO<\/th><th class=\"column-4\">IDIOMA DO DOCUMENTO<\/th><th class=\"column-5\">LINK PARA DOWNLOAD<\/th>\n<\/tr>\n<\/thead>\n<tbody class=\"row-hover\">\n<tr class=\"row-2 even\">\n\t<td class=\"column-1\">Substance Abuse and Mental Health Services Administration - SAMHSA<\/td><td class=\"column-2\">Therapeutic Community Curriculum: trainer\u2019s manual.<\/td><td class=\"column-3\">U. S. Department of health and human services, 2006.<br \/>\nSubstance Abuse and Mental Health Services Administration - SAMHSA<br \/>\nCenter of Substance Abuse Treatment.<\/td><td class=\"column-4\">Ingl\u00eas<\/td><td class=\"column-5\"><a href=\"https:\/\/febract.org.br\/portal\/wp-content\/uploads\/2020\/04\/TC-TRAINER-US-DEPARTMENT.pdf\" rel=\"noopener noreferrer\" target=\"_blank\">Baixe aqui<\/a><\/td>\n<\/tr>\n<tr class=\"row-3 odd\">\n\t<td class=\"column-1\">SMITH, L.A.; GATES, S.; FOXCROFT, D.<\/td><td class=\"column-2\">Therapeutic communities for substance related disorder (Review)<\/td><td class=\"column-3\">Cochrane Library, 2008.<\/td><td class=\"column-4\">Ingl\u00eas<\/td><td class=\"column-5\"><a href=\"https:\/\/febract.org.br\/portal\/wp-content\/uploads\/2020\/04\/COCHRANE-EFICACIA-TRATAMENTOS.pdf\" rel=\"noopener noreferrer\" target=\"_blank\">Baixe aqui<\/a><\/td>\n<\/tr>\n<tr class=\"row-4 even\">\n\t<td class=\"column-1\">MAGOR-BLATCH, LYNNE et al.<\/td><td class=\"column-2\">A systematic review of studies examining effectiveness of therapeutic communities.<\/td><td class=\"column-3\">Therapeutic Communities: The International Journal of Therapeutic Communities \u2013 IJTC, 2014. v. 35, n. 4. p. 168-184.<\/td><td class=\"column-4\">Ingl\u00eas<\/td><td class=\"column-5\"><a href=\"https:\/\/febract.org.br\/portal\/wp-content\/uploads\/2020\/04\/A-systematic-review-of-studies-examining-effectiveness-of-therapeutic-communities-IJTC.pdf\" rel=\"noopener noreferrer\" target=\"_blank\">Baixe aqui<\/a><\/td>\n<\/tr>\n<tr class=\"row-5 odd\">\n\t<td class=\"column-1\">G\u00d3MEZ-RESTREPO, CARLOS et al.<\/td><td class=\"column-2\">Quality measurers of therapeutic communities for substance dependence: an international collaborative study survey in Latin America.<\/td><td class=\"column-3\">Substance Abuse Treatment, Prevention, and Policy, 2017. v. 12, n. 53.<\/td><td class=\"column-4\">Ingl\u00eas<\/td><td class=\"column-5\"><a href=\"https:\/\/febract.org.br\/portal\/wp-content\/uploads\/2020\/04\/Quality-measurers-of-therapeutic-communities.pdf\" rel=\"noopener noreferrer\" target=\"_blank\">Baixe aqui<\/a><\/td>\n<\/tr>\n<tr class=\"row-6 even\">\n\t<td class=\"column-1\">GRASSI-OLIVEIRA, RODRIGO et al <\/td><td class=\"column-2\">Sex-based differences in multidimensional clinical assessments of early-abstinence crack cocaine users.<\/td><td class=\"column-3\">PLoS ONE, 2019. v. 14, n. 6.<\/td><td class=\"column-4\">Ingl\u00eas<\/td><td class=\"column-5\"><a href=\"https:\/\/febract.org.br\/portal\/wp-content\/uploads\/2020\/04\/Sex-based-differences-Marcelo-Grassi.pdf\" rel=\"noopener noreferrer\" target=\"_blank\">Baixe aqui<\/a><\/td>\n<\/tr>\n<tr class=\"row-7 odd\">\n\t<td class=\"column-1\">KELLY, J. F.; YETERIAN, J. D. <\/td><td class=\"column-2\">The role of mutual-help groups in extending the framework of treatment.<\/td><td class=\"column-3\">Alcohol Research &amp; Health, v. 33, n. 4, 2011. p. 350-355.<\/td><td class=\"column-4\">Ingl\u00eas<\/td><td class=\"column-5\"><a href=\"https:\/\/febract.org.br\/portal\/wp-content\/uploads\/2020\/04\/The-Role-of-Mutual\u00adHelp.pdf\" rel=\"noopener noreferrer\" target=\"_blank\">Baixe aqui<\/a><\/td>\n<\/tr>\n<tr class=\"row-8 even\">\n\t<td class=\"column-1\">PINTOS, MAR\u00cdA EUGENIA FERN\u00c1NDEZ <\/td><td class=\"column-2\">Enhancing quality of life and mental health in substance using adolescents.<\/td><td class=\"column-3\">Tese de Doutorado em Ci\u00eancias da Educa\u00e7\u00e3o, Ghent University, B\u00e9lgica e Universidad Cat\u00f3lica del Uruguay, 2017. <\/td><td class=\"column-4\">Ingl\u00eas<\/td><td class=\"column-5\"><a href=\"https:\/\/febract.org.br\/portal\/wp-content\/uploads\/2020\/04\/Uruguay-Vanderplasschen.pdf\" rel=\"noopener noreferrer\" target=\"_blank\">Baixe aqui<\/a><\/td>\n<\/tr>\n<tr class=\"row-9 odd\">\n\t<td class=\"column-1\">JU\u00c1REZ, ALMA DE LOS \u00c1NGELES CRUZ et al.<\/td><td class=\"column-2\">Consumo de drogas y VIH\/SIDA en Centroam\u00e9rica: una revisi\u00f3n de los modelos y teor\u00edas.<\/td><td class=\"column-3\">Rev Med UV, 2010.<\/td><td class=\"column-4\">Espanhol<\/td><td class=\"column-5\"><a href=\"https:\/\/febract.org.br\/portal\/wp-content\/uploads\/2020\/04\/Consumo-de-drogas-y-VIH-SIDA-en-Centroam\u00e9rica.pdf\" rel=\"noopener noreferrer\" target=\"_blank\">Baixe aqui<\/a><\/td>\n<\/tr>\n<tr class=\"row-10 even\">\n\t<td class=\"column-1\">MART\u00cdNEZ, GISSEL YEN\u00cdN LEAL<\/td><td class=\"column-2\">Estudio comparativo de tres Centros de Comunidad Terap\u00e9utica en tres pa\u00edses: Espa\u00f1a, Colombia y Nicaragua.<\/td><td class=\"column-3\">Disserta\u00e7\u00e3o de Mestrado, Universidad Veracruzana Instituto de Ciencias de la Salud Maestr\u00eda en Prevenci\u00f3n Integral del Consumo de Drogas, M\u00e9xico, 2012.<\/td><td class=\"column-4\">Espanhol<\/td><td class=\"column-5\"><a href=\"https:\/\/febract.org.br\/portal\/wp-content\/uploads\/2020\/04\/Maestria-Gissel-Estudio-comparativo-de-CT.pdf\" rel=\"noopener noreferrer\" target=\"_blank\">Baixe aqui<\/a><\/td>\n<\/tr>\n<tr class=\"row-11 odd\">\n\t<td class=\"column-1\">GO\u00d1I, JOS\u00c9 JAVIER L\u00d3PEZ<\/td><td class=\"column-2\">Evaluaci\u00f3n de la eficacia de la Comunidad Terap\u00e9utica de Proyecto Hombre de Navarra.<\/td><td class=\"column-3\">Tese de Doutorado, Universidad P\u00fablica de Navarra, Departamento de Psicolog\u00eda y Pedagog\u00eda, Espa\u00f1a, 2005.<\/td><td class=\"column-4\">Espanhol<\/td><td class=\"column-5\"><a href=\"https:\/\/febract.org.br\/portal\/wp-content\/uploads\/2020\/04\/Evaluacion-eficacia-CT-Projecto-Hombre.pdf\" rel=\"noopener noreferrer\" target=\"_blank\">Baixe aqui<\/a><\/td>\n<\/tr>\n<tr class=\"row-12 even\">\n\t<td class=\"column-1\">JIM\u00c9NEZ, DUSTIN EZEQUIEL AMADOR<\/td><td class=\"column-2\">Evaluaci\u00f3n de las funciones ejecutivas en sujetos consumidores de sustancias psicoactivas en rehabilitaci\u00f3n.<\/td><td class=\"column-3\">Managua, Nicaragua.<\/td><td class=\"column-4\">Espanhol<\/td><td class=\"column-5\"><a href=\"https:\/\/febract.org.br\/portal\/wp-content\/uploads\/2020\/04\/Funciones-Ejecutivas-y-consumo-de-sustancias_Art\u00edculo.pdf\" rel=\"noopener noreferrer\" target=\"_blank\">Baixe aqui<\/a><\/td>\n<\/tr>\n<tr class=\"row-13 odd\">\n\t<td class=\"column-1\">ARG\u00dcELLO, KATHYA SAAVEDRA<\/td><td class=\"column-2\">Tipos de familia y consumo de sustancias psicoactivas en usuarios del Centro Nicaraguense de Solidaridad (CENICSOL) en el per\u00edodo del II semestre del a\u00f1o 2018.<\/td><td class=\"column-3\">Monografia de Licenciatura em Psicologia, Universidad Centroamericana \u2013 UCA, Managua, Nicaragua, 2018.<\/td><td class=\"column-4\">Espanhol<\/td><td class=\"column-5\"><a href=\"https:\/\/febract.org.br\/portal\/wp-content\/uploads\/2020\/04\/TESIS-Kathya-Saavedra.pdf\" rel=\"noopener noreferrer\" target=\"_blank\">Baixe aqui<\/a><\/td>\n<\/tr>\n<\/tbody>\n<\/table>\n<!-- #tablepress-8 from cache -->\n","protected":false},"excerpt":{"rendered":"<p>MATERIAL EM L\u00cdNGUA ESTRANGEIRA<\/p>\n","protected":false},"author":10,"featured_media":0,"parent":0,"menu_order":0,"comment_status":"closed","ping_status":"closed","template":"","meta":{"_monsterinsights_skip_tracking":false,"_monsterinsights_sitenote_active":false,"_monsterinsights_sitenote_note":"","_monsterinsights_sitenote_category":0,"footnotes":""},"class_list":["post-9883","page","type-page","status-publish","hentry"],"yoast_head":"<!-- This site is optimized with the Yoast SEO plugin v14.6.1 - https:\/\/yoast.com\/wordpress\/plugins\/seo\/ -->\n<title>L\u00edngua estrangeira (restrito) - FEBRACT<\/title>\n<meta name=\"robots\" content=\"index, follow\" \/>\n<meta name=\"googlebot\" content=\"index, follow, max-snippet:-1, max-image-preview:large, max-video-preview:-1\" \/>\n<meta name=\"bingbot\" content=\"index, follow, max-snippet:-1, max-image-preview:large, max-video-preview:-1\" \/>\n<link rel=\"canonical\" href=\"https:\/\/febract.org.br\/portal\/lingua-estrangeira-restrito\/\" \/>\n<meta property=\"og:locale\" content=\"pt_BR\" \/>\n<meta property=\"og:type\" content=\"article\" \/>\n<meta property=\"og:title\" content=\"L\u00edngua estrangeira (restrito) - FEBRACT\" \/>\n<meta property=\"og:description\" content=\"MATERIAL EM L\u00cdNGUA ESTRANGEIRA\" \/>\n<meta property=\"og:url\" content=\"https:\/\/febract.org.br\/portal\/lingua-estrangeira-restrito\/\" \/>\n<meta property=\"og:site_name\" content=\"FEBRACT\" \/>\n<meta property=\"article:publisher\" content=\"https:\/\/www.facebook.com\/FEBRACT\/\" \/>\n<meta property=\"article:modified_time\" content=\"2022-03-10T19:45:15+00:00\" \/>\n<meta name=\"twitter:card\" content=\"summary\" \/>\n<script type=\"application\/ld+json\" class=\"yoast-schema-graph\">{\"@context\":\"https:\/\/schema.org\",\"@graph\":[{\"@type\":\"Organization\",\"@id\":\"https:\/\/febract.org.br\/portal\/#organization\",\"name\":\"Febract - Federa\\u00e7\\u00e3o Brasileira de Comunidades Terap\\u00eauticas\",\"url\":\"https:\/\/febract.org.br\/portal\/\",\"sameAs\":[\"https:\/\/www.facebook.com\/FEBRACT\/\"],\"logo\":{\"@type\":\"ImageObject\",\"@id\":\"https:\/\/febract.org.br\/portal\/#logo\",\"inLanguage\":\"pt-BR\",\"url\":\"https:\/\/febract.org.br\/portal\/wp-content\/uploads\/2016\/01\/footer-logo.jpg\",\"width\":150,\"height\":211,\"caption\":\"Febract - Federa\\u00e7\\u00e3o Brasileira de Comunidades Terap\\u00eauticas\"},\"image\":{\"@id\":\"https:\/\/febract.org.br\/portal\/#logo\"}},{\"@type\":\"WebSite\",\"@id\":\"https:\/\/febract.org.br\/portal\/#website\",\"url\":\"https:\/\/febract.org.br\/portal\/\",\"name\":\"FEBRACT\",\"description\":\"Federa\\u00e7\\u00e3o Brasileira  de Comunidades Terap\\u00eauticas. A FEBRACT fundada em 1990, \\u00e9 uma associa\\u00e7\\u00e3o sem fins lucrativos, que tem como Objetivo a realiza\\u00e7\\u00e3o de cursos para quem atua com preven\\u00e7\\u00e3o ao uso de drogas\",\"publisher\":{\"@id\":\"https:\/\/febract.org.br\/portal\/#organization\"},\"potentialAction\":[{\"@type\":\"SearchAction\",\"target\":\"https:\/\/febract.org.br\/portal\/?s={search_term_string}\",\"query-input\":\"required name=search_term_string\"}],\"inLanguage\":\"pt-BR\"},{\"@type\":\"WebPage\",\"@id\":\"https:\/\/febract.org.br\/portal\/lingua-estrangeira-restrito\/#webpage\",\"url\":\"https:\/\/febract.org.br\/portal\/lingua-estrangeira-restrito\/\",\"name\":\"L\\u00edngua estrangeira (restrito) - FEBRACT\",\"isPartOf\":{\"@id\":\"https:\/\/febract.org.br\/portal\/#website\"},\"datePublished\":\"2020-05-22T23:29:42+00:00\",\"dateModified\":\"2022-03-10T19:45:15+00:00\",\"inLanguage\":\"pt-BR\",\"potentialAction\":[{\"@type\":\"ReadAction\",\"target\":[\"https:\/\/febract.org.br\/portal\/lingua-estrangeira-restrito\/\"]}]}]}<\/script>\n<!-- \/ Yoast SEO plugin. -->","_links":{"self":[{"href":"https:\/\/febract.org.br\/portal\/wp-json\/wp\/v2\/pages\/9883","targetHints":{"allow":["GET"]}}],"collection":[{"href":"https:\/\/febract.org.br\/portal\/wp-json\/wp\/v2\/pages"}],"about":[{"href":"https:\/\/febract.org.br\/portal\/wp-json\/wp\/v2\/types\/page"}],"author":[{"embeddable":true,"href":"https:\/\/febract.org.br\/portal\/wp-json\/wp\/v2\/users\/10"}],"replies":[{"embeddable":true,"href":"https:\/\/febract.org.br\/portal\/wp-json\/wp\/v2\/comments?post=9883"}],"version-history":[{"count":3,"href":"https:\/\/febract.org.br\/portal\/wp-json\/wp\/v2\/pages\/9883\/revisions"}],"predecessor-version":[{"id":11350,"href":"https:\/\/febract.org.br\/portal\/wp-json\/wp\/v2\/pages\/9883\/revisions\/11350"}],"wp:attachment":[{"href":"https:\/\/febract.org.br\/portal\/wp-json\/wp\/v2\/media?parent=9883"}],"curies":[{"name":"wp","href":"https:\/\/api.w.org\/{rel}","templated":true}]}}