{"id":9902,"date":"2020-05-27T10:25:13","date_gmt":"2020-05-27T13:25:13","guid":{"rendered":"https:\/\/febract.org.br\/portal\/?page_id=9902"},"modified":"2020-05-27T10:26:28","modified_gmt":"2020-05-27T13:26:28","slug":"transparencia-febract","status":"publish","type":"page","link":"https:\/\/febract.org.br\/portal\/transparencia-febract\/","title":{"rendered":"Transpar\u00eancia FEBRACT"},"content":{"rendered":"<div id=\"fb-root\"><\/div>\n\n<h1 class=\"wp-block-heading\">Transpar\u00eancia FEBRACT<\/h1>\n\n\n<hr \/>\n<p>Nesta se\u00e7\u00e3o est\u00e3o apresentados os documentos devidos para garantir a transpar\u00eancia das atividades da FEBRACT <span style=\"color: #0000ff;\"><strong>fora das a\u00e7\u00f5es no Programa Recome\u00e7o.<\/strong><\/span><\/p>\n<hr \/>\n\n<table id=\"tablepress-9\" class=\"tablepress tablepress-id-9\">\n<thead>\n<tr class=\"row-1 odd\">\n\t<th class=\"column-1\">NOME DO DOCUMENTO<\/th><th class=\"column-2\">LINK PARA DOWNLOAD<\/th>\n<\/tr>\n<\/thead>\n<tbody class=\"row-hover\">\n<tr class=\"row-2 even\">\n\t<td class=\"column-1\">Balan\u00e7o Patrimonial 2022<\/td><td class=\"column-2\"><a href=\"https:\/\/febract.org.br\/portal\/wp-content\/uploads\/2023\/01\/Balan\u00e7o-Patrimonial-2022-1.pdf\" rel=\"noopener noreferrer\" target=\"_blank\">Baixe aqui<\/a><\/td>\n<\/tr>\n<tr class=\"row-3 odd\">\n\t<td class=\"column-1\">Notas explicativas do Balan\u00e7o Patrimonial 2022<\/td><td class=\"column-2\"><a href=\"https:\/\/febract.org.br\/portal\/wp-content\/uploads\/2023\/01\/Balan\u00e7o-Patrimonial-NOTA-EXPLICATIVA-2022-1.pdf\" rel=\"noopener noreferrer\" target=\"_blank\">Baixe aqui<\/a><\/td>\n<\/tr>\n<tr class=\"row-4 even\">\n\t<td class=\"column-1\">Balan\u00e7o Patrimonial 2021<\/td><td class=\"column-2\"><a href=\"https:\/\/febract.org.br\/portal\/wp-content\/uploads\/2022\/04\/1-Balan\u00e7o-Patrimonial-2021.pdf\" rel=\"noopener noreferrer\" target=\"_blank\">Baixe aqui<\/a><\/td>\n<\/tr>\n<tr class=\"row-5 odd\">\n\t<td class=\"column-1\">Notas explicativas do Balan\u00e7o Patrimonial 2021<\/td><td class=\"column-2\"><a href=\"https:\/\/febract.org.br\/portal\/wp-content\/uploads\/2022\/04\/2-Nota-Explicativas-2021.pdf\" rel=\"noopener noreferrer\" target=\"_blank\">Baixe aqui<\/a><\/td>\n<\/tr>\n<tr class=\"row-6 even\">\n\t<td class=\"column-1\">Relat\u00f3rio Estat\u00edstico e Atendimentos de Janeiro de 2021 a Junho de 2021<br \/>\n<\/td><td class=\"column-2\"><a href=\"https:\/\/febract.org.br\/portal\/wp-content\/uploads\/2021\/09\/Relat\u00f3rio-de-Manifesta\u00e7\u00e3o-Ouvidoria.docx-1.pdf\" rel=\"noopener noreferrer\" target=\"_blank\">Baixe aqui<\/a><\/td>\n<\/tr>\n<tr class=\"row-7 odd\">\n\t<td class=\"column-1\">Balan\u00e7o Patrimonial 2020<\/td><td class=\"column-2\"><a href=\"https:\/\/febract.org.br\/portal\/wp-content\/uploads\/2021\/06\/Balanco-Patrimonial-2020.pdf\" rel=\"noopener noreferrer\" target=\"_blank\">Baixe aqui<\/a><\/td>\n<\/tr>\n<tr class=\"row-8 even\">\n\t<td class=\"column-1\">Notas explicativas do Balan\u00e7o Patrimonial 2020<\/td><td class=\"column-2\"><a href=\"https:\/\/febract.org.br\/portal\/wp-content\/uploads\/2021\/06\/Nota-explicativa-2020.pdf\" rel=\"noopener noreferrer\" target=\"_blank\">Baixe aqui<\/a><\/td>\n<\/tr>\n<tr class=\"row-9 odd\">\n\t<td class=\"column-1\">Regulamento de contrata\u00e7\u00e3o pessoal RH 2021-2022<\/td><td class=\"column-2\"><a href=\"https:\/\/febract.org.br\/portal\/wp-content\/uploads\/2022\/03\/7-Regulamento-contratacao-pessoal-RH-2021-2022.pdf\" rel=\"noopener noreferrer\" target=\"_blank\">Baixe aqui<\/a><\/td>\n<\/tr>\n<tr class=\"row-10 even\">\n\t<td class=\"column-1\">Estatuto FEBRACT \u00faltima vers\u00e3o<\/td><td class=\"column-2\"><a href=\"https:\/\/febract.org.br\/portal\/wp-content\/uploads\/2022\/03\/3-Estatuto-FEBRACT-\u00faltima-vers\u00e3o.pdf\" rel=\"noopener noreferrer\" target=\"_blank\">Baixe aqui<\/a><\/td>\n<\/tr>\n<tr class=\"row-11 odd\">\n\t<td class=\"column-1\">Ata de elei\u00e7\u00e3o da diretoria<\/td><td class=\"column-2\"><a href=\"https:\/\/febract.org.br\/portal\/wp-content\/uploads\/2022\/03\/4-Ata-de-elei\u00e7\u00e3o-da-diretoria.pdf\" rel=\"noopener noreferrer\" target=\"_blank\">Baixe aqui<\/a><\/td>\n<\/tr>\n<tr class=\"row-12 even\">\n\t<td class=\"column-1\">Quadro Nominal de Dirigentes 2021-2023<\/td><td class=\"column-2\"><a href=\"https:\/\/febract.org.br\/portal\/wp-content\/uploads\/2022\/03\/5-Quadro-Nominal-de-Dirigentes-2021-2023.pdf\" rel=\"noopener noreferrer\" target=\"_blank\">Baixe aqui<\/a><\/td>\n<\/tr>\n<tr class=\"row-13 odd\">\n\t<td class=\"column-1\">Regulamento de compras e contrata\u00e7\u00f5es 2021-2022<\/td><td class=\"column-2\"><a href=\"https:\/\/febract.org.br\/portal\/wp-content\/uploads\/2022\/03\/6-Regulamento_de_compras_e_contratacoes-2021-2022.pdf\" rel=\"noopener noreferrer\" target=\"_blank\">Baixe aqui<\/a><\/td>\n<\/tr>\n<tr class=\"row-14 even\">\n\t<td class=\"column-1\">Regulamento de compras e contrata\u00e7\u00f5es 2021-2022 (Word)<\/td><td class=\"column-2\"><a href=\"https:\/\/febract.org.br\/portal\/wp-content\/uploads\/2022\/03\/6-Regulamento_de_compras_e_contratacoes-2021-2022.docx\" rel=\"noopener noreferrer\" target=\"_blank\">Baixe aqui<\/a><\/td>\n<\/tr>\n<tr class=\"row-15 odd\">\n\t<td class=\"column-1\">Regulamento de contrata\u00e7\u00e3o pessoal RH 2021-2022 (Word)<\/td><td class=\"column-2\"><a href=\"https:\/\/febract.org.br\/portal\/wp-content\/uploads\/2022\/03\/7-Regulamento-contratacao-pessoal-RH-2021-2022.docx\" rel=\"noopener noreferrer\" target=\"_blank\">Baixe aqui<\/a><\/td>\n<\/tr>\n<\/tbody>\n<\/table>\n<!-- #tablepress-9 from cache -->\n<p>\u00a0<\/p>\n\n\n<p> <\/p>\n","protected":false},"excerpt":{"rendered":"<p>Transpar\u00eancia FEBRACT Nesta se\u00e7\u00e3o est\u00e3o apresentados os documentos devidos para garantir a transpar\u00eancia das atividades da FEBRACT fora das a\u00e7\u00f5es no Programa Recome\u00e7o. \u00a0<\/p>\n","protected":false},"author":10,"featured_media":0,"parent":0,"menu_order":0,"comment_status":"closed","ping_status":"closed","template":"","meta":{"_monsterinsights_skip_tracking":false,"_monsterinsights_sitenote_active":false,"_monsterinsights_sitenote_note":"","_monsterinsights_sitenote_category":0,"footnotes":""},"class_list":["post-9902","page","type-page","status-publish","hentry"],"yoast_head":"<!-- This site is optimized with the Yoast SEO plugin v14.6.1 - https:\/\/yoast.com\/wordpress\/plugins\/seo\/ -->\n<title>Transpar\u00eancia FEBRACT - FEBRACT<\/title>\n<meta name=\"robots\" content=\"index, follow\" \/>\n<meta name=\"googlebot\" content=\"index, follow, max-snippet:-1, max-image-preview:large, max-video-preview:-1\" \/>\n<meta name=\"bingbot\" content=\"index, follow, max-snippet:-1, max-image-preview:large, max-video-preview:-1\" \/>\n<link rel=\"canonical\" href=\"https:\/\/febract.org.br\/portal\/transparencia-febract\/\" \/>\n<meta property=\"og:locale\" content=\"pt_BR\" \/>\n<meta property=\"og:type\" content=\"article\" \/>\n<meta property=\"og:title\" content=\"Transpar\u00eancia FEBRACT - FEBRACT\" \/>\n<meta property=\"og:description\" content=\"Transpar\u00eancia FEBRACT Nesta se\u00e7\u00e3o est\u00e3o apresentados os documentos devidos para garantir a transpar\u00eancia das atividades da FEBRACT fora das a\u00e7\u00f5es no Programa Recome\u00e7o. \u00a0\" \/>\n<meta property=\"og:url\" content=\"https:\/\/febract.org.br\/portal\/transparencia-febract\/\" \/>\n<meta property=\"og:site_name\" content=\"FEBRACT\" \/>\n<meta property=\"article:publisher\" content=\"https:\/\/www.facebook.com\/FEBRACT\/\" \/>\n<meta property=\"article:modified_time\" content=\"2020-05-27T13:26:28+00:00\" \/>\n<meta name=\"twitter:card\" content=\"summary\" \/>\n<script type=\"application\/ld+json\" class=\"yoast-schema-graph\">{\"@context\":\"https:\/\/schema.org\",\"@graph\":[{\"@type\":\"Organization\",\"@id\":\"https:\/\/febract.org.br\/portal\/#organization\",\"name\":\"Febract - Federa\\u00e7\\u00e3o Brasileira de Comunidades Terap\\u00eauticas\",\"url\":\"https:\/\/febract.org.br\/portal\/\",\"sameAs\":[\"https:\/\/www.facebook.com\/FEBRACT\/\"],\"logo\":{\"@type\":\"ImageObject\",\"@id\":\"https:\/\/febract.org.br\/portal\/#logo\",\"inLanguage\":\"pt-BR\",\"url\":\"https:\/\/febract.org.br\/portal\/wp-content\/uploads\/2016\/01\/footer-logo.jpg\",\"width\":150,\"height\":211,\"caption\":\"Febract - Federa\\u00e7\\u00e3o Brasileira de Comunidades Terap\\u00eauticas\"},\"image\":{\"@id\":\"https:\/\/febract.org.br\/portal\/#logo\"}},{\"@type\":\"WebSite\",\"@id\":\"https:\/\/febract.org.br\/portal\/#website\",\"url\":\"https:\/\/febract.org.br\/portal\/\",\"name\":\"FEBRACT\",\"description\":\"Federa\\u00e7\\u00e3o Brasileira  de Comunidades Terap\\u00eauticas. A FEBRACT fundada em 1990, \\u00e9 uma associa\\u00e7\\u00e3o sem fins lucrativos, que tem como Objetivo a realiza\\u00e7\\u00e3o de cursos para quem atua com preven\\u00e7\\u00e3o ao uso de drogas\",\"publisher\":{\"@id\":\"https:\/\/febract.org.br\/portal\/#organization\"},\"potentialAction\":[{\"@type\":\"SearchAction\",\"target\":\"https:\/\/febract.org.br\/portal\/?s={search_term_string}\",\"query-input\":\"required name=search_term_string\"}],\"inLanguage\":\"pt-BR\"},{\"@type\":\"WebPage\",\"@id\":\"https:\/\/febract.org.br\/portal\/transparencia-febract\/#webpage\",\"url\":\"https:\/\/febract.org.br\/portal\/transparencia-febract\/\",\"name\":\"Transpar\\u00eancia FEBRACT - FEBRACT\",\"isPartOf\":{\"@id\":\"https:\/\/febract.org.br\/portal\/#website\"},\"datePublished\":\"2020-05-27T13:25:13+00:00\",\"dateModified\":\"2020-05-27T13:26:28+00:00\",\"inLanguage\":\"pt-BR\",\"potentialAction\":[{\"@type\":\"ReadAction\",\"target\":[\"https:\/\/febract.org.br\/portal\/transparencia-febract\/\"]}]}]}<\/script>\n<!-- \/ Yoast SEO plugin. -->","_links":{"self":[{"href":"https:\/\/febract.org.br\/portal\/wp-json\/wp\/v2\/pages\/9902","targetHints":{"allow":["GET"]}}],"collection":[{"href":"https:\/\/febract.org.br\/portal\/wp-json\/wp\/v2\/pages"}],"about":[{"href":"https:\/\/febract.org.br\/portal\/wp-json\/wp\/v2\/types\/page"}],"author":[{"embeddable":true,"href":"https:\/\/febract.org.br\/portal\/wp-json\/wp\/v2\/users\/10"}],"replies":[{"embeddable":true,"href":"https:\/\/febract.org.br\/portal\/wp-json\/wp\/v2\/comments?post=9902"}],"version-history":[{"count":3,"href":"https:\/\/febract.org.br\/portal\/wp-json\/wp\/v2\/pages\/9902\/revisions"}],"predecessor-version":[{"id":9905,"href":"https:\/\/febract.org.br\/portal\/wp-json\/wp\/v2\/pages\/9902\/revisions\/9905"}],"wp:attachment":[{"href":"https:\/\/febract.org.br\/portal\/wp-json\/wp\/v2\/media?parent=9902"}],"curies":[{"name":"wp","href":"https:\/\/api.w.org\/{rel}","templated":true}]}}